{"id":9778,"date":"2024-01-11T15:33:52","date_gmt":"2024-01-11T14:33:52","guid":{"rendered":"https:\/\/notomahawk.com\/?post_type=product&#038;p=9778"},"modified":"2024-04-09T08:30:34","modified_gmt":"2024-04-09T07:30:34","slug":"eliptica-capsule-kaki","status":"publish","type":"product","link":"https:\/\/notomahawk.com\/index.php\/product\/eliptica-capsule-kaki\/","title":{"rendered":"Eliptica &#8211; capsule kaki"},"content":{"rendered":"<p>Boucles d&rsquo;oreilles Eliptica &#8211; capsule kaki.<\/p>\n<p>Pendentifs et cabochons en r\u00e9sine; clous d&rsquo;oreilles en laiton dor\u00e9 \u00e0 l&rsquo;or fin.<\/p>\n<p>Attention, chaque pendentif kaki est unique et chacun peut pr\u00e9senter des variations de petites marbrures noires. Vous pouvez me pr\u00e9ciser en commentaire de commande si vous les pr\u00e9f\u00e9rez pas ou peu marbr\u00e9s, ou au contraire avec beaucoup de marbrures.<\/p>\n<p>Propos\u00e9es pour oreilles perc\u00e9es uniquement.<\/p>\n<p>6cm\/6g.<\/p>\n","protected":false},"excerpt":{"rendered":"<p>Boucles d&rsquo;oreilles Eliptica &#8211; capsule kaki. Pendentifs et cabochons en r\u00e9sine; clous d&rsquo;oreilles en laiton dor\u00e9 \u00e0 l&rsquo;or fin. Attention, chaque pendentif kaki est unique et chacun peut pr\u00e9senter des variations de petites marbrures noires. Vous pouvez me pr\u00e9ciser en commentaire de commande si vous les pr\u00e9f\u00e9rez pas ou peu marbr\u00e9s, ou au contraire avec [&hellip;]<\/p>\n","protected":false},"featured_media":9747,"comment_status":"open","ping_status":"closed","template":"","meta":{"om_disable_all_campaigns":false,"_monsterinsights_skip_tracking":false,"_monsterinsights_sitenote_active":false,"_monsterinsights_sitenote_note":"","_monsterinsights_sitenote_category":0,"site-sidebar-layout":"default","site-content-layout":"","ast-site-content-layout":"default","site-content-style":"default","site-sidebar-style":"default","ast-global-header-display":"","ast-banner-title-visibility":"","ast-main-header-display":"","ast-hfb-above-header-display":"","ast-hfb-below-header-display":"","ast-hfb-mobile-header-display":"","site-post-title":"","ast-breadcrumbs-content":"","ast-featured-img":"","footer-sml-layout":"","theme-transparent-header-meta":"default","adv-header-id-meta":"","stick-header-meta":"","header-above-stick-meta":"","header-main-stick-meta":"","header-below-stick-meta":"","astra-migrate-meta-layouts":"set","ast-page-background-enabled":"default","ast-page-background-meta":{"desktop":{"background-color":"","background-image":"","background-repeat":"repeat","background-position":"center center","background-size":"auto","background-attachment":"scroll","background-type":"","background-media":"","overlay-type":"","overlay-color":"","overlay-opacity":"","overlay-gradient":""},"tablet":{"background-color":"","background-image":"","background-repeat":"repeat","background-position":"center center","background-size":"auto","background-attachment":"scroll","background-type":"","background-media":"","overlay-type":"","overlay-color":"","overlay-opacity":"","overlay-gradient":""},"mobile":{"background-color":"","background-image":"","background-repeat":"repeat","background-position":"center center","background-size":"auto","background-attachment":"scroll","background-type":"","background-media":"","overlay-type":"","overlay-color":"","overlay-opacity":"","overlay-gradient":""}},"ast-content-background-meta":{"desktop":{"background-color":"var(--ast-global-color-5)","background-image":"","background-repeat":"repeat","background-position":"center center","background-size":"auto","background-attachment":"scroll","background-type":"","background-media":"","overlay-type":"","overlay-color":"","overlay-opacity":"","overlay-gradient":""},"tablet":{"background-color":"var(--ast-global-color-5)","background-image":"","background-repeat":"repeat","background-position":"center center","background-size":"auto","background-attachment":"scroll","background-type":"","background-media":"","overlay-type":"","overlay-color":"","overlay-opacity":"","overlay-gradient":""},"mobile":{"background-color":"var(--ast-global-color-5)","background-image":"","background-repeat":"repeat","background-position":"center center","background-size":"auto","background-attachment":"scroll","background-type":"","background-media":"","overlay-type":"","overlay-color":"","overlay-opacity":"","overlay-gradient":""}}},"product_brand":[],"product_cat":[70],"product_tag":[102,101,146,197,527,169,178,147,92,185,93,151,401,113],"class_list":{"0":"post-9778","1":"product","2":"type-product","3":"status-publish","4":"has-post-thumbnail","6":"product_cat-boucles","7":"product_tag-bijoux","8":"product_tag-bo","9":"product_tag-boucles","10":"product_tag-boucles-doreilles-vintage","11":"product_tag-kaki","12":"product_tag-laiton","13":"product_tag-mode","14":"product_tag-or","15":"product_tag-oreilles","16":"product_tag-percees","17":"product_tag-plaque","18":"product_tag-resine","19":"product_tag-tendance","20":"product_tag-vintage","21":"pa_couleur-kaki-fleur-doree","22":"pa_couleur-kaki-noir","23":"pa_couleur-kaki-vert-cargo","24":"pa_couleur-kaki-vert-olive","25":"desktop-align-center","26":"tablet-align-left","27":"mobile-align-left","29":"first","30":"instock","31":"shipping-taxable","32":"purchasable","33":"product-type-variable","34":"has-default-attributes"},"jetpack-related-posts":[],"jetpack_sharing_enabled":true,"_links":{"self":[{"href":"https:\/\/notomahawk.com\/index.php\/wp-json\/wp\/v2\/product\/9778","targetHints":{"allow":["GET"]}}],"collection":[{"href":"https:\/\/notomahawk.com\/index.php\/wp-json\/wp\/v2\/product"}],"about":[{"href":"https:\/\/notomahawk.com\/index.php\/wp-json\/wp\/v2\/types\/product"}],"replies":[{"embeddable":true,"href":"https:\/\/notomahawk.com\/index.php\/wp-json\/wp\/v2\/comments?post=9778"}],"version-history":[{"count":2,"href":"https:\/\/notomahawk.com\/index.php\/wp-json\/wp\/v2\/product\/9778\/revisions"}],"predecessor-version":[{"id":9791,"href":"https:\/\/notomahawk.com\/index.php\/wp-json\/wp\/v2\/product\/9778\/revisions\/9791"}],"wp:featuredmedia":[{"embeddable":true,"href":"https:\/\/notomahawk.com\/index.php\/wp-json\/wp\/v2\/media\/9747"}],"wp:attachment":[{"href":"https:\/\/notomahawk.com\/index.php\/wp-json\/wp\/v2\/media?parent=9778"}],"wp:term":[{"taxonomy":"product_brand","embeddable":true,"href":"https:\/\/notomahawk.com\/index.php\/wp-json\/wp\/v2\/product_brand?post=9778"},{"taxonomy":"product_cat","embeddable":true,"href":"https:\/\/notomahawk.com\/index.php\/wp-json\/wp\/v2\/product_cat?post=9778"},{"taxonomy":"product_tag","embeddable":true,"href":"https:\/\/notomahawk.com\/index.php\/wp-json\/wp\/v2\/product_tag?post=9778"}],"curies":[{"name":"wp","href":"https:\/\/api.w.org\/{rel}","templated":true}]}}