{"id":8182,"date":"2023-04-04T08:26:55","date_gmt":"2023-04-04T07:26:55","guid":{"rendered":"https:\/\/notomahawk.com\/?post_type=product&#038;p=8182"},"modified":"2026-02-01T11:48:04","modified_gmt":"2026-02-01T10:48:04","slug":"creoles-gemmes-coloris-unis","status":"publish","type":"product","link":"https:\/\/notomahawk.com\/index.php\/product\/creoles-gemmes-coloris-unis\/","title":{"rendered":"Cr\u00e9oles gemmes &#8211; coloris unis"},"content":{"rendered":"<p>Petites cr\u00e9oles \u00e0 gemmes, dor\u00e9es \u00e0 l&rsquo;or fin. Coloris unis.<\/p>\n<p>2cm\/2g.<\/p>\n","protected":false},"excerpt":{"rendered":"<p>Petites cr\u00e9oles \u00e0 gemmes, dor\u00e9es \u00e0 l&rsquo;or fin. Coloris unis. 2cm\/2g.<\/p>\n","protected":false},"featured_media":8043,"comment_status":"open","ping_status":"closed","template":"","meta":{"om_disable_all_campaigns":false,"_monsterinsights_skip_tracking":false,"_monsterinsights_sitenote_active":false,"_monsterinsights_sitenote_note":"","_monsterinsights_sitenote_category":0,"site-sidebar-layout":"default","site-content-layout":"default","ast-site-content-layout":"default","site-content-style":"default","site-sidebar-style":"default","ast-global-header-display":"","ast-banner-title-visibility":"","ast-main-header-display":"","ast-hfb-above-header-display":"","ast-hfb-below-header-display":"","ast-hfb-mobile-header-display":"","site-post-title":"","ast-breadcrumbs-content":"","ast-featured-img":"","footer-sml-layout":"","theme-transparent-header-meta":"default","adv-header-id-meta":"","stick-header-meta":"","header-above-stick-meta":"","header-main-stick-meta":"","header-below-stick-meta":"","astra-migrate-meta-layouts":"set","ast-page-background-enabled":"default","ast-page-background-meta":{"desktop":{"background-color":"","background-image":"","background-repeat":"repeat","background-position":"center center","background-size":"auto","background-attachment":"scroll","background-type":"","background-media":"","overlay-type":"","overlay-color":"","overlay-opacity":"","overlay-gradient":""},"tablet":{"background-color":"","background-image":"","background-repeat":"repeat","background-position":"center center","background-size":"auto","background-attachment":"scroll","background-type":"","background-media":"","overlay-type":"","overlay-color":"","overlay-opacity":"","overlay-gradient":""},"mobile":{"background-color":"","background-image":"","background-repeat":"repeat","background-position":"center center","background-size":"auto","background-attachment":"scroll","background-type":"","background-media":"","overlay-type":"","overlay-color":"","overlay-opacity":"","overlay-gradient":""}},"ast-content-background-meta":{"desktop":{"background-color":"var(--ast-global-color-5)","background-image":"","background-repeat":"repeat","background-position":"center center","background-size":"auto","background-attachment":"scroll","background-type":"","background-media":"","overlay-type":"","overlay-color":"","overlay-opacity":"","overlay-gradient":""},"tablet":{"background-color":"var(--ast-global-color-5)","background-image":"","background-repeat":"repeat","background-position":"center center","background-size":"auto","background-attachment":"scroll","background-type":"","background-media":"","overlay-type":"","overlay-color":"","overlay-opacity":"","overlay-gradient":""},"mobile":{"background-color":"var(--ast-global-color-5)","background-image":"","background-repeat":"repeat","background-position":"center center","background-size":"auto","background-attachment":"scroll","background-type":"","background-media":"","overlay-type":"","overlay-color":"","overlay-opacity":"","overlay-gradient":""}}},"product_brand":[],"product_cat":[70],"product_tag":[102,101,146,204,178,147,92,150,93],"class_list":{"0":"post-8182","1":"product","2":"type-product","3":"status-publish","4":"has-post-thumbnail","6":"product_cat-boucles","7":"product_tag-bijoux","8":"product_tag-bo","9":"product_tag-boucles","10":"product_tag-creoles","11":"product_tag-mode","12":"product_tag-or","13":"product_tag-oreilles","14":"product_tag-pierres","15":"product_tag-plaque","16":"pa_couleur-blanc","17":"pa_couleur-jaune-pale","18":"pa_couleur-noir","19":"pa_couleur-rouge-bordeaux","20":"pa_couleur-emeraude","21":"pa_couleur-vert-kaki","22":"pa_couleur-bleu-gris-jean","23":"pa_couleur-bleu-nuit","24":"pa_couleur-vert-deau","25":"desktop-align-center","26":"tablet-align-left","27":"mobile-align-left","29":"first","30":"instock","31":"shipping-taxable","32":"purchasable","33":"product-type-variable","34":"has-default-attributes"},"jetpack-related-posts":[],"jetpack_sharing_enabled":true,"_links":{"self":[{"href":"https:\/\/notomahawk.com\/index.php\/wp-json\/wp\/v2\/product\/8182","targetHints":{"allow":["GET"]}}],"collection":[{"href":"https:\/\/notomahawk.com\/index.php\/wp-json\/wp\/v2\/product"}],"about":[{"href":"https:\/\/notomahawk.com\/index.php\/wp-json\/wp\/v2\/types\/product"}],"replies":[{"embeddable":true,"href":"https:\/\/notomahawk.com\/index.php\/wp-json\/wp\/v2\/comments?post=8182"}],"version-history":[{"count":3,"href":"https:\/\/notomahawk.com\/index.php\/wp-json\/wp\/v2\/product\/8182\/revisions"}],"predecessor-version":[{"id":10767,"href":"https:\/\/notomahawk.com\/index.php\/wp-json\/wp\/v2\/product\/8182\/revisions\/10767"}],"wp:featuredmedia":[{"embeddable":true,"href":"https:\/\/notomahawk.com\/index.php\/wp-json\/wp\/v2\/media\/8043"}],"wp:attachment":[{"href":"https:\/\/notomahawk.com\/index.php\/wp-json\/wp\/v2\/media?parent=8182"}],"wp:term":[{"taxonomy":"product_brand","embeddable":true,"href":"https:\/\/notomahawk.com\/index.php\/wp-json\/wp\/v2\/product_brand?post=8182"},{"taxonomy":"product_cat","embeddable":true,"href":"https:\/\/notomahawk.com\/index.php\/wp-json\/wp\/v2\/product_cat?post=8182"},{"taxonomy":"product_tag","embeddable":true,"href":"https:\/\/notomahawk.com\/index.php\/wp-json\/wp\/v2\/product_tag?post=8182"}],"curies":[{"name":"wp","href":"https:\/\/api.w.org\/{rel}","templated":true}]}}