{"id":7738,"date":"2023-02-27T18:33:19","date_gmt":"2023-02-27T17:33:19","guid":{"rendered":"https:\/\/notomahawk.com\/?post_type=product&#038;p=7738"},"modified":"2024-11-06T08:20:31","modified_gmt":"2024-11-06T07:20:31","slug":"aquarelle-vert-sauge-mat","status":"publish","type":"product","link":"https:\/\/notomahawk.com\/index.php\/product\/aquarelle-vert-sauge-mat\/","title":{"rendered":"Aquarelle &#8211; s\u00e9lection mate"},"content":{"rendered":"<p>Boucles d&rsquo;oreilles \u00ab\u00a0Aquarelle\u00a0\u00bb. Coloris mats.<\/p>\n<p>P\u00e9tales en acrylique et cr\u00e9oles en laiton dor\u00e9 \u00e0 l&rsquo;or fin.<\/p>\n<p>Propos\u00e9es pour oreilles perc\u00e9es ou non perc\u00e9es (s\u00e9lectionner dans le menu d\u00e9roulant).<\/p>\n<p>6,5cm\/5g.<\/p>\n","protected":false},"excerpt":{"rendered":"<p>Boucles d&rsquo;oreilles \u00ab\u00a0Aquarelle\u00a0\u00bb. Coloris mats. P\u00e9tales en acrylique et cr\u00e9oles en laiton dor\u00e9 \u00e0 l&rsquo;or fin. Propos\u00e9es pour oreilles perc\u00e9es ou non perc\u00e9es (s\u00e9lectionner dans le menu d\u00e9roulant). 6,5cm\/5g.<\/p>\n","protected":false},"featured_media":7882,"comment_status":"open","ping_status":"closed","template":"","meta":{"om_disable_all_campaigns":false,"_monsterinsights_skip_tracking":false,"_monsterinsights_sitenote_active":false,"_monsterinsights_sitenote_note":"","_monsterinsights_sitenote_category":0,"site-sidebar-layout":"default","site-content-layout":"default","ast-site-content-layout":"default","site-content-style":"default","site-sidebar-style":"default","ast-global-header-display":"","ast-banner-title-visibility":"","ast-main-header-display":"","ast-hfb-above-header-display":"","ast-hfb-below-header-display":"","ast-hfb-mobile-header-display":"","site-post-title":"","ast-breadcrumbs-content":"","ast-featured-img":"","footer-sml-layout":"","theme-transparent-header-meta":"default","adv-header-id-meta":"","stick-header-meta":"","header-above-stick-meta":"","header-main-stick-meta":"","header-below-stick-meta":"","astra-migrate-meta-layouts":"set","ast-page-background-enabled":"default","ast-page-background-meta":{"desktop":{"background-color":"","background-image":"","background-repeat":"repeat","background-position":"center center","background-size":"auto","background-attachment":"scroll","background-type":"","background-media":"","overlay-type":"","overlay-color":"","overlay-opacity":"","overlay-gradient":""},"tablet":{"background-color":"","background-image":"","background-repeat":"repeat","background-position":"center center","background-size":"auto","background-attachment":"scroll","background-type":"","background-media":"","overlay-type":"","overlay-color":"","overlay-opacity":"","overlay-gradient":""},"mobile":{"background-color":"","background-image":"","background-repeat":"repeat","background-position":"center center","background-size":"auto","background-attachment":"scroll","background-type":"","background-media":"","overlay-type":"","overlay-color":"","overlay-opacity":"","overlay-gradient":""}},"ast-content-background-meta":{"desktop":{"background-color":"var(--ast-global-color-5)","background-image":"","background-repeat":"repeat","background-position":"center center","background-size":"auto","background-attachment":"scroll","background-type":"","background-media":"","overlay-type":"","overlay-color":"","overlay-opacity":"","overlay-gradient":""},"tablet":{"background-color":"var(--ast-global-color-5)","background-image":"","background-repeat":"repeat","background-position":"center center","background-size":"auto","background-attachment":"scroll","background-type":"","background-media":"","overlay-type":"","overlay-color":"","overlay-opacity":"","overlay-gradient":""},"mobile":{"background-color":"var(--ast-global-color-5)","background-image":"","background-repeat":"repeat","background-position":"center center","background-size":"auto","background-attachment":"scroll","background-type":"","background-media":"","overlay-type":"","overlay-color":"","overlay-opacity":"","overlay-gradient":""}}},"product_brand":[],"product_cat":[70],"product_tag":[199,102,101,146,263,204,383,169,178,147,384,93,151],"class_list":{"0":"post-7738","1":"product","2":"type-product","3":"status-publish","4":"has-post-thumbnail","6":"product_cat-boucles","7":"product_tag-acrylique","8":"product_tag-bijoux","9":"product_tag-bo","10":"product_tag-boucles","11":"product_tag-clips","12":"product_tag-creoles","13":"product_tag-fleurs","14":"product_tag-laiton","15":"product_tag-mode","16":"product_tag-or","17":"product_tag-petales","18":"product_tag-plaque","19":"product_tag-resine","20":"pa_couleur-ecru-mat","21":"pa_couleur-beige-taupe-mat","22":"pa_couleur-bleu-gris-mat","23":"pa_couleur-vert-sauge-mat","24":"desktop-align-center","25":"tablet-align-left","26":"mobile-align-left","28":"first","29":"instock","30":"shipping-taxable","31":"purchasable","32":"product-type-variable","33":"has-default-attributes"},"jetpack-related-posts":[],"jetpack_sharing_enabled":true,"_links":{"self":[{"href":"https:\/\/notomahawk.com\/index.php\/wp-json\/wp\/v2\/product\/7738","targetHints":{"allow":["GET"]}}],"collection":[{"href":"https:\/\/notomahawk.com\/index.php\/wp-json\/wp\/v2\/product"}],"about":[{"href":"https:\/\/notomahawk.com\/index.php\/wp-json\/wp\/v2\/types\/product"}],"replies":[{"embeddable":true,"href":"https:\/\/notomahawk.com\/index.php\/wp-json\/wp\/v2\/comments?post=7738"}],"version-history":[{"count":3,"href":"https:\/\/notomahawk.com\/index.php\/wp-json\/wp\/v2\/product\/7738\/revisions"}],"predecessor-version":[{"id":8124,"href":"https:\/\/notomahawk.com\/index.php\/wp-json\/wp\/v2\/product\/7738\/revisions\/8124"}],"wp:featuredmedia":[{"embeddable":true,"href":"https:\/\/notomahawk.com\/index.php\/wp-json\/wp\/v2\/media\/7882"}],"wp:attachment":[{"href":"https:\/\/notomahawk.com\/index.php\/wp-json\/wp\/v2\/media?parent=7738"}],"wp:term":[{"taxonomy":"product_brand","embeddable":true,"href":"https:\/\/notomahawk.com\/index.php\/wp-json\/wp\/v2\/product_brand?post=7738"},{"taxonomy":"product_cat","embeddable":true,"href":"https:\/\/notomahawk.com\/index.php\/wp-json\/wp\/v2\/product_cat?post=7738"},{"taxonomy":"product_tag","embeddable":true,"href":"https:\/\/notomahawk.com\/index.php\/wp-json\/wp\/v2\/product_tag?post=7738"}],"curies":[{"name":"wp","href":"https:\/\/api.w.org\/{rel}","templated":true}]}}