{"id":6553,"date":"2022-12-04T16:04:58","date_gmt":"2022-12-04T15:04:58","guid":{"rendered":"https:\/\/notomahawk.com\/?post_type=product&#038;p=6553"},"modified":"2025-07-13T09:24:41","modified_gmt":"2025-07-13T08:24:41","slug":"margot-bagues","status":"publish","type":"product","link":"https:\/\/notomahawk.com\/index.php\/product\/margot-bagues\/","title":{"rendered":"Margot &#8211; bagues"},"content":{"rendered":"<p>Bagues \u00ab\u00a0Margot\u00a0\u00bb dor\u00e9es \u00e0 l&rsquo;or fin. Cabochons ovales de pierres v\u00e9ritables (malachite, lapis lazuli ou nacre naturelle).<\/p>\n<p>R\u00e9glables (ne conviennent cependant pas \u00e0 des doigts forts).<\/p>\n","protected":false},"excerpt":{"rendered":"<p>Bagues \u00ab\u00a0Margot\u00a0\u00bb dor\u00e9es \u00e0 l&rsquo;or fin. Cabochons ovales de pierres v\u00e9ritables (malachite, lapis lazuli ou nacre naturelle). R\u00e9glables (ne conviennent cependant pas \u00e0 des doigts forts).<\/p>\n","protected":false},"featured_media":6337,"comment_status":"open","ping_status":"closed","template":"","meta":{"om_disable_all_campaigns":false,"_monsterinsights_skip_tracking":false,"_monsterinsights_sitenote_active":false,"_monsterinsights_sitenote_note":"","_monsterinsights_sitenote_category":0,"site-sidebar-layout":"default","site-content-layout":"default","ast-site-content-layout":"default","site-content-style":"default","site-sidebar-style":"default","ast-global-header-display":"","ast-banner-title-visibility":"","ast-main-header-display":"","ast-hfb-above-header-display":"","ast-hfb-below-header-display":"","ast-hfb-mobile-header-display":"","site-post-title":"","ast-breadcrumbs-content":"","ast-featured-img":"","footer-sml-layout":"","theme-transparent-header-meta":"default","adv-header-id-meta":"","stick-header-meta":"","header-above-stick-meta":"","header-main-stick-meta":"","header-below-stick-meta":"","astra-migrate-meta-layouts":"set","ast-page-background-enabled":"default","ast-page-background-meta":{"desktop":{"background-color":"","background-image":"","background-repeat":"repeat","background-position":"center center","background-size":"auto","background-attachment":"scroll","background-type":"","background-media":"","overlay-type":"","overlay-color":"","overlay-opacity":"","overlay-gradient":""},"tablet":{"background-color":"","background-image":"","background-repeat":"repeat","background-position":"center center","background-size":"auto","background-attachment":"scroll","background-type":"","background-media":"","overlay-type":"","overlay-color":"","overlay-opacity":"","overlay-gradient":""},"mobile":{"background-color":"","background-image":"","background-repeat":"repeat","background-position":"center center","background-size":"auto","background-attachment":"scroll","background-type":"","background-media":"","overlay-type":"","overlay-color":"","overlay-opacity":"","overlay-gradient":""}},"ast-content-background-meta":{"desktop":{"background-color":"var(--ast-global-color-5)","background-image":"","background-repeat":"repeat","background-position":"center center","background-size":"auto","background-attachment":"scroll","background-type":"","background-media":"","overlay-type":"","overlay-color":"","overlay-opacity":"","overlay-gradient":""},"tablet":{"background-color":"var(--ast-global-color-5)","background-image":"","background-repeat":"repeat","background-position":"center center","background-size":"auto","background-attachment":"scroll","background-type":"","background-media":"","overlay-type":"","overlay-color":"","overlay-opacity":"","overlay-gradient":""},"mobile":{"background-color":"var(--ast-global-color-5)","background-image":"","background-repeat":"repeat","background-position":"center center","background-size":"auto","background-attachment":"scroll","background-type":"","background-media":"","overlay-type":"","overlay-color":"","overlay-opacity":"","overlay-gradient":""}}},"product_brand":[],"product_cat":[575],"product_tag":[268,102,373,178,260,147,150,93,374],"class_list":{"0":"post-6553","1":"product","2":"type-product","3":"status-publish","4":"has-post-thumbnail","6":"product_cat-bagues","7":"product_tag-bague","8":"product_tag-bijoux","9":"product_tag-cabochon","10":"product_tag-mode","11":"product_tag-naturelles","12":"product_tag-or","13":"product_tag-pierres","14":"product_tag-plaque","15":"product_tag-reglable","16":"pa_couleur-lapis-lazuli-bleu","17":"pa_couleur-malachite-verte","18":"pa_couleur-nacre-blanche-naturelle","19":"pa_couleur-onyx-noir","20":"desktop-align-center","21":"tablet-align-left","22":"mobile-align-left","24":"first","25":"instock","26":"shipping-taxable","27":"purchasable","28":"product-type-variable"},"jetpack-related-posts":[],"jetpack_sharing_enabled":true,"_links":{"self":[{"href":"https:\/\/notomahawk.com\/index.php\/wp-json\/wp\/v2\/product\/6553","targetHints":{"allow":["GET"]}}],"collection":[{"href":"https:\/\/notomahawk.com\/index.php\/wp-json\/wp\/v2\/product"}],"about":[{"href":"https:\/\/notomahawk.com\/index.php\/wp-json\/wp\/v2\/types\/product"}],"replies":[{"embeddable":true,"href":"https:\/\/notomahawk.com\/index.php\/wp-json\/wp\/v2\/comments?post=6553"}],"version-history":[{"count":4,"href":"https:\/\/notomahawk.com\/index.php\/wp-json\/wp\/v2\/product\/6553\/revisions"}],"predecessor-version":[{"id":10876,"href":"https:\/\/notomahawk.com\/index.php\/wp-json\/wp\/v2\/product\/6553\/revisions\/10876"}],"wp:featuredmedia":[{"embeddable":true,"href":"https:\/\/notomahawk.com\/index.php\/wp-json\/wp\/v2\/media\/6337"}],"wp:attachment":[{"href":"https:\/\/notomahawk.com\/index.php\/wp-json\/wp\/v2\/media?parent=6553"}],"wp:term":[{"taxonomy":"product_brand","embeddable":true,"href":"https:\/\/notomahawk.com\/index.php\/wp-json\/wp\/v2\/product_brand?post=6553"},{"taxonomy":"product_cat","embeddable":true,"href":"https:\/\/notomahawk.com\/index.php\/wp-json\/wp\/v2\/product_cat?post=6553"},{"taxonomy":"product_tag","embeddable":true,"href":"https:\/\/notomahawk.com\/index.php\/wp-json\/wp\/v2\/product_tag?post=6553"}],"curies":[{"name":"wp","href":"https:\/\/api.w.org\/{rel}","templated":true}]}}