{"id":6251,"date":"2022-11-27T07:49:17","date_gmt":"2022-11-27T06:49:17","guid":{"rendered":"https:\/\/notomahawk.com\/?post_type=product&#038;p=6251"},"modified":"2025-11-19T22:39:08","modified_gmt":"2025-11-19T21:39:08","slug":"raphaelle","status":"publish","type":"product","link":"https:\/\/notomahawk.com\/index.php\/product\/raphaelle\/","title":{"rendered":"Rapha\u00eblle"},"content":{"rendered":"<p>Boucles d&rsquo;oreilles \u00ab\u00a0Rapha\u00eblle\u00a0\u00bb. Perles et cabochons en r\u00e9sine, clous d&rsquo;oreilles en acier inoxydable hypoallerg\u00e9nique.<\/p>\n<p>Propos\u00e9es \u00e0 clous pour oreilles perc\u00e9es et \u00e0 clips pour oreilles perc\u00e9es: d\u00e9tails de ces clips visualisables dans la variation \u00ab\u00a0\u00c9cru\u00a0\u00bb du menu d\u00e9roulant.<\/p>\n","protected":false},"excerpt":{"rendered":"<p>Boucles d&rsquo;oreilles \u00ab\u00a0Rapha\u00eblle\u00a0\u00bb. Perles et cabochons en r\u00e9sine, clous d&rsquo;oreilles en acier inoxydable hypoallerg\u00e9nique. Propos\u00e9es \u00e0 clous pour oreilles perc\u00e9es et \u00e0 clips pour oreilles perc\u00e9es: d\u00e9tails de ces clips visualisables dans la variation \u00ab\u00a0\u00c9cru\u00a0\u00bb du menu d\u00e9roulant.<\/p>\n","protected":false},"featured_media":6194,"comment_status":"open","ping_status":"closed","template":"","meta":{"om_disable_all_campaigns":false,"_monsterinsights_skip_tracking":false,"_monsterinsights_sitenote_active":false,"_monsterinsights_sitenote_note":"","_monsterinsights_sitenote_category":0,"site-sidebar-layout":"default","site-content-layout":"default","ast-site-content-layout":"","site-content-style":"default","site-sidebar-style":"default","ast-global-header-display":"","ast-banner-title-visibility":"","ast-main-header-display":"","ast-hfb-above-header-display":"","ast-hfb-below-header-display":"","ast-hfb-mobile-header-display":"","site-post-title":"","ast-breadcrumbs-content":"","ast-featured-img":"","footer-sml-layout":"","theme-transparent-header-meta":"default","adv-header-id-meta":"","stick-header-meta":"","header-above-stick-meta":"","header-main-stick-meta":"","header-below-stick-meta":"","astra-migrate-meta-layouts":"default","ast-page-background-enabled":"default","ast-page-background-meta":{"desktop":{"background-color":"","background-image":"","background-repeat":"repeat","background-position":"center center","background-size":"auto","background-attachment":"scroll","background-type":"","background-media":"","overlay-type":"","overlay-color":"","overlay-opacity":"","overlay-gradient":""},"tablet":{"background-color":"","background-image":"","background-repeat":"repeat","background-position":"center center","background-size":"auto","background-attachment":"scroll","background-type":"","background-media":"","overlay-type":"","overlay-color":"","overlay-opacity":"","overlay-gradient":""},"mobile":{"background-color":"","background-image":"","background-repeat":"repeat","background-position":"center center","background-size":"auto","background-attachment":"scroll","background-type":"","background-media":"","overlay-type":"","overlay-color":"","overlay-opacity":"","overlay-gradient":""}},"ast-content-background-meta":{"desktop":{"background-color":"var(--ast-global-color-5)","background-image":"","background-repeat":"repeat","background-position":"center center","background-size":"auto","background-attachment":"scroll","background-type":"","background-media":"","overlay-type":"","overlay-color":"","overlay-opacity":"","overlay-gradient":""},"tablet":{"background-color":"var(--ast-global-color-5)","background-image":"","background-repeat":"repeat","background-position":"center center","background-size":"auto","background-attachment":"scroll","background-type":"","background-media":"","overlay-type":"","overlay-color":"","overlay-opacity":"","overlay-gradient":""},"mobile":{"background-color":"var(--ast-global-color-5)","background-image":"","background-repeat":"repeat","background-position":"center center","background-size":"auto","background-attachment":"scroll","background-type":"","background-media":"","overlay-type":"","overlay-color":"","overlay-opacity":"","overlay-gradient":""}}},"product_brand":[],"product_cat":[70],"product_tag":[216,102,101,146,197,217,266,178,151,113],"class_list":{"0":"post-6251","1":"product","2":"type-product","3":"status-publish","4":"has-post-thumbnail","6":"product_cat-boucles","7":"product_tag-acier","8":"product_tag-bijoux","9":"product_tag-bo","10":"product_tag-boucles","11":"product_tag-boucles-doreilles-vintage","12":"product_tag-chirurgical","13":"product_tag-inoxydable","14":"product_tag-mode","15":"product_tag-resine","16":"product_tag-vintage","17":"pa_couleur-abricot","18":"pa_couleur-ambre","19":"pa_couleur-bleu-denim","20":"pa_couleur-bleu-marine","21":"pa_couleur-ecru","22":"pa_couleur-jaune-moutarde","23":"pa_couleur-noir","24":"pa_couleur-prune","25":"pa_couleur-rosefuchsia","26":"pa_couleur-rosenude","27":"pa_couleur-rougeclair","28":"pa_couleur-sangria","29":"pa_couleur-terracotta","30":"pa_couleur-vert-malachite-marbre","31":"pa_couleur-vert-olive","32":"pa_couleur-violet","33":"desktop-align-center","34":"tablet-align-left","35":"mobile-align-left","37":"first","38":"instock","39":"shipping-taxable","40":"purchasable","41":"product-type-variable","42":"has-default-attributes"},"jetpack-related-posts":[],"jetpack_sharing_enabled":true,"_links":{"self":[{"href":"https:\/\/notomahawk.com\/index.php\/wp-json\/wp\/v2\/product\/6251","targetHints":{"allow":["GET"]}}],"collection":[{"href":"https:\/\/notomahawk.com\/index.php\/wp-json\/wp\/v2\/product"}],"about":[{"href":"https:\/\/notomahawk.com\/index.php\/wp-json\/wp\/v2\/types\/product"}],"replies":[{"embeddable":true,"href":"https:\/\/notomahawk.com\/index.php\/wp-json\/wp\/v2\/comments?post=6251"}],"version-history":[{"count":2,"href":"https:\/\/notomahawk.com\/index.php\/wp-json\/wp\/v2\/product\/6251\/revisions"}],"predecessor-version":[{"id":6253,"href":"https:\/\/notomahawk.com\/index.php\/wp-json\/wp\/v2\/product\/6251\/revisions\/6253"}],"wp:featuredmedia":[{"embeddable":true,"href":"https:\/\/notomahawk.com\/index.php\/wp-json\/wp\/v2\/media\/6194"}],"wp:attachment":[{"href":"https:\/\/notomahawk.com\/index.php\/wp-json\/wp\/v2\/media?parent=6251"}],"wp:term":[{"taxonomy":"product_brand","embeddable":true,"href":"https:\/\/notomahawk.com\/index.php\/wp-json\/wp\/v2\/product_brand?post=6251"},{"taxonomy":"product_cat","embeddable":true,"href":"https:\/\/notomahawk.com\/index.php\/wp-json\/wp\/v2\/product_cat?post=6251"},{"taxonomy":"product_tag","embeddable":true,"href":"https:\/\/notomahawk.com\/index.php\/wp-json\/wp\/v2\/product_tag?post=6251"}],"curies":[{"name":"wp","href":"https:\/\/api.w.org\/{rel}","templated":true}]}}