{"id":4783,"date":"2022-08-18T15:12:44","date_gmt":"2022-08-18T14:12:44","guid":{"rendered":"https:\/\/notomahawk.com\/?post_type=product&#038;p=4783"},"modified":"2025-10-30T18:37:00","modified_gmt":"2025-10-30T17:37:00","slug":"eliptica","status":"publish","type":"product","link":"https:\/\/notomahawk.com\/index.php\/product\/eliptica\/","title":{"rendered":"Eliptica"},"content":{"rendered":"<p>Boucles d&rsquo;oreilles \u00ab\u00a0Eliptica\u00a0\u00bb, style vintage. Pendentifs ovales et cabochons en r\u00e9sine et supports\/ clous d&rsquo;oreilles en laiton dor\u00e9 \u00e0 l&rsquo;or fin.<\/p>\n<p>Propos\u00e9es pour oreilles perc\u00e9es uniquement.<\/p>\n<p>6cm\/7g.<\/p>\n","protected":false},"excerpt":{"rendered":"<p>Boucles d&rsquo;oreilles \u00ab\u00a0Eliptica\u00a0\u00bb, style vintage. Pendentifs ovales et cabochons en r\u00e9sine et supports\/ clous d&rsquo;oreilles en laiton dor\u00e9 \u00e0 l&rsquo;or fin. Propos\u00e9es pour oreilles perc\u00e9es uniquement. 6cm\/7g.<\/p>\n","protected":false},"featured_media":4054,"comment_status":"open","ping_status":"closed","template":"","meta":{"om_disable_all_campaigns":false,"_monsterinsights_skip_tracking":false,"_monsterinsights_sitenote_active":false,"_monsterinsights_sitenote_note":"","_monsterinsights_sitenote_category":0,"site-sidebar-layout":"default","site-content-layout":"default","ast-site-content-layout":"default","site-content-style":"default","site-sidebar-style":"default","ast-global-header-display":"","ast-banner-title-visibility":"","ast-main-header-display":"","ast-hfb-above-header-display":"","ast-hfb-below-header-display":"","ast-hfb-mobile-header-display":"","site-post-title":"","ast-breadcrumbs-content":"","ast-featured-img":"","footer-sml-layout":"","theme-transparent-header-meta":"default","adv-header-id-meta":"","stick-header-meta":"","header-above-stick-meta":"","header-main-stick-meta":"","header-below-stick-meta":"","astra-migrate-meta-layouts":"set","ast-page-background-enabled":"default","ast-page-background-meta":{"desktop":{"background-color":"","background-image":"","background-repeat":"repeat","background-position":"center center","background-size":"auto","background-attachment":"scroll","background-type":"","background-media":"","overlay-type":"","overlay-color":"","overlay-opacity":"","overlay-gradient":""},"tablet":{"background-color":"","background-image":"","background-repeat":"repeat","background-position":"center center","background-size":"auto","background-attachment":"scroll","background-type":"","background-media":"","overlay-type":"","overlay-color":"","overlay-opacity":"","overlay-gradient":""},"mobile":{"background-color":"","background-image":"","background-repeat":"repeat","background-position":"center center","background-size":"auto","background-attachment":"scroll","background-type":"","background-media":"","overlay-type":"","overlay-color":"","overlay-opacity":"","overlay-gradient":""}},"ast-content-background-meta":{"desktop":{"background-color":"var(--ast-global-color-5)","background-image":"","background-repeat":"repeat","background-position":"center center","background-size":"auto","background-attachment":"scroll","background-type":"","background-media":"","overlay-type":"","overlay-color":"","overlay-opacity":"","overlay-gradient":""},"tablet":{"background-color":"var(--ast-global-color-5)","background-image":"","background-repeat":"repeat","background-position":"center center","background-size":"auto","background-attachment":"scroll","background-type":"","background-media":"","overlay-type":"","overlay-color":"","overlay-opacity":"","overlay-gradient":""},"mobile":{"background-color":"var(--ast-global-color-5)","background-image":"","background-repeat":"repeat","background-position":"center center","background-size":"auto","background-attachment":"scroll","background-type":"","background-media":"","overlay-type":"","overlay-color":"","overlay-opacity":"","overlay-gradient":""}}},"product_brand":[],"product_cat":[70],"product_tag":[102,101,146,178,147,92,185,93,151,113],"class_list":{"0":"post-4783","1":"product","2":"type-product","3":"status-publish","4":"has-post-thumbnail","6":"product_cat-boucles","7":"product_tag-bijoux","8":"product_tag-bo","9":"product_tag-boucles","10":"product_tag-mode","11":"product_tag-or","12":"product_tag-oreilles","13":"product_tag-percees","14":"product_tag-plaque","15":"product_tag-resine","16":"product_tag-vintage","17":"pa_couleur-ambre","18":"pa_couleur-bleu-marbre","19":"pa_couleur-bleu-paon","20":"pa_couleur-celadon","21":"pa_couleur-cerise-marbre","22":"pa_couleur-corail","23":"pa_couleur-ecru","24":"pa_couleur-framboise-marbre","25":"pa_couleur-ivoire-marbre","26":"pa_couleur-jaune","27":"pa_couleur-noir-charbon","28":"pa_couleur-noir-reglisse","29":"pa_couleur-prune","30":"pa_couleur-rosefuchsia","31":"pa_couleur-safran-marbre","32":"pa_couleur-sangria","33":"pa_couleur-vert-bouteille-marbre","34":"pa_couleur-vert-printanier","35":"desktop-align-center","36":"tablet-align-left","37":"mobile-align-left","39":"first","40":"instock","41":"shipping-taxable","42":"purchasable","43":"product-type-variable"},"jetpack-related-posts":[],"jetpack_sharing_enabled":true,"_links":{"self":[{"href":"https:\/\/notomahawk.com\/index.php\/wp-json\/wp\/v2\/product\/4783","targetHints":{"allow":["GET"]}}],"collection":[{"href":"https:\/\/notomahawk.com\/index.php\/wp-json\/wp\/v2\/product"}],"about":[{"href":"https:\/\/notomahawk.com\/index.php\/wp-json\/wp\/v2\/types\/product"}],"replies":[{"embeddable":true,"href":"https:\/\/notomahawk.com\/index.php\/wp-json\/wp\/v2\/comments?post=4783"}],"version-history":[{"count":9,"href":"https:\/\/notomahawk.com\/index.php\/wp-json\/wp\/v2\/product\/4783\/revisions"}],"predecessor-version":[{"id":4785,"href":"https:\/\/notomahawk.com\/index.php\/wp-json\/wp\/v2\/product\/4783\/revisions\/4785"}],"wp:featuredmedia":[{"embeddable":true,"href":"https:\/\/notomahawk.com\/index.php\/wp-json\/wp\/v2\/media\/4054"}],"wp:attachment":[{"href":"https:\/\/notomahawk.com\/index.php\/wp-json\/wp\/v2\/media?parent=4783"}],"wp:term":[{"taxonomy":"product_brand","embeddable":true,"href":"https:\/\/notomahawk.com\/index.php\/wp-json\/wp\/v2\/product_brand?post=4783"},{"taxonomy":"product_cat","embeddable":true,"href":"https:\/\/notomahawk.com\/index.php\/wp-json\/wp\/v2\/product_cat?post=4783"},{"taxonomy":"product_tag","embeddable":true,"href":"https:\/\/notomahawk.com\/index.php\/wp-json\/wp\/v2\/product_tag?post=4783"}],"curies":[{"name":"wp","href":"https:\/\/api.w.org\/{rel}","templated":true}]}}