{"id":4614,"date":"2022-07-07T22:38:13","date_gmt":"2022-07-07T21:38:13","guid":{"rendered":"https:\/\/notomahawk.com\/?post_type=product&#038;p=4614"},"modified":"2025-05-09T20:48:57","modified_gmt":"2025-05-09T19:48:57","slug":"tomahawk-perles-et-cabochons-de-resine-nouveautes","status":"publish","type":"product","link":"https:\/\/notomahawk.com\/index.php\/product\/tomahawk-perles-et-cabochons-de-resine-nouveautes\/","title":{"rendered":"Tomahawk (perles et cabochons de r\u00e9sine) &#8211; Capsule Provence"},"content":{"rendered":"<p>Boucles d&rsquo;oreilles \u00ab\u00a0Tomahawk\u00a0\u00bb.<\/p>\n<p>Perles en r\u00e9sine et appr\u00eats, supports et clous en acier inoxydable hypoallerg\u00e9nique.<\/p>\n<p>Mod\u00e8le propos\u00e9 \u00e0 clous pour oreilles perc\u00e9es ou \u00e0 clips pour oreilles non perc\u00e9es (syst\u00e8me clips visualisable sur la photo des Tomahawk en coloris prune) : choisir l&rsquo;option sur le menu d\u00e9roulant.<\/p>\n<p>4cm\/4g.<\/p>\n","protected":false},"excerpt":{"rendered":"<p>Boucles d&rsquo;oreilles \u00ab\u00a0Tomahawk\u00a0\u00bb. Perles en r\u00e9sine et appr\u00eats, supports et clous en acier inoxydable hypoallerg\u00e9nique. Mod\u00e8le propos\u00e9 \u00e0 clous pour oreilles perc\u00e9es ou \u00e0 clips pour oreilles non perc\u00e9es (syst\u00e8me clips visualisable sur la photo des Tomahawk en coloris prune) : choisir l&rsquo;option sur le menu d\u00e9roulant. 4cm\/4g.<\/p>\n","protected":false},"featured_media":3425,"comment_status":"open","ping_status":"closed","template":"","meta":{"om_disable_all_campaigns":false,"_monsterinsights_skip_tracking":false,"_monsterinsights_sitenote_active":false,"_monsterinsights_sitenote_note":"","_monsterinsights_sitenote_category":0,"site-sidebar-layout":"default","site-content-layout":"default","ast-site-content-layout":"default","site-content-style":"default","site-sidebar-style":"default","ast-global-header-display":"","ast-banner-title-visibility":"","ast-main-header-display":"","ast-hfb-above-header-display":"","ast-hfb-below-header-display":"","ast-hfb-mobile-header-display":"","site-post-title":"","ast-breadcrumbs-content":"","ast-featured-img":"","footer-sml-layout":"","theme-transparent-header-meta":"default","adv-header-id-meta":"","stick-header-meta":"","header-above-stick-meta":"","header-main-stick-meta":"","header-below-stick-meta":"","astra-migrate-meta-layouts":"set","ast-page-background-enabled":"default","ast-page-background-meta":{"desktop":{"background-color":"","background-image":"","background-repeat":"repeat","background-position":"center center","background-size":"auto","background-attachment":"scroll","background-type":"","background-media":"","overlay-type":"","overlay-color":"","overlay-opacity":"","overlay-gradient":""},"tablet":{"background-color":"","background-image":"","background-repeat":"repeat","background-position":"center center","background-size":"auto","background-attachment":"scroll","background-type":"","background-media":"","overlay-type":"","overlay-color":"","overlay-opacity":"","overlay-gradient":""},"mobile":{"background-color":"","background-image":"","background-repeat":"repeat","background-position":"center center","background-size":"auto","background-attachment":"scroll","background-type":"","background-media":"","overlay-type":"","overlay-color":"","overlay-opacity":"","overlay-gradient":""}},"ast-content-background-meta":{"desktop":{"background-color":"var(--ast-global-color-5)","background-image":"","background-repeat":"repeat","background-position":"center center","background-size":"auto","background-attachment":"scroll","background-type":"","background-media":"","overlay-type":"","overlay-color":"","overlay-opacity":"","overlay-gradient":""},"tablet":{"background-color":"var(--ast-global-color-5)","background-image":"","background-repeat":"repeat","background-position":"center center","background-size":"auto","background-attachment":"scroll","background-type":"","background-media":"","overlay-type":"","overlay-color":"","overlay-opacity":"","overlay-gradient":""},"mobile":{"background-color":"var(--ast-global-color-5)","background-image":"","background-repeat":"repeat","background-position":"center center","background-size":"auto","background-attachment":"scroll","background-type":"","background-media":"","overlay-type":"","overlay-color":"","overlay-opacity":"","overlay-gradient":""}}},"product_brand":[],"product_cat":[70],"product_tag":[102,101,146,92,112,151,113],"class_list":{"0":"post-4614","1":"product","2":"type-product","3":"status-publish","4":"has-post-thumbnail","6":"product_cat-boucles","7":"product_tag-bijoux","8":"product_tag-bo","9":"product_tag-boucles","10":"product_tag-oreilles","11":"product_tag-perles","12":"product_tag-resine","13":"product_tag-vintage","14":"pa_couleur-corail-rose","15":"pa_couleur-rosefuchsia","16":"pa_couleur-sangria","17":"pa_couleur-turquoise-marbre","18":"pa_couleur-vert-printanier","19":"desktop-align-center","20":"tablet-align-left","21":"mobile-align-left","23":"first","24":"instock","25":"shipping-taxable","26":"purchasable","27":"product-type-variable","28":"has-default-attributes"},"jetpack-related-posts":[],"jetpack_sharing_enabled":true,"_links":{"self":[{"href":"https:\/\/notomahawk.com\/index.php\/wp-json\/wp\/v2\/product\/4614","targetHints":{"allow":["GET"]}}],"collection":[{"href":"https:\/\/notomahawk.com\/index.php\/wp-json\/wp\/v2\/product"}],"about":[{"href":"https:\/\/notomahawk.com\/index.php\/wp-json\/wp\/v2\/types\/product"}],"replies":[{"embeddable":true,"href":"https:\/\/notomahawk.com\/index.php\/wp-json\/wp\/v2\/comments?post=4614"}],"version-history":[{"count":4,"href":"https:\/\/notomahawk.com\/index.php\/wp-json\/wp\/v2\/product\/4614\/revisions"}],"predecessor-version":[{"id":4725,"href":"https:\/\/notomahawk.com\/index.php\/wp-json\/wp\/v2\/product\/4614\/revisions\/4725"}],"wp:featuredmedia":[{"embeddable":true,"href":"https:\/\/notomahawk.com\/index.php\/wp-json\/wp\/v2\/media\/3425"}],"wp:attachment":[{"href":"https:\/\/notomahawk.com\/index.php\/wp-json\/wp\/v2\/media?parent=4614"}],"wp:term":[{"taxonomy":"product_brand","embeddable":true,"href":"https:\/\/notomahawk.com\/index.php\/wp-json\/wp\/v2\/product_brand?post=4614"},{"taxonomy":"product_cat","embeddable":true,"href":"https:\/\/notomahawk.com\/index.php\/wp-json\/wp\/v2\/product_cat?post=4614"},{"taxonomy":"product_tag","embeddable":true,"href":"https:\/\/notomahawk.com\/index.php\/wp-json\/wp\/v2\/product_tag?post=4614"}],"curies":[{"name":"wp","href":"https:\/\/api.w.org\/{rel}","templated":true}]}}