{"id":14516,"date":"2026-04-26T17:25:40","date_gmt":"2026-04-26T16:25:40","guid":{"rendered":"https:\/\/notomahawk.com\/?post_type=product&#038;p=14516"},"modified":"2026-04-26T17:34:35","modified_gmt":"2026-04-26T16:34:35","slug":"helia","status":"publish","type":"product","link":"https:\/\/notomahawk.com\/index.php\/product\/helia\/","title":{"rendered":"H\u00e9lia"},"content":{"rendered":"<p>Boucles d&rsquo;oreilles \u00ab\u00a0H\u00e9lia\u00a0\u00bb.<\/p>\n<p>Soleils en ac\u00e9tate et cr\u00e9oles en acier inoxydable.<\/p>\n<p>D\u00e9clin\u00e9es en 2 coloris: jaune et papaye marbr\u00e9.<\/p>\n<p>Propos\u00e9es pour oreilles perc\u00e9es (anneaux de 16 ou 20 mm, au choix) ou non perc\u00e9es (syst\u00e8me de cr\u00e9oles clips +2 euros).<\/p>\n<p>3cm\/2g.<\/p>\n","protected":false},"excerpt":{"rendered":"<p>Boucles d&rsquo;oreilles \u00ab\u00a0H\u00e9lia\u00a0\u00bb. Soleils en ac\u00e9tate et cr\u00e9oles en acier inoxydable. D\u00e9clin\u00e9es en 2 coloris: jaune et papaye marbr\u00e9. Propos\u00e9es pour oreilles perc\u00e9es (anneaux de 16 ou 20 mm, au choix) ou non perc\u00e9es (syst\u00e8me de cr\u00e9oles clips +2 euros). 3cm\/2g.<\/p>\n","protected":false},"featured_media":14413,"comment_status":"open","ping_status":"closed","template":"","meta":{"om_disable_all_campaigns":false,"_monsterinsights_skip_tracking":false,"_monsterinsights_sitenote_active":false,"_monsterinsights_sitenote_note":"","_monsterinsights_sitenote_category":0,"site-sidebar-layout":"default","site-content-layout":"","ast-site-content-layout":"default","site-content-style":"default","site-sidebar-style":"default","ast-global-header-display":"","ast-banner-title-visibility":"","ast-main-header-display":"","ast-hfb-above-header-display":"","ast-hfb-below-header-display":"","ast-hfb-mobile-header-display":"","site-post-title":"","ast-breadcrumbs-content":"","ast-featured-img":"","footer-sml-layout":"","theme-transparent-header-meta":"default","adv-header-id-meta":"","stick-header-meta":"","header-above-stick-meta":"","header-main-stick-meta":"","header-below-stick-meta":"","astra-migrate-meta-layouts":"set","ast-page-background-enabled":"default","ast-page-background-meta":{"desktop":{"background-color":"","background-image":"","background-repeat":"repeat","background-position":"center center","background-size":"auto","background-attachment":"scroll","background-type":"","background-media":"","overlay-type":"","overlay-color":"","overlay-opacity":"","overlay-gradient":""},"tablet":{"background-color":"","background-image":"","background-repeat":"repeat","background-position":"center center","background-size":"auto","background-attachment":"scroll","background-type":"","background-media":"","overlay-type":"","overlay-color":"","overlay-opacity":"","overlay-gradient":""},"mobile":{"background-color":"","background-image":"","background-repeat":"repeat","background-position":"center center","background-size":"auto","background-attachment":"scroll","background-type":"","background-media":"","overlay-type":"","overlay-color":"","overlay-opacity":"","overlay-gradient":""}},"ast-content-background-meta":{"desktop":{"background-color":"var(--ast-global-color-5)","background-image":"","background-repeat":"repeat","background-position":"center center","background-size":"auto","background-attachment":"scroll","background-type":"","background-media":"","overlay-type":"","overlay-color":"","overlay-opacity":"","overlay-gradient":""},"tablet":{"background-color":"var(--ast-global-color-5)","background-image":"","background-repeat":"repeat","background-position":"center center","background-size":"auto","background-attachment":"scroll","background-type":"","background-media":"","overlay-type":"","overlay-color":"","overlay-opacity":"","overlay-gradient":""},"mobile":{"background-color":"var(--ast-global-color-5)","background-image":"","background-repeat":"repeat","background-position":"center center","background-size":"auto","background-attachment":"scroll","background-type":"","background-media":"","overlay-type":"","overlay-color":"","overlay-opacity":"","overlay-gradient":""}}},"product_brand":[],"product_cat":[70],"product_tag":[264,216,102,101,146,197,263,204,342,210,266,425,178,92,185,112,786,787,401,113],"class_list":{"0":"post-14516","1":"product","2":"type-product","3":"status-publish","4":"has-post-thumbnail","6":"product_cat-boucles","7":"product_tag-acetate","8":"product_tag-acier","9":"product_tag-bijoux","10":"product_tag-bo","11":"product_tag-boucles","12":"product_tag-boucles-doreilles-vintage","13":"product_tag-clips","14":"product_tag-creoles","15":"product_tag-dore","16":"product_tag-elegance","17":"product_tag-inoxydable","18":"product_tag-mini","19":"product_tag-mode","20":"product_tag-oreilles","21":"product_tag-percees","22":"product_tag-perles","23":"product_tag-soleil","24":"product_tag-soleils","25":"product_tag-tendance","26":"product_tag-vintage","27":"pa_couleur-jaune","28":"pa_couleur-papaye-marbre","29":"desktop-align-center","30":"tablet-align-left","31":"mobile-align-left","33":"first","34":"instock","35":"shipping-taxable","36":"purchasable","37":"product-type-variable"},"jetpack-related-posts":[],"jetpack_sharing_enabled":true,"_links":{"self":[{"href":"https:\/\/notomahawk.com\/index.php\/wp-json\/wp\/v2\/product\/14516","targetHints":{"allow":["GET"]}}],"collection":[{"href":"https:\/\/notomahawk.com\/index.php\/wp-json\/wp\/v2\/product"}],"about":[{"href":"https:\/\/notomahawk.com\/index.php\/wp-json\/wp\/v2\/types\/product"}],"replies":[{"embeddable":true,"href":"https:\/\/notomahawk.com\/index.php\/wp-json\/wp\/v2\/comments?post=14516"}],"version-history":[{"count":1,"href":"https:\/\/notomahawk.com\/index.php\/wp-json\/wp\/v2\/product\/14516\/revisions"}],"predecessor-version":[{"id":14535,"href":"https:\/\/notomahawk.com\/index.php\/wp-json\/wp\/v2\/product\/14516\/revisions\/14535"}],"wp:featuredmedia":[{"embeddable":true,"href":"https:\/\/notomahawk.com\/index.php\/wp-json\/wp\/v2\/media\/14413"}],"wp:attachment":[{"href":"https:\/\/notomahawk.com\/index.php\/wp-json\/wp\/v2\/media?parent=14516"}],"wp:term":[{"taxonomy":"product_brand","embeddable":true,"href":"https:\/\/notomahawk.com\/index.php\/wp-json\/wp\/v2\/product_brand?post=14516"},{"taxonomy":"product_cat","embeddable":true,"href":"https:\/\/notomahawk.com\/index.php\/wp-json\/wp\/v2\/product_cat?post=14516"},{"taxonomy":"product_tag","embeddable":true,"href":"https:\/\/notomahawk.com\/index.php\/wp-json\/wp\/v2\/product_tag?post=14516"}],"curies":[{"name":"wp","href":"https:\/\/api.w.org\/{rel}","templated":true}]}}