{"id":14487,"date":"2026-04-26T16:46:24","date_gmt":"2026-04-26T15:46:24","guid":{"rendered":"https:\/\/notomahawk.com\/?post_type=product&#038;p=14487"},"modified":"2026-04-26T17:38:06","modified_gmt":"2026-04-26T16:38:06","slug":"romy","status":"publish","type":"product","link":"https:\/\/notomahawk.com\/index.php\/product\/romy\/","title":{"rendered":"Romy"},"content":{"rendered":"<p>Boucles d&rsquo;oreilles \u00ab\u00a0Romy\u00a0\u00bb.<\/p>\n<p>Marguerites en ac\u00e9tate et cr\u00e9oles en acier inoxydable.<\/p>\n<p>D\u00e9clin\u00e9es en 4 coloris: l\u00e9opard, papaye marbr\u00e9, rose paillet\u00e9 et vert sauge.<\/p>\n<p>Propos\u00e9es pour oreilles perc\u00e9es (anneaux de 16 ou 20 mm, au choix) ou non perc\u00e9es (syst\u00e8me de cr\u00e9oles clips +2euros).<\/p>\n<p>3cm\/2g.<\/p>\n","protected":false},"excerpt":{"rendered":"<p>Boucles d&rsquo;oreilles \u00ab\u00a0Romy\u00a0\u00bb. Marguerites en ac\u00e9tate et cr\u00e9oles en acier inoxydable. D\u00e9clin\u00e9es en 4 coloris: l\u00e9opard, papaye marbr\u00e9, rose paillet\u00e9 et vert sauge. Propos\u00e9es pour oreilles perc\u00e9es (anneaux de 16 ou 20 mm, au choix) ou non perc\u00e9es (syst\u00e8me de cr\u00e9oles clips +2euros). 3cm\/2g.<\/p>\n","protected":false},"featured_media":14414,"comment_status":"open","ping_status":"closed","template":"","meta":{"om_disable_all_campaigns":false,"_monsterinsights_skip_tracking":false,"_monsterinsights_sitenote_active":false,"_monsterinsights_sitenote_note":"","_monsterinsights_sitenote_category":0,"site-sidebar-layout":"default","site-content-layout":"","ast-site-content-layout":"default","site-content-style":"default","site-sidebar-style":"default","ast-global-header-display":"","ast-banner-title-visibility":"","ast-main-header-display":"","ast-hfb-above-header-display":"","ast-hfb-below-header-display":"","ast-hfb-mobile-header-display":"","site-post-title":"","ast-breadcrumbs-content":"","ast-featured-img":"","footer-sml-layout":"","theme-transparent-header-meta":"default","adv-header-id-meta":"","stick-header-meta":"","header-above-stick-meta":"","header-main-stick-meta":"","header-below-stick-meta":"","astra-migrate-meta-layouts":"set","ast-page-background-enabled":"default","ast-page-background-meta":{"desktop":{"background-color":"","background-image":"","background-repeat":"repeat","background-position":"center center","background-size":"auto","background-attachment":"scroll","background-type":"","background-media":"","overlay-type":"","overlay-color":"","overlay-opacity":"","overlay-gradient":""},"tablet":{"background-color":"","background-image":"","background-repeat":"repeat","background-position":"center center","background-size":"auto","background-attachment":"scroll","background-type":"","background-media":"","overlay-type":"","overlay-color":"","overlay-opacity":"","overlay-gradient":""},"mobile":{"background-color":"","background-image":"","background-repeat":"repeat","background-position":"center center","background-size":"auto","background-attachment":"scroll","background-type":"","background-media":"","overlay-type":"","overlay-color":"","overlay-opacity":"","overlay-gradient":""}},"ast-content-background-meta":{"desktop":{"background-color":"var(--ast-global-color-5)","background-image":"","background-repeat":"repeat","background-position":"center center","background-size":"auto","background-attachment":"scroll","background-type":"","background-media":"","overlay-type":"","overlay-color":"","overlay-opacity":"","overlay-gradient":""},"tablet":{"background-color":"var(--ast-global-color-5)","background-image":"","background-repeat":"repeat","background-position":"center center","background-size":"auto","background-attachment":"scroll","background-type":"","background-media":"","overlay-type":"","overlay-color":"","overlay-opacity":"","overlay-gradient":""},"mobile":{"background-color":"var(--ast-global-color-5)","background-image":"","background-repeat":"repeat","background-position":"center center","background-size":"auto","background-attachment":"scroll","background-type":"","background-media":"","overlay-type":"","overlay-color":"","overlay-opacity":"","overlay-gradient":""}}},"product_brand":[],"product_cat":[70],"product_tag":[264,216,102,101,146,197,263,204,342,210,383,266,425,178,92,185,112,401,113],"class_list":{"0":"post-14487","1":"product","2":"type-product","3":"status-publish","4":"has-post-thumbnail","6":"product_cat-boucles","7":"product_tag-acetate","8":"product_tag-acier","9":"product_tag-bijoux","10":"product_tag-bo","11":"product_tag-boucles","12":"product_tag-boucles-doreilles-vintage","13":"product_tag-clips","14":"product_tag-creoles","15":"product_tag-dore","16":"product_tag-elegance","17":"product_tag-fleurs","18":"product_tag-inoxydable","19":"product_tag-mini","20":"product_tag-mode","21":"product_tag-oreilles","22":"product_tag-percees","23":"product_tag-perles","24":"product_tag-tendance","25":"product_tag-vintage","26":"pa_couleur-vert-sauge","27":"pa_couleur-leopard","28":"pa_couleur-papaye-marbre","29":"pa_couleur-rose-paillete","30":"desktop-align-center","31":"tablet-align-left","32":"mobile-align-left","34":"first","35":"instock","36":"shipping-taxable","37":"purchasable","38":"product-type-variable","39":"has-default-attributes"},"jetpack-related-posts":[],"jetpack_sharing_enabled":true,"_links":{"self":[{"href":"https:\/\/notomahawk.com\/index.php\/wp-json\/wp\/v2\/product\/14487","targetHints":{"allow":["GET"]}}],"collection":[{"href":"https:\/\/notomahawk.com\/index.php\/wp-json\/wp\/v2\/product"}],"about":[{"href":"https:\/\/notomahawk.com\/index.php\/wp-json\/wp\/v2\/types\/product"}],"replies":[{"embeddable":true,"href":"https:\/\/notomahawk.com\/index.php\/wp-json\/wp\/v2\/comments?post=14487"}],"version-history":[{"count":2,"href":"https:\/\/notomahawk.com\/index.php\/wp-json\/wp\/v2\/product\/14487\/revisions"}],"predecessor-version":[{"id":14537,"href":"https:\/\/notomahawk.com\/index.php\/wp-json\/wp\/v2\/product\/14487\/revisions\/14537"}],"wp:featuredmedia":[{"embeddable":true,"href":"https:\/\/notomahawk.com\/index.php\/wp-json\/wp\/v2\/media\/14414"}],"wp:attachment":[{"href":"https:\/\/notomahawk.com\/index.php\/wp-json\/wp\/v2\/media?parent=14487"}],"wp:term":[{"taxonomy":"product_brand","embeddable":true,"href":"https:\/\/notomahawk.com\/index.php\/wp-json\/wp\/v2\/product_brand?post=14487"},{"taxonomy":"product_cat","embeddable":true,"href":"https:\/\/notomahawk.com\/index.php\/wp-json\/wp\/v2\/product_cat?post=14487"},{"taxonomy":"product_tag","embeddable":true,"href":"https:\/\/notomahawk.com\/index.php\/wp-json\/wp\/v2\/product_tag?post=14487"}],"curies":[{"name":"wp","href":"https:\/\/api.w.org\/{rel}","templated":true}]}}