{"id":14437,"date":"2026-04-26T14:08:54","date_gmt":"2026-04-26T13:08:54","guid":{"rendered":"https:\/\/notomahawk.com\/?post_type=product&#038;p=14437"},"modified":"2026-04-26T15:01:20","modified_gmt":"2026-04-26T14:01:20","slug":"nerea","status":"publish","type":"product","link":"https:\/\/notomahawk.com\/index.php\/product\/nerea\/","title":{"rendered":"Nerea &#8211; Beige sable"},"content":{"rendered":"<p>Collier \u00ab\u00a0Nerea\u00a0\u00bb.<\/p>\n<p>Perles irr\u00e9guli\u00e8res en r\u00e9sine, pendentif \u00e9toile de mer lisse et appr\u00eats en acier inoxydable. Coloris beige sable.<\/p>\n<p>Taille S\/M: 43 cm + 5 cm de cha\u00eenette d&rsquo;extension.<\/p>\n<p>Taille M\/L: 46 cm + 5 cm de cha\u00eenette d&rsquo;extension.<\/p>\n","protected":false},"excerpt":{"rendered":"<p>Collier \u00ab\u00a0Nerea\u00a0\u00bb. Perles irr\u00e9guli\u00e8res en r\u00e9sine, pendentif \u00e9toile de mer lisse et appr\u00eats en acier inoxydable. Coloris beige sable. Taille S\/M: 43 cm + 5 cm de cha\u00eenette d&rsquo;extension. Taille M\/L: 46 cm + 5 cm de cha\u00eenette d&rsquo;extension.<\/p>\n","protected":false},"featured_media":14393,"comment_status":"open","ping_status":"closed","template":"","meta":{"om_disable_all_campaigns":false,"_monsterinsights_skip_tracking":false,"_monsterinsights_sitenote_active":false,"_monsterinsights_sitenote_note":"","_monsterinsights_sitenote_category":0,"site-sidebar-layout":"default","site-content-layout":"","ast-site-content-layout":"default","site-content-style":"default","site-sidebar-style":"default","ast-global-header-display":"","ast-banner-title-visibility":"","ast-main-header-display":"","ast-hfb-above-header-display":"","ast-hfb-below-header-display":"","ast-hfb-mobile-header-display":"","site-post-title":"","ast-breadcrumbs-content":"","ast-featured-img":"","footer-sml-layout":"","theme-transparent-header-meta":"default","adv-header-id-meta":"","stick-header-meta":"","header-above-stick-meta":"","header-main-stick-meta":"","header-below-stick-meta":"","astra-migrate-meta-layouts":"set","ast-page-background-enabled":"default","ast-page-background-meta":{"desktop":{"background-color":"","background-image":"","background-repeat":"repeat","background-position":"center center","background-size":"auto","background-attachment":"scroll","background-type":"","background-media":"","overlay-type":"","overlay-color":"","overlay-opacity":"","overlay-gradient":""},"tablet":{"background-color":"","background-image":"","background-repeat":"repeat","background-position":"center center","background-size":"auto","background-attachment":"scroll","background-type":"","background-media":"","overlay-type":"","overlay-color":"","overlay-opacity":"","overlay-gradient":""},"mobile":{"background-color":"","background-image":"","background-repeat":"repeat","background-position":"center center","background-size":"auto","background-attachment":"scroll","background-type":"","background-media":"","overlay-type":"","overlay-color":"","overlay-opacity":"","overlay-gradient":""}},"ast-content-background-meta":{"desktop":{"background-color":"var(--ast-global-color-5)","background-image":"","background-repeat":"repeat","background-position":"center center","background-size":"auto","background-attachment":"scroll","background-type":"","background-media":"","overlay-type":"","overlay-color":"","overlay-opacity":"","overlay-gradient":""},"tablet":{"background-color":"var(--ast-global-color-5)","background-image":"","background-repeat":"repeat","background-position":"center center","background-size":"auto","background-attachment":"scroll","background-type":"","background-media":"","overlay-type":"","overlay-color":"","overlay-opacity":"","overlay-gradient":""},"mobile":{"background-color":"var(--ast-global-color-5)","background-image":"","background-repeat":"repeat","background-position":"center center","background-size":"auto","background-attachment":"scroll","background-type":"","background-media":"","overlay-type":"","overlay-color":"","overlay-opacity":"","overlay-gradient":""}}},"product_brand":[],"product_cat":[76],"product_tag":[216,102,149,774,266,773,178,112,151,401],"class_list":{"0":"post-14437","1":"product","2":"type-product","3":"status-publish","4":"has-post-thumbnail","6":"product_cat-colliers","7":"product_tag-acier","8":"product_tag-bijoux","9":"product_tag-collier","10":"product_tag-etoile","11":"product_tag-inoxydable","12":"product_tag-mer","13":"product_tag-mode","14":"product_tag-perles","15":"product_tag-resine","16":"product_tag-tendance","17":"desktop-align-center","18":"tablet-align-left","19":"mobile-align-left","21":"first","22":"instock","23":"shipping-taxable","24":"purchasable","25":"product-type-variable"},"jetpack-related-posts":[],"jetpack_sharing_enabled":true,"_links":{"self":[{"href":"https:\/\/notomahawk.com\/index.php\/wp-json\/wp\/v2\/product\/14437","targetHints":{"allow":["GET"]}}],"collection":[{"href":"https:\/\/notomahawk.com\/index.php\/wp-json\/wp\/v2\/product"}],"about":[{"href":"https:\/\/notomahawk.com\/index.php\/wp-json\/wp\/v2\/types\/product"}],"replies":[{"embeddable":true,"href":"https:\/\/notomahawk.com\/index.php\/wp-json\/wp\/v2\/comments?post=14437"}],"version-history":[{"count":2,"href":"https:\/\/notomahawk.com\/index.php\/wp-json\/wp\/v2\/product\/14437\/revisions"}],"predecessor-version":[{"id":14441,"href":"https:\/\/notomahawk.com\/index.php\/wp-json\/wp\/v2\/product\/14437\/revisions\/14441"}],"wp:featuredmedia":[{"embeddable":true,"href":"https:\/\/notomahawk.com\/index.php\/wp-json\/wp\/v2\/media\/14393"}],"wp:attachment":[{"href":"https:\/\/notomahawk.com\/index.php\/wp-json\/wp\/v2\/media?parent=14437"}],"wp:term":[{"taxonomy":"product_brand","embeddable":true,"href":"https:\/\/notomahawk.com\/index.php\/wp-json\/wp\/v2\/product_brand?post=14437"},{"taxonomy":"product_cat","embeddable":true,"href":"https:\/\/notomahawk.com\/index.php\/wp-json\/wp\/v2\/product_cat?post=14437"},{"taxonomy":"product_tag","embeddable":true,"href":"https:\/\/notomahawk.com\/index.php\/wp-json\/wp\/v2\/product_tag?post=14437"}],"curies":[{"name":"wp","href":"https:\/\/api.w.org\/{rel}","templated":true}]}}