{"id":14304,"date":"2026-02-07T15:05:00","date_gmt":"2026-02-07T14:05:00","guid":{"rendered":"https:\/\/notomahawk.com\/?post_type=product&#038;p=14304"},"modified":"2026-02-07T15:08:32","modified_gmt":"2026-02-07T14:08:32","slug":"flora-rouge-marbre","status":"publish","type":"product","link":"https:\/\/notomahawk.com\/index.php\/product\/flora-rouge-marbre\/","title":{"rendered":"Flora &#8211; rouge marbr\u00e9"},"content":{"rendered":"<p>Boucles d&rsquo;oreilles \u00ab\u00a0Flora\u00a0\u00bb.<\/p>\n<p>Cr\u00e9oles en laiton dor\u00e9 \u00e0 l&rsquo;or fin et pendentifs fleurs en r\u00e9sine. Coloris rouge marbr\u00e9.<\/p>\n<p>Pour oreilles perc\u00e9es.<\/p>\n<p>Dimensions et poids d&rsquo;une boucle : 6cm\/7g.<\/p>\n","protected":false},"excerpt":{"rendered":"<p>Boucles d&rsquo;oreilles \u00ab\u00a0Flora\u00a0\u00bb. Cr\u00e9oles en laiton dor\u00e9 \u00e0 l&rsquo;or fin et pendentifs fleurs en r\u00e9sine. Coloris rouge marbr\u00e9. Pour oreilles perc\u00e9es. Dimensions et poids d&rsquo;une boucle : 6cm\/7g.<\/p>\n","protected":false},"featured_media":14302,"comment_status":"open","ping_status":"closed","template":"","meta":{"om_disable_all_campaigns":false,"_monsterinsights_skip_tracking":false,"_monsterinsights_sitenote_active":false,"_monsterinsights_sitenote_note":"","_monsterinsights_sitenote_category":0,"site-sidebar-layout":"default","site-content-layout":"","ast-site-content-layout":"default","site-content-style":"default","site-sidebar-style":"default","ast-global-header-display":"","ast-banner-title-visibility":"","ast-main-header-display":"","ast-hfb-above-header-display":"","ast-hfb-below-header-display":"","ast-hfb-mobile-header-display":"","site-post-title":"","ast-breadcrumbs-content":"","ast-featured-img":"","footer-sml-layout":"","theme-transparent-header-meta":"default","adv-header-id-meta":"","stick-header-meta":"","header-above-stick-meta":"","header-main-stick-meta":"","header-below-stick-meta":"","astra-migrate-meta-layouts":"set","ast-page-background-enabled":"default","ast-page-background-meta":{"desktop":{"background-color":"","background-image":"","background-repeat":"repeat","background-position":"center center","background-size":"auto","background-attachment":"scroll","background-type":"","background-media":"","overlay-type":"","overlay-color":"","overlay-opacity":"","overlay-gradient":""},"tablet":{"background-color":"","background-image":"","background-repeat":"repeat","background-position":"center center","background-size":"auto","background-attachment":"scroll","background-type":"","background-media":"","overlay-type":"","overlay-color":"","overlay-opacity":"","overlay-gradient":""},"mobile":{"background-color":"","background-image":"","background-repeat":"repeat","background-position":"center center","background-size":"auto","background-attachment":"scroll","background-type":"","background-media":"","overlay-type":"","overlay-color":"","overlay-opacity":"","overlay-gradient":""}},"ast-content-background-meta":{"desktop":{"background-color":"var(--ast-global-color-5)","background-image":"","background-repeat":"repeat","background-position":"center center","background-size":"auto","background-attachment":"scroll","background-type":"","background-media":"","overlay-type":"","overlay-color":"","overlay-opacity":"","overlay-gradient":""},"tablet":{"background-color":"var(--ast-global-color-5)","background-image":"","background-repeat":"repeat","background-position":"center center","background-size":"auto","background-attachment":"scroll","background-type":"","background-media":"","overlay-type":"","overlay-color":"","overlay-opacity":"","overlay-gradient":""},"mobile":{"background-color":"var(--ast-global-color-5)","background-image":"","background-repeat":"repeat","background-position":"center center","background-size":"auto","background-attachment":"scroll","background-type":"","background-media":"","overlay-type":"","overlay-color":"","overlay-opacity":"","overlay-gradient":""}}},"product_brand":[],"product_cat":[70],"product_tag":[102,101,146,204,342,383,169,178,147,92,180,185,93,151,401],"class_list":{"0":"post-14304","1":"product","2":"type-product","3":"status-publish","4":"has-post-thumbnail","6":"product_cat-boucles","7":"product_tag-bijoux","8":"product_tag-bo","9":"product_tag-boucles","10":"product_tag-creoles","11":"product_tag-dore","12":"product_tag-fleurs","13":"product_tag-laiton","14":"product_tag-mode","15":"product_tag-or","16":"product_tag-oreilles","17":"product_tag-oversize","18":"product_tag-percees","19":"product_tag-plaque","20":"product_tag-resine","21":"product_tag-tendance","22":"desktop-align-center","23":"tablet-align-left","24":"mobile-align-left","26":"first","27":"instock","28":"shipping-taxable","29":"purchasable","30":"product-type-simple"},"jetpack-related-posts":[],"jetpack_sharing_enabled":true,"_links":{"self":[{"href":"https:\/\/notomahawk.com\/index.php\/wp-json\/wp\/v2\/product\/14304","targetHints":{"allow":["GET"]}}],"collection":[{"href":"https:\/\/notomahawk.com\/index.php\/wp-json\/wp\/v2\/product"}],"about":[{"href":"https:\/\/notomahawk.com\/index.php\/wp-json\/wp\/v2\/types\/product"}],"replies":[{"embeddable":true,"href":"https:\/\/notomahawk.com\/index.php\/wp-json\/wp\/v2\/comments?post=14304"}],"version-history":[{"count":1,"href":"https:\/\/notomahawk.com\/index.php\/wp-json\/wp\/v2\/product\/14304\/revisions"}],"predecessor-version":[{"id":14305,"href":"https:\/\/notomahawk.com\/index.php\/wp-json\/wp\/v2\/product\/14304\/revisions\/14305"}],"wp:featuredmedia":[{"embeddable":true,"href":"https:\/\/notomahawk.com\/index.php\/wp-json\/wp\/v2\/media\/14302"}],"wp:attachment":[{"href":"https:\/\/notomahawk.com\/index.php\/wp-json\/wp\/v2\/media?parent=14304"}],"wp:term":[{"taxonomy":"product_brand","embeddable":true,"href":"https:\/\/notomahawk.com\/index.php\/wp-json\/wp\/v2\/product_brand?post=14304"},{"taxonomy":"product_cat","embeddable":true,"href":"https:\/\/notomahawk.com\/index.php\/wp-json\/wp\/v2\/product_cat?post=14304"},{"taxonomy":"product_tag","embeddable":true,"href":"https:\/\/notomahawk.com\/index.php\/wp-json\/wp\/v2\/product_tag?post=14304"}],"curies":[{"name":"wp","href":"https:\/\/api.w.org\/{rel}","templated":true}]}}