{"id":14269,"date":"2026-01-31T09:58:45","date_gmt":"2026-01-31T08:58:45","guid":{"rendered":"https:\/\/notomahawk.com\/?post_type=product&#038;p=14269"},"modified":"2026-02-08T00:44:40","modified_gmt":"2026-02-07T23:44:40","slug":"nolwenn-bagues","status":"publish","type":"product","link":"https:\/\/notomahawk.com\/index.php\/product\/nolwenn-bagues\/","title":{"rendered":"Nolwenn &#8211; bagues"},"content":{"rendered":"<p>Bagues minimalistes facett\u00e9es en acier inoxydable dor\u00e9 ou argent\u00e9. Possibilit\u00e9 de les superposer pour un joli rendu.<\/p>\n<p>Propos\u00e9es en 5 tailles selon le tour de doigt:<\/p>\n<p>&#8211; XS: 49 mm<\/p>\n<p>&#8211; S: 52 mm<\/p>\n<p>&#8211; M: 55 mm<\/p>\n<p>&#8211; L: 57 mm<\/p>\n<p>&#8211; XL: 59 mm.<\/p>\n","protected":false},"excerpt":{"rendered":"<p>Bagues minimalistes facett\u00e9es en acier inoxydable dor\u00e9 ou argent\u00e9. Possibilit\u00e9 de les superposer pour un joli rendu. Propos\u00e9es en 5 tailles selon le tour de doigt: &#8211; XS: 49 mm &#8211; S: 52 mm &#8211; M: 55 mm &#8211; L: 57 mm &#8211; XL: 59 mm.<\/p>\n","protected":false},"featured_media":14213,"comment_status":"open","ping_status":"closed","template":"","meta":{"om_disable_all_campaigns":false,"_monsterinsights_skip_tracking":false,"_monsterinsights_sitenote_active":false,"_monsterinsights_sitenote_note":"","_monsterinsights_sitenote_category":0,"site-sidebar-layout":"default","site-content-layout":"","ast-site-content-layout":"default","site-content-style":"default","site-sidebar-style":"default","ast-global-header-display":"","ast-banner-title-visibility":"","ast-main-header-display":"","ast-hfb-above-header-display":"","ast-hfb-below-header-display":"","ast-hfb-mobile-header-display":"","site-post-title":"","ast-breadcrumbs-content":"","ast-featured-img":"","footer-sml-layout":"","theme-transparent-header-meta":"default","adv-header-id-meta":"","stick-header-meta":"","header-above-stick-meta":"","header-main-stick-meta":"","header-below-stick-meta":"","astra-migrate-meta-layouts":"set","ast-page-background-enabled":"default","ast-page-background-meta":{"desktop":{"background-color":"","background-image":"","background-repeat":"repeat","background-position":"center center","background-size":"auto","background-attachment":"scroll","background-type":"","background-media":"","overlay-type":"","overlay-color":"","overlay-opacity":"","overlay-gradient":""},"tablet":{"background-color":"","background-image":"","background-repeat":"repeat","background-position":"center center","background-size":"auto","background-attachment":"scroll","background-type":"","background-media":"","overlay-type":"","overlay-color":"","overlay-opacity":"","overlay-gradient":""},"mobile":{"background-color":"","background-image":"","background-repeat":"repeat","background-position":"center center","background-size":"auto","background-attachment":"scroll","background-type":"","background-media":"","overlay-type":"","overlay-color":"","overlay-opacity":"","overlay-gradient":""}},"ast-content-background-meta":{"desktop":{"background-color":"var(--ast-global-color-5)","background-image":"","background-repeat":"repeat","background-position":"center center","background-size":"auto","background-attachment":"scroll","background-type":"","background-media":"","overlay-type":"","overlay-color":"","overlay-opacity":"","overlay-gradient":""},"tablet":{"background-color":"var(--ast-global-color-5)","background-image":"","background-repeat":"repeat","background-position":"center center","background-size":"auto","background-attachment":"scroll","background-type":"","background-media":"","overlay-type":"","overlay-color":"","overlay-opacity":"","overlay-gradient":""},"mobile":{"background-color":"var(--ast-global-color-5)","background-image":"","background-repeat":"repeat","background-position":"center center","background-size":"auto","background-attachment":"scroll","background-type":"","background-media":"","overlay-type":"","overlay-color":"","overlay-opacity":"","overlay-gradient":""}}},"product_brand":[],"product_cat":[575],"product_tag":[351,268,102,342,770,425,769,178,401],"class_list":{"0":"post-14269","1":"product","2":"type-product","3":"status-publish","4":"has-post-thumbnail","6":"product_cat-bagues","7":"product_tag-argente","8":"product_tag-bague","9":"product_tag-bijoux","10":"product_tag-dore","11":"product_tag-facettes","12":"product_tag-mini","13":"product_tag-minimaliste","14":"product_tag-mode","15":"product_tag-tendance","16":"pa_couleur-dore","17":"pa_couleur-argente","18":"desktop-align-center","19":"tablet-align-left","20":"mobile-align-left","22":"first","23":"instock","24":"shipping-taxable","25":"purchasable","26":"product-type-variable"},"jetpack-related-posts":[],"jetpack_sharing_enabled":true,"_links":{"self":[{"href":"https:\/\/notomahawk.com\/index.php\/wp-json\/wp\/v2\/product\/14269","targetHints":{"allow":["GET"]}}],"collection":[{"href":"https:\/\/notomahawk.com\/index.php\/wp-json\/wp\/v2\/product"}],"about":[{"href":"https:\/\/notomahawk.com\/index.php\/wp-json\/wp\/v2\/types\/product"}],"replies":[{"embeddable":true,"href":"https:\/\/notomahawk.com\/index.php\/wp-json\/wp\/v2\/comments?post=14269"}],"version-history":[{"count":2,"href":"https:\/\/notomahawk.com\/index.php\/wp-json\/wp\/v2\/product\/14269\/revisions"}],"predecessor-version":[{"id":14281,"href":"https:\/\/notomahawk.com\/index.php\/wp-json\/wp\/v2\/product\/14269\/revisions\/14281"}],"wp:featuredmedia":[{"embeddable":true,"href":"https:\/\/notomahawk.com\/index.php\/wp-json\/wp\/v2\/media\/14213"}],"wp:attachment":[{"href":"https:\/\/notomahawk.com\/index.php\/wp-json\/wp\/v2\/media?parent=14269"}],"wp:term":[{"taxonomy":"product_brand","embeddable":true,"href":"https:\/\/notomahawk.com\/index.php\/wp-json\/wp\/v2\/product_brand?post=14269"},{"taxonomy":"product_cat","embeddable":true,"href":"https:\/\/notomahawk.com\/index.php\/wp-json\/wp\/v2\/product_cat?post=14269"},{"taxonomy":"product_tag","embeddable":true,"href":"https:\/\/notomahawk.com\/index.php\/wp-json\/wp\/v2\/product_tag?post=14269"}],"curies":[{"name":"wp","href":"https:\/\/api.w.org\/{rel}","templated":true}]}}