{"id":14121,"date":"2026-01-08T15:41:04","date_gmt":"2026-01-08T14:41:04","guid":{"rendered":"https:\/\/notomahawk.com\/?post_type=product&#038;p=14121"},"modified":"2026-01-31T09:53:37","modified_gmt":"2026-01-31T08:53:37","slug":"__trashed-2","status":"publish","type":"product","link":"https:\/\/notomahawk.com\/index.php\/product\/__trashed-2\/","title":{"rendered":"Chance"},"content":{"rendered":"<p>Boucles d&rsquo;oreilles \u00ab\u00a0Chance\u00a0\u00bb en acier inoxydable et tr\u00e8fles en pierres de labradorite v\u00e9ritable.<\/p>\n<p>Pour oreilles perc\u00e9es.<\/p>\n<p>Dimensions et poids d&rsquo;une boucle : 4cm\/3,5g<\/p>\n","protected":false},"excerpt":{"rendered":"<p>Boucles d&rsquo;oreilles \u00ab\u00a0Chance\u00a0\u00bb en acier inoxydable et tr\u00e8fles en pierres de labradorite v\u00e9ritable. Pour oreilles perc\u00e9es. Dimensions et poids d&rsquo;une boucle : 4cm\/3,5g<\/p>\n","protected":false},"featured_media":14231,"comment_status":"open","ping_status":"closed","template":"","meta":{"om_disable_all_campaigns":false,"_monsterinsights_skip_tracking":false,"_monsterinsights_sitenote_active":false,"_monsterinsights_sitenote_note":"","_monsterinsights_sitenote_category":0,"site-sidebar-layout":"default","site-content-layout":"","ast-site-content-layout":"default","site-content-style":"default","site-sidebar-style":"default","ast-global-header-display":"","ast-banner-title-visibility":"","ast-main-header-display":"","ast-hfb-above-header-display":"","ast-hfb-below-header-display":"","ast-hfb-mobile-header-display":"","site-post-title":"","ast-breadcrumbs-content":"","ast-featured-img":"","footer-sml-layout":"","theme-transparent-header-meta":"default","adv-header-id-meta":"","stick-header-meta":"","header-above-stick-meta":"","header-main-stick-meta":"","header-below-stick-meta":"","astra-migrate-meta-layouts":"set","ast-page-background-enabled":"default","ast-page-background-meta":{"desktop":{"background-color":"","background-image":"","background-repeat":"repeat","background-position":"center center","background-size":"auto","background-attachment":"scroll","background-type":"","background-media":"","overlay-type":"","overlay-color":"","overlay-opacity":"","overlay-gradient":""},"tablet":{"background-color":"","background-image":"","background-repeat":"repeat","background-position":"center center","background-size":"auto","background-attachment":"scroll","background-type":"","background-media":"","overlay-type":"","overlay-color":"","overlay-opacity":"","overlay-gradient":""},"mobile":{"background-color":"","background-image":"","background-repeat":"repeat","background-position":"center center","background-size":"auto","background-attachment":"scroll","background-type":"","background-media":"","overlay-type":"","overlay-color":"","overlay-opacity":"","overlay-gradient":""}},"ast-content-background-meta":{"desktop":{"background-color":"var(--ast-global-color-5)","background-image":"","background-repeat":"repeat","background-position":"center center","background-size":"auto","background-attachment":"scroll","background-type":"","background-media":"","overlay-type":"","overlay-color":"","overlay-opacity":"","overlay-gradient":""},"tablet":{"background-color":"var(--ast-global-color-5)","background-image":"","background-repeat":"repeat","background-position":"center center","background-size":"auto","background-attachment":"scroll","background-type":"","background-media":"","overlay-type":"","overlay-color":"","overlay-opacity":"","overlay-gradient":""},"mobile":{"background-color":"var(--ast-global-color-5)","background-image":"","background-repeat":"repeat","background-position":"center center","background-size":"auto","background-attachment":"scroll","background-type":"","background-media":"","overlay-type":"","overlay-color":"","overlay-opacity":"","overlay-gradient":""}}},"product_brand":[],"product_cat":[70],"product_tag":[216,102,101,146,266,756,178,260,92,185,150,401],"class_list":{"0":"post-14121","1":"product","2":"type-product","3":"status-publish","4":"has-post-thumbnail","6":"product_cat-boucles","7":"product_tag-acier","8":"product_tag-bijoux","9":"product_tag-bo","10":"product_tag-boucles","11":"product_tag-inoxydable","12":"product_tag-labradorite","13":"product_tag-mode","14":"product_tag-naturelles","15":"product_tag-oreilles","16":"product_tag-percees","17":"product_tag-pierres","18":"product_tag-tendance","19":"desktop-align-center","20":"tablet-align-left","21":"mobile-align-left","23":"first","24":"instock","25":"shipping-taxable","26":"purchasable","27":"product-type-simple"},"jetpack-related-posts":[],"jetpack_sharing_enabled":true,"_links":{"self":[{"href":"https:\/\/notomahawk.com\/index.php\/wp-json\/wp\/v2\/product\/14121","targetHints":{"allow":["GET"]}}],"collection":[{"href":"https:\/\/notomahawk.com\/index.php\/wp-json\/wp\/v2\/product"}],"about":[{"href":"https:\/\/notomahawk.com\/index.php\/wp-json\/wp\/v2\/types\/product"}],"replies":[{"embeddable":true,"href":"https:\/\/notomahawk.com\/index.php\/wp-json\/wp\/v2\/comments?post=14121"}],"version-history":[{"count":1,"href":"https:\/\/notomahawk.com\/index.php\/wp-json\/wp\/v2\/product\/14121\/revisions"}],"predecessor-version":[{"id":14122,"href":"https:\/\/notomahawk.com\/index.php\/wp-json\/wp\/v2\/product\/14121\/revisions\/14122"}],"wp:featuredmedia":[{"embeddable":true,"href":"https:\/\/notomahawk.com\/index.php\/wp-json\/wp\/v2\/media\/14231"}],"wp:attachment":[{"href":"https:\/\/notomahawk.com\/index.php\/wp-json\/wp\/v2\/media?parent=14121"}],"wp:term":[{"taxonomy":"product_brand","embeddable":true,"href":"https:\/\/notomahawk.com\/index.php\/wp-json\/wp\/v2\/product_brand?post=14121"},{"taxonomy":"product_cat","embeddable":true,"href":"https:\/\/notomahawk.com\/index.php\/wp-json\/wp\/v2\/product_cat?post=14121"},{"taxonomy":"product_tag","embeddable":true,"href":"https:\/\/notomahawk.com\/index.php\/wp-json\/wp\/v2\/product_tag?post=14121"}],"curies":[{"name":"wp","href":"https:\/\/api.w.org\/{rel}","templated":true}]}}