{"id":13487,"date":"2025-03-02T21:23:47","date_gmt":"2025-03-02T20:23:47","guid":{"rendered":"https:\/\/notomahawk.com\/?post_type=product&#038;p=13487"},"modified":"2025-11-09T14:15:32","modified_gmt":"2025-11-09T13:15:32","slug":"paz","status":"publish","type":"product","link":"https:\/\/notomahawk.com\/index.php\/product\/paz\/","title":{"rendered":"Paz"},"content":{"rendered":"<p>Boucles d&rsquo;oreilles \u00ab\u00a0Paz\u00a0\u00bb.<\/p>\n<p>Pendentifs oiseaux en acrylique et demi-cr\u00e9oles en zamac dor\u00e9 \u00e0 l&rsquo;or fin avec tiges non plaqu\u00e9es pour \u00e9viter les allergies.<\/p>\n<p>D\u00e9clin\u00e9es en 7 coloris: blanc nacr\u00e9, dor\u00e9 paillet\u00e9, bois de rose paillet\u00e9, bleu glacier, bleu roi, vert kaki et l\u00e9opard.<\/p>\n<p>Pour oreilles perc\u00e9es.<\/p>\n<p>6cm\/3g<\/p>\n","protected":false},"excerpt":{"rendered":"<p>Boucles d&rsquo;oreilles \u00ab\u00a0Paz\u00a0\u00bb. Pendentifs oiseaux en acrylique et demi-cr\u00e9oles en zamac dor\u00e9 \u00e0 l&rsquo;or fin avec tiges non plaqu\u00e9es pour \u00e9viter les allergies. D\u00e9clin\u00e9es en 7 coloris: blanc nacr\u00e9, dor\u00e9 paillet\u00e9, bois de rose paillet\u00e9, bleu glacier, bleu roi, vert kaki et l\u00e9opard. Pour oreilles perc\u00e9es. 6cm\/3g<\/p>\n","protected":false},"featured_media":13386,"comment_status":"open","ping_status":"closed","template":"","meta":{"om_disable_all_campaigns":false,"_monsterinsights_skip_tracking":false,"_monsterinsights_sitenote_active":false,"_monsterinsights_sitenote_note":"","_monsterinsights_sitenote_category":0,"site-sidebar-layout":"default","site-content-layout":"default","ast-site-content-layout":"default","site-content-style":"default","site-sidebar-style":"default","ast-global-header-display":"","ast-banner-title-visibility":"","ast-main-header-display":"","ast-hfb-above-header-display":"","ast-hfb-below-header-display":"","ast-hfb-mobile-header-display":"","site-post-title":"","ast-breadcrumbs-content":"","ast-featured-img":"","footer-sml-layout":"","theme-transparent-header-meta":"default","adv-header-id-meta":"","stick-header-meta":"","header-above-stick-meta":"","header-main-stick-meta":"","header-below-stick-meta":"","astra-migrate-meta-layouts":"set","ast-page-background-enabled":"default","ast-page-background-meta":{"desktop":{"background-color":"","background-image":"","background-repeat":"repeat","background-position":"center center","background-size":"auto","background-attachment":"scroll","background-type":"","background-media":"","overlay-type":"","overlay-color":"","overlay-opacity":"","overlay-gradient":""},"tablet":{"background-color":"","background-image":"","background-repeat":"repeat","background-position":"center center","background-size":"auto","background-attachment":"scroll","background-type":"","background-media":"","overlay-type":"","overlay-color":"","overlay-opacity":"","overlay-gradient":""},"mobile":{"background-color":"","background-image":"","background-repeat":"repeat","background-position":"center center","background-size":"auto","background-attachment":"scroll","background-type":"","background-media":"","overlay-type":"","overlay-color":"","overlay-opacity":"","overlay-gradient":""}},"ast-content-background-meta":{"desktop":{"background-color":"var(--ast-global-color-5)","background-image":"","background-repeat":"repeat","background-position":"center center","background-size":"auto","background-attachment":"scroll","background-type":"","background-media":"","overlay-type":"","overlay-color":"","overlay-opacity":"","overlay-gradient":""},"tablet":{"background-color":"var(--ast-global-color-5)","background-image":"","background-repeat":"repeat","background-position":"center center","background-size":"auto","background-attachment":"scroll","background-type":"","background-media":"","overlay-type":"","overlay-color":"","overlay-opacity":"","overlay-gradient":""},"mobile":{"background-color":"var(--ast-global-color-5)","background-image":"","background-repeat":"repeat","background-position":"center center","background-size":"auto","background-attachment":"scroll","background-type":"","background-media":"","overlay-type":"","overlay-color":"","overlay-opacity":"","overlay-gradient":""}}},"product_brand":[],"product_cat":[70],"product_tag":[102,706,101,146,197,204,178,704,705,92,185,93,151,401,113],"class_list":{"0":"post-13487","1":"product","2":"type-product","3":"status-publish","4":"has-post-thumbnail","6":"product_cat-boucles","7":"product_tag-bijoux","8":"product_tag-bird","9":"product_tag-bo","10":"product_tag-boucles","11":"product_tag-boucles-doreilles-vintage","12":"product_tag-creoles","13":"product_tag-mode","14":"product_tag-oiseau","15":"product_tag-oiseaux","16":"product_tag-oreilles","17":"product_tag-percees","18":"product_tag-plaque","19":"product_tag-resine","20":"product_tag-tendance","21":"product_tag-vintage","22":"pa_couleur-blanc-nacre","23":"pa_couleur-bleu-glacier","24":"pa_couleur-bleu-roi","25":"pa_couleur-bois-de-rose-paillete","26":"pa_couleur-dore-paillete","27":"pa_couleur-leopard","28":"pa_couleur-vert-kaki","29":"desktop-align-center","30":"tablet-align-left","31":"mobile-align-left","33":"first","34":"instock","35":"shipping-taxable","36":"purchasable","37":"product-type-variable"},"jetpack-related-posts":[],"jetpack_sharing_enabled":true,"_links":{"self":[{"href":"https:\/\/notomahawk.com\/index.php\/wp-json\/wp\/v2\/product\/13487","targetHints":{"allow":["GET"]}}],"collection":[{"href":"https:\/\/notomahawk.com\/index.php\/wp-json\/wp\/v2\/product"}],"about":[{"href":"https:\/\/notomahawk.com\/index.php\/wp-json\/wp\/v2\/types\/product"}],"replies":[{"embeddable":true,"href":"https:\/\/notomahawk.com\/index.php\/wp-json\/wp\/v2\/comments?post=13487"}],"version-history":[{"count":2,"href":"https:\/\/notomahawk.com\/index.php\/wp-json\/wp\/v2\/product\/13487\/revisions"}],"predecessor-version":[{"id":13582,"href":"https:\/\/notomahawk.com\/index.php\/wp-json\/wp\/v2\/product\/13487\/revisions\/13582"}],"wp:featuredmedia":[{"embeddable":true,"href":"https:\/\/notomahawk.com\/index.php\/wp-json\/wp\/v2\/media\/13386"}],"wp:attachment":[{"href":"https:\/\/notomahawk.com\/index.php\/wp-json\/wp\/v2\/media?parent=13487"}],"wp:term":[{"taxonomy":"product_brand","embeddable":true,"href":"https:\/\/notomahawk.com\/index.php\/wp-json\/wp\/v2\/product_brand?post=13487"},{"taxonomy":"product_cat","embeddable":true,"href":"https:\/\/notomahawk.com\/index.php\/wp-json\/wp\/v2\/product_cat?post=13487"},{"taxonomy":"product_tag","embeddable":true,"href":"https:\/\/notomahawk.com\/index.php\/wp-json\/wp\/v2\/product_tag?post=13487"}],"curies":[{"name":"wp","href":"https:\/\/api.w.org\/{rel}","templated":true}]}}