{"id":13476,"date":"2025-03-02T21:13:28","date_gmt":"2025-03-02T20:13:28","guid":{"rendered":"https:\/\/notomahawk.com\/?post_type=product&#038;p=13476"},"modified":"2025-03-02T21:22:06","modified_gmt":"2025-03-02T20:22:06","slug":"yuna","status":"publish","type":"product","link":"https:\/\/notomahawk.com\/index.php\/product\/yuna\/","title":{"rendered":"Yuna"},"content":{"rendered":"<p>Boucles d&rsquo;oreilles \u00ab\u00a0Yuna\u00a0\u00bb, en acrylique et zamac dor\u00e9 \u00e0 l&rsquo;or fin.<\/p>\n<p>Pour oreilles perc\u00e9es.<\/p>\n<p>D\u00e9clin\u00e9es en 4 coloris : dor\u00e9 paillet\u00e9, bleu turquoise paillet\u00e9, noir paillet\u00e9, \u00e9caille et rose fuchsia.<\/p>\n<p>8cm\/5g<\/p>\n","protected":false},"excerpt":{"rendered":"<p>Boucles d&rsquo;oreilles \u00ab\u00a0Yuna\u00a0\u00bb, en acrylique et zamac dor\u00e9 \u00e0 l&rsquo;or fin. Pour oreilles perc\u00e9es. D\u00e9clin\u00e9es en 4 coloris : dor\u00e9 paillet\u00e9, bleu turquoise paillet\u00e9, noir paillet\u00e9, \u00e9caille et rose fuchsia. 8cm\/5g<\/p>\n","protected":false},"featured_media":13402,"comment_status":"open","ping_status":"closed","template":"","meta":{"om_disable_all_campaigns":false,"_monsterinsights_skip_tracking":false,"_monsterinsights_sitenote_active":false,"_monsterinsights_sitenote_note":"","_monsterinsights_sitenote_category":0,"site-sidebar-layout":"default","site-content-layout":"","ast-site-content-layout":"default","site-content-style":"default","site-sidebar-style":"default","ast-global-header-display":"","ast-banner-title-visibility":"","ast-main-header-display":"","ast-hfb-above-header-display":"","ast-hfb-below-header-display":"","ast-hfb-mobile-header-display":"","site-post-title":"","ast-breadcrumbs-content":"","ast-featured-img":"","footer-sml-layout":"","theme-transparent-header-meta":"default","adv-header-id-meta":"","stick-header-meta":"","header-above-stick-meta":"","header-main-stick-meta":"","header-below-stick-meta":"","astra-migrate-meta-layouts":"set","ast-page-background-enabled":"default","ast-page-background-meta":{"desktop":{"background-color":"","background-image":"","background-repeat":"repeat","background-position":"center center","background-size":"auto","background-attachment":"scroll","background-type":"","background-media":"","overlay-type":"","overlay-color":"","overlay-opacity":"","overlay-gradient":""},"tablet":{"background-color":"","background-image":"","background-repeat":"repeat","background-position":"center center","background-size":"auto","background-attachment":"scroll","background-type":"","background-media":"","overlay-type":"","overlay-color":"","overlay-opacity":"","overlay-gradient":""},"mobile":{"background-color":"","background-image":"","background-repeat":"repeat","background-position":"center center","background-size":"auto","background-attachment":"scroll","background-type":"","background-media":"","overlay-type":"","overlay-color":"","overlay-opacity":"","overlay-gradient":""}},"ast-content-background-meta":{"desktop":{"background-color":"var(--ast-global-color-5)","background-image":"","background-repeat":"repeat","background-position":"center center","background-size":"auto","background-attachment":"scroll","background-type":"","background-media":"","overlay-type":"","overlay-color":"","overlay-opacity":"","overlay-gradient":""},"tablet":{"background-color":"var(--ast-global-color-5)","background-image":"","background-repeat":"repeat","background-position":"center center","background-size":"auto","background-attachment":"scroll","background-type":"","background-media":"","overlay-type":"","overlay-color":"","overlay-opacity":"","overlay-gradient":""},"mobile":{"background-color":"var(--ast-global-color-5)","background-image":"","background-repeat":"repeat","background-position":"center center","background-size":"auto","background-attachment":"scroll","background-type":"","background-media":"","overlay-type":"","overlay-color":"","overlay-opacity":"","overlay-gradient":""}}},"product_brand":[],"product_cat":[70],"product_tag":[216,199,102,101,146,197,210,178,92,185,151,401,113,536],"class_list":{"0":"post-13476","1":"product","2":"type-product","3":"status-publish","4":"has-post-thumbnail","6":"product_cat-boucles","7":"product_tag-acier","8":"product_tag-acrylique","9":"product_tag-bijoux","10":"product_tag-bo","11":"product_tag-boucles","12":"product_tag-boucles-doreilles-vintage","13":"product_tag-elegance","14":"product_tag-mode","15":"product_tag-oreilles","16":"product_tag-percees","17":"product_tag-resine","18":"product_tag-tendance","19":"product_tag-vintage","20":"product_tag-zamac","21":"pa_couleur-bleu-turquoise-paillete","22":"pa_couleur-dore-paillete","23":"pa_couleur-ecaille","24":"pa_couleur-noir-paillete","25":"pa_couleur-rosefuchsia","26":"desktop-align-center","27":"tablet-align-left","28":"mobile-align-left","30":"first","31":"instock","32":"shipping-taxable","33":"purchasable","34":"product-type-variable"},"jetpack-related-posts":[],"jetpack_sharing_enabled":true,"_links":{"self":[{"href":"https:\/\/notomahawk.com\/index.php\/wp-json\/wp\/v2\/product\/13476","targetHints":{"allow":["GET"]}}],"collection":[{"href":"https:\/\/notomahawk.com\/index.php\/wp-json\/wp\/v2\/product"}],"about":[{"href":"https:\/\/notomahawk.com\/index.php\/wp-json\/wp\/v2\/types\/product"}],"replies":[{"embeddable":true,"href":"https:\/\/notomahawk.com\/index.php\/wp-json\/wp\/v2\/comments?post=13476"}],"version-history":[{"count":1,"href":"https:\/\/notomahawk.com\/index.php\/wp-json\/wp\/v2\/product\/13476\/revisions"}],"predecessor-version":[{"id":13481,"href":"https:\/\/notomahawk.com\/index.php\/wp-json\/wp\/v2\/product\/13476\/revisions\/13481"}],"wp:featuredmedia":[{"embeddable":true,"href":"https:\/\/notomahawk.com\/index.php\/wp-json\/wp\/v2\/media\/13402"}],"wp:attachment":[{"href":"https:\/\/notomahawk.com\/index.php\/wp-json\/wp\/v2\/media?parent=13476"}],"wp:term":[{"taxonomy":"product_brand","embeddable":true,"href":"https:\/\/notomahawk.com\/index.php\/wp-json\/wp\/v2\/product_brand?post=13476"},{"taxonomy":"product_cat","embeddable":true,"href":"https:\/\/notomahawk.com\/index.php\/wp-json\/wp\/v2\/product_cat?post=13476"},{"taxonomy":"product_tag","embeddable":true,"href":"https:\/\/notomahawk.com\/index.php\/wp-json\/wp\/v2\/product_tag?post=13476"}],"curies":[{"name":"wp","href":"https:\/\/api.w.org\/{rel}","templated":true}]}}