{"id":13259,"date":"2025-01-17T12:24:30","date_gmt":"2025-01-17T11:24:30","guid":{"rendered":"https:\/\/notomahawk.com\/?post_type=product&#038;p=13259"},"modified":"2026-02-01T11:48:04","modified_gmt":"2026-02-01T10:48:04","slug":"mag-leopard-2","status":"publish","type":"product","link":"https:\/\/notomahawk.com\/index.php\/product\/mag-leopard-2\/","title":{"rendered":"Mag &#8211; collection printemps"},"content":{"rendered":"<p>Boucles d&rsquo;oreilles \u00ab\u00a0Mag\u00a0\u00bb &#8211; collection printemps.<\/p>\n<p>Fleurs en ac\u00e9tate et cr\u00e9oles en laiton dor\u00e9 \u00e0 l&rsquo;or fin.<\/p>\n<p>D\u00e9clin\u00e9es en 7 coloris: blanc nacr\u00e9, licorne, sunset, variation de bleus, l\u00e9opard, beige tachet\u00e9 et beige marbr\u00e9.<\/p>\n<p>Propos\u00e9es pour oreilles perc\u00e9es ou non perc\u00e9es (syst\u00e8me de cr\u00e9oles clips).<\/p>\n<p>2,7cm\/2g<\/p>\n","protected":false},"excerpt":{"rendered":"<p>Boucles d&rsquo;oreilles \u00ab\u00a0Mag\u00a0\u00bb &#8211; collection printemps. Fleurs en ac\u00e9tate et cr\u00e9oles en laiton dor\u00e9 \u00e0 l&rsquo;or fin. D\u00e9clin\u00e9es en 7 coloris: blanc nacr\u00e9, licorne, sunset, variation de bleus, l\u00e9opard, beige tachet\u00e9 et beige marbr\u00e9. Propos\u00e9es pour oreilles perc\u00e9es ou non perc\u00e9es (syst\u00e8me de cr\u00e9oles clips). 2,7cm\/2g<\/p>\n","protected":false},"featured_media":13319,"comment_status":"open","ping_status":"closed","template":"","meta":{"om_disable_all_campaigns":false,"_monsterinsights_skip_tracking":false,"_monsterinsights_sitenote_active":false,"_monsterinsights_sitenote_note":"","_monsterinsights_sitenote_category":0,"site-sidebar-layout":"default","site-content-layout":"","ast-site-content-layout":"default","site-content-style":"default","site-sidebar-style":"default","ast-global-header-display":"","ast-banner-title-visibility":"","ast-main-header-display":"","ast-hfb-above-header-display":"","ast-hfb-below-header-display":"","ast-hfb-mobile-header-display":"","site-post-title":"","ast-breadcrumbs-content":"","ast-featured-img":"","footer-sml-layout":"","theme-transparent-header-meta":"default","adv-header-id-meta":"","stick-header-meta":"","header-above-stick-meta":"","header-main-stick-meta":"","header-below-stick-meta":"","astra-migrate-meta-layouts":"set","ast-page-background-enabled":"default","ast-page-background-meta":{"desktop":{"background-color":"","background-image":"","background-repeat":"repeat","background-position":"center center","background-size":"auto","background-attachment":"scroll","background-type":"","background-media":"","overlay-type":"","overlay-color":"","overlay-opacity":"","overlay-gradient":""},"tablet":{"background-color":"","background-image":"","background-repeat":"repeat","background-position":"center center","background-size":"auto","background-attachment":"scroll","background-type":"","background-media":"","overlay-type":"","overlay-color":"","overlay-opacity":"","overlay-gradient":""},"mobile":{"background-color":"","background-image":"","background-repeat":"repeat","background-position":"center center","background-size":"auto","background-attachment":"scroll","background-type":"","background-media":"","overlay-type":"","overlay-color":"","overlay-opacity":"","overlay-gradient":""}},"ast-content-background-meta":{"desktop":{"background-color":"var(--ast-global-color-5)","background-image":"","background-repeat":"repeat","background-position":"center center","background-size":"auto","background-attachment":"scroll","background-type":"","background-media":"","overlay-type":"","overlay-color":"","overlay-opacity":"","overlay-gradient":""},"tablet":{"background-color":"var(--ast-global-color-5)","background-image":"","background-repeat":"repeat","background-position":"center center","background-size":"auto","background-attachment":"scroll","background-type":"","background-media":"","overlay-type":"","overlay-color":"","overlay-opacity":"","overlay-gradient":""},"mobile":{"background-color":"var(--ast-global-color-5)","background-image":"","background-repeat":"repeat","background-position":"center center","background-size":"auto","background-attachment":"scroll","background-type":"","background-media":"","overlay-type":"","overlay-color":"","overlay-opacity":"","overlay-gradient":""}}},"product_brand":[],"product_cat":[70],"product_tag":[264,102,101,146,197,204,342,210,383,169,425,178,147,92,185,112,93,401,113],"class_list":{"0":"post-13259","1":"product","2":"type-product","3":"status-publish","4":"has-post-thumbnail","6":"product_cat-boucles","7":"product_tag-acetate","8":"product_tag-bijoux","9":"product_tag-bo","10":"product_tag-boucles","11":"product_tag-boucles-doreilles-vintage","12":"product_tag-creoles","13":"product_tag-dore","14":"product_tag-elegance","15":"product_tag-fleurs","16":"product_tag-laiton","17":"product_tag-mini","18":"product_tag-mode","19":"product_tag-or","20":"product_tag-oreilles","21":"product_tag-percees","22":"product_tag-perles","23":"product_tag-plaque","24":"product_tag-tendance","25":"product_tag-vintage","26":"pa_couleur-beige-marbre","27":"pa_couleur-beige-tachete","28":"pa_couleur-blanc-nacre","29":"pa_couleur-leopard","30":"pa_couleur-licorne","31":"pa_couleur-sunset","32":"pa_couleur-variation-de-bleus","33":"desktop-align-center","34":"tablet-align-left","35":"mobile-align-left","37":"first","38":"instock","39":"shipping-taxable","40":"purchasable","41":"product-type-variable","42":"has-default-attributes"},"jetpack-related-posts":[],"jetpack_sharing_enabled":true,"_links":{"self":[{"href":"https:\/\/notomahawk.com\/index.php\/wp-json\/wp\/v2\/product\/13259","targetHints":{"allow":["GET"]}}],"collection":[{"href":"https:\/\/notomahawk.com\/index.php\/wp-json\/wp\/v2\/product"}],"about":[{"href":"https:\/\/notomahawk.com\/index.php\/wp-json\/wp\/v2\/types\/product"}],"replies":[{"embeddable":true,"href":"https:\/\/notomahawk.com\/index.php\/wp-json\/wp\/v2\/comments?post=13259"}],"version-history":[{"count":3,"href":"https:\/\/notomahawk.com\/index.php\/wp-json\/wp\/v2\/product\/13259\/revisions"}],"predecessor-version":[{"id":13428,"href":"https:\/\/notomahawk.com\/index.php\/wp-json\/wp\/v2\/product\/13259\/revisions\/13428"}],"wp:featuredmedia":[{"embeddable":true,"href":"https:\/\/notomahawk.com\/index.php\/wp-json\/wp\/v2\/media\/13319"}],"wp:attachment":[{"href":"https:\/\/notomahawk.com\/index.php\/wp-json\/wp\/v2\/media?parent=13259"}],"wp:term":[{"taxonomy":"product_brand","embeddable":true,"href":"https:\/\/notomahawk.com\/index.php\/wp-json\/wp\/v2\/product_brand?post=13259"},{"taxonomy":"product_cat","embeddable":true,"href":"https:\/\/notomahawk.com\/index.php\/wp-json\/wp\/v2\/product_cat?post=13259"},{"taxonomy":"product_tag","embeddable":true,"href":"https:\/\/notomahawk.com\/index.php\/wp-json\/wp\/v2\/product_tag?post=13259"}],"curies":[{"name":"wp","href":"https:\/\/api.w.org\/{rel}","templated":true}]}}