{"id":13248,"date":"2025-01-17T10:56:15","date_gmt":"2025-01-17T09:56:15","guid":{"rendered":"https:\/\/notomahawk.com\/?post_type=product&#038;p=13248"},"modified":"2025-04-09T10:30:16","modified_gmt":"2025-04-09T09:30:16","slug":"mana","status":"publish","type":"product","link":"https:\/\/notomahawk.com\/index.php\/product\/mana\/","title":{"rendered":"Mana"},"content":{"rendered":"<p>Boucles d&rsquo;oreilles \u00ab\u00a0Mana\u00a0\u00bb.<\/p>\n<p>En r\u00e9sine et acier inoxydable hypoallerg\u00e9nique.<\/p>\n<p>Propos\u00e9es \u00e0 clous pour oreilles perc\u00e9es ou \u00e0 clips pour oreilles non perc\u00e9es.<\/p>\n<p>D\u00e9clin\u00e9es en 2 coloris : rose multi et ambre\/\u00e9cureuil.<\/p>\n<p>6cm\/6,5<\/p>\n","protected":false},"excerpt":{"rendered":"<p>Boucles d&rsquo;oreilles \u00ab\u00a0Mana\u00a0\u00bb. En r\u00e9sine et acier inoxydable hypoallerg\u00e9nique. Propos\u00e9es \u00e0 clous pour oreilles perc\u00e9es ou \u00e0 clips pour oreilles non perc\u00e9es. D\u00e9clin\u00e9es en 2 coloris : rose multi et ambre\/\u00e9cureuil. 6cm\/6,5<\/p>\n","protected":false},"featured_media":13249,"comment_status":"open","ping_status":"closed","template":"","meta":{"om_disable_all_campaigns":false,"_monsterinsights_skip_tracking":false,"_monsterinsights_sitenote_active":false,"_monsterinsights_sitenote_note":"","_monsterinsights_sitenote_category":0,"site-sidebar-layout":"default","site-content-layout":"","ast-site-content-layout":"default","site-content-style":"default","site-sidebar-style":"default","ast-global-header-display":"","ast-banner-title-visibility":"","ast-main-header-display":"","ast-hfb-above-header-display":"","ast-hfb-below-header-display":"","ast-hfb-mobile-header-display":"","site-post-title":"","ast-breadcrumbs-content":"","ast-featured-img":"","footer-sml-layout":"","theme-transparent-header-meta":"default","adv-header-id-meta":"","stick-header-meta":"","header-above-stick-meta":"","header-main-stick-meta":"","header-below-stick-meta":"","astra-migrate-meta-layouts":"set","ast-page-background-enabled":"default","ast-page-background-meta":{"desktop":{"background-color":"","background-image":"","background-repeat":"repeat","background-position":"center center","background-size":"auto","background-attachment":"scroll","background-type":"","background-media":"","overlay-type":"","overlay-color":"","overlay-opacity":"","overlay-gradient":""},"tablet":{"background-color":"","background-image":"","background-repeat":"repeat","background-position":"center center","background-size":"auto","background-attachment":"scroll","background-type":"","background-media":"","overlay-type":"","overlay-color":"","overlay-opacity":"","overlay-gradient":""},"mobile":{"background-color":"","background-image":"","background-repeat":"repeat","background-position":"center center","background-size":"auto","background-attachment":"scroll","background-type":"","background-media":"","overlay-type":"","overlay-color":"","overlay-opacity":"","overlay-gradient":""}},"ast-content-background-meta":{"desktop":{"background-color":"var(--ast-global-color-5)","background-image":"","background-repeat":"repeat","background-position":"center center","background-size":"auto","background-attachment":"scroll","background-type":"","background-media":"","overlay-type":"","overlay-color":"","overlay-opacity":"","overlay-gradient":""},"tablet":{"background-color":"var(--ast-global-color-5)","background-image":"","background-repeat":"repeat","background-position":"center center","background-size":"auto","background-attachment":"scroll","background-type":"","background-media":"","overlay-type":"","overlay-color":"","overlay-opacity":"","overlay-gradient":""},"mobile":{"background-color":"var(--ast-global-color-5)","background-image":"","background-repeat":"repeat","background-position":"center center","background-size":"auto","background-attachment":"scroll","background-type":"","background-media":"","overlay-type":"","overlay-color":"","overlay-opacity":"","overlay-gradient":""}}},"product_brand":[],"product_cat":[70],"product_tag":[216,199,102,101,146,197,263,210,266,178,92,185,151,401,113],"class_list":{"0":"post-13248","1":"product","2":"type-product","3":"status-publish","4":"has-post-thumbnail","6":"product_cat-boucles","7":"product_tag-acier","8":"product_tag-acrylique","9":"product_tag-bijoux","10":"product_tag-bo","11":"product_tag-boucles","12":"product_tag-boucles-doreilles-vintage","13":"product_tag-clips","14":"product_tag-elegance","15":"product_tag-inoxydable","16":"product_tag-mode","17":"product_tag-oreilles","18":"product_tag-percees","19":"product_tag-resine","20":"product_tag-tendance","21":"product_tag-vintage","22":"pa_couleur-ambre-ecureuil","23":"pa_couleur-rose-multi","24":"desktop-align-center","25":"tablet-align-left","26":"mobile-align-left","28":"first","29":"instock","30":"shipping-taxable","31":"purchasable","32":"product-type-variable","33":"has-default-attributes"},"jetpack-related-posts":[],"jetpack_sharing_enabled":true,"_links":{"self":[{"href":"https:\/\/notomahawk.com\/index.php\/wp-json\/wp\/v2\/product\/13248","targetHints":{"allow":["GET"]}}],"collection":[{"href":"https:\/\/notomahawk.com\/index.php\/wp-json\/wp\/v2\/product"}],"about":[{"href":"https:\/\/notomahawk.com\/index.php\/wp-json\/wp\/v2\/types\/product"}],"replies":[{"embeddable":true,"href":"https:\/\/notomahawk.com\/index.php\/wp-json\/wp\/v2\/comments?post=13248"}],"version-history":[{"count":2,"href":"https:\/\/notomahawk.com\/index.php\/wp-json\/wp\/v2\/product\/13248\/revisions"}],"predecessor-version":[{"id":13549,"href":"https:\/\/notomahawk.com\/index.php\/wp-json\/wp\/v2\/product\/13248\/revisions\/13549"}],"wp:featuredmedia":[{"embeddable":true,"href":"https:\/\/notomahawk.com\/index.php\/wp-json\/wp\/v2\/media\/13249"}],"wp:attachment":[{"href":"https:\/\/notomahawk.com\/index.php\/wp-json\/wp\/v2\/media?parent=13248"}],"wp:term":[{"taxonomy":"product_brand","embeddable":true,"href":"https:\/\/notomahawk.com\/index.php\/wp-json\/wp\/v2\/product_brand?post=13248"},{"taxonomy":"product_cat","embeddable":true,"href":"https:\/\/notomahawk.com\/index.php\/wp-json\/wp\/v2\/product_cat?post=13248"},{"taxonomy":"product_tag","embeddable":true,"href":"https:\/\/notomahawk.com\/index.php\/wp-json\/wp\/v2\/product_tag?post=13248"}],"curies":[{"name":"wp","href":"https:\/\/api.w.org\/{rel}","templated":true}]}}