{"id":12905,"date":"2024-12-01T10:07:10","date_gmt":"2024-12-01T09:07:10","guid":{"rendered":"https:\/\/notomahawk.com\/?post_type=product&#038;p=12905"},"modified":"2025-06-06T07:07:29","modified_gmt":"2025-06-06T06:07:29","slug":"aquarelle-mat-gold-m","status":"publish","type":"product","link":"https:\/\/notomahawk.com\/index.php\/product\/aquarelle-mat-gold-m\/","title":{"rendered":"Aquarelle mat gold M"},"content":{"rendered":"<p>Boucles d&rsquo;oreilles \u00ab\u00a0Aquarelle mat gold M\u00a0\u00bb en un format plus g\u00e9n\u00e9reux encore (10 p\u00e9tales par fleur au lieu de 6). Coloris dor\u00e9 mat.<\/p>\n<p>Perles p\u00e9tales en acrylique et cr\u00e9oles en laiton dor\u00e9 \u00e0 l&rsquo;or fin.<\/p>\n<p>Propos\u00e9es pour oreilles perc\u00e9es ou non perc\u00e9es.<\/p>\n<p>5cm\/6g.<\/p>\n","protected":false},"excerpt":{"rendered":"<p>Boucles d&rsquo;oreilles \u00ab\u00a0Aquarelle mat gold M\u00a0\u00bb en un format plus g\u00e9n\u00e9reux encore (10 p\u00e9tales par fleur au lieu de 6). Coloris dor\u00e9 mat. Perles p\u00e9tales en acrylique et cr\u00e9oles en laiton dor\u00e9 \u00e0 l&rsquo;or fin. Propos\u00e9es pour oreilles perc\u00e9es ou non perc\u00e9es. 5cm\/6g.<\/p>\n","protected":false},"featured_media":12892,"comment_status":"open","ping_status":"closed","template":"","meta":{"om_disable_all_campaigns":false,"_monsterinsights_skip_tracking":false,"_monsterinsights_sitenote_active":false,"_monsterinsights_sitenote_note":"","_monsterinsights_sitenote_category":0,"site-sidebar-layout":"default","site-content-layout":"default","ast-site-content-layout":"default","site-content-style":"default","site-sidebar-style":"default","ast-global-header-display":"","ast-banner-title-visibility":"","ast-main-header-display":"","ast-hfb-above-header-display":"","ast-hfb-below-header-display":"","ast-hfb-mobile-header-display":"","site-post-title":"","ast-breadcrumbs-content":"","ast-featured-img":"","footer-sml-layout":"","theme-transparent-header-meta":"default","adv-header-id-meta":"","stick-header-meta":"","header-above-stick-meta":"","header-main-stick-meta":"","header-below-stick-meta":"","astra-migrate-meta-layouts":"set","ast-page-background-enabled":"default","ast-page-background-meta":{"desktop":{"background-color":"","background-image":"","background-repeat":"repeat","background-position":"center center","background-size":"auto","background-attachment":"scroll","background-type":"","background-media":"","overlay-type":"","overlay-color":"","overlay-opacity":"","overlay-gradient":""},"tablet":{"background-color":"","background-image":"","background-repeat":"repeat","background-position":"center center","background-size":"auto","background-attachment":"scroll","background-type":"","background-media":"","overlay-type":"","overlay-color":"","overlay-opacity":"","overlay-gradient":""},"mobile":{"background-color":"","background-image":"","background-repeat":"repeat","background-position":"center center","background-size":"auto","background-attachment":"scroll","background-type":"","background-media":"","overlay-type":"","overlay-color":"","overlay-opacity":"","overlay-gradient":""}},"ast-content-background-meta":{"desktop":{"background-color":"var(--ast-global-color-5)","background-image":"","background-repeat":"repeat","background-position":"center center","background-size":"auto","background-attachment":"scroll","background-type":"","background-media":"","overlay-type":"","overlay-color":"","overlay-opacity":"","overlay-gradient":""},"tablet":{"background-color":"var(--ast-global-color-5)","background-image":"","background-repeat":"repeat","background-position":"center center","background-size":"auto","background-attachment":"scroll","background-type":"","background-media":"","overlay-type":"","overlay-color":"","overlay-opacity":"","overlay-gradient":""},"mobile":{"background-color":"var(--ast-global-color-5)","background-image":"","background-repeat":"repeat","background-position":"center center","background-size":"auto","background-attachment":"scroll","background-type":"","background-media":"","overlay-type":"","overlay-color":"","overlay-opacity":"","overlay-gradient":""}}},"product_brand":[],"product_cat":[70],"product_tag":[199,102,101,146,263,204,383,679,425,178,147,384,93],"class_list":{"0":"post-12905","1":"product","2":"type-product","3":"status-publish","4":"has-post-thumbnail","6":"product_cat-boucles","7":"product_tag-acrylique","8":"product_tag-bijoux","9":"product_tag-bo","10":"product_tag-boucles","11":"product_tag-clips","12":"product_tag-creoles","13":"product_tag-fleurs","14":"product_tag-mat","15":"product_tag-mini","16":"product_tag-mode","17":"product_tag-or","18":"product_tag-petales","19":"product_tag-plaque","20":"desktop-align-center","21":"tablet-align-left","22":"mobile-align-left","24":"first","25":"instock","26":"shipping-taxable","27":"purchasable","28":"product-type-variable","29":"has-default-attributes"},"jetpack-related-posts":[],"jetpack_sharing_enabled":true,"_links":{"self":[{"href":"https:\/\/notomahawk.com\/index.php\/wp-json\/wp\/v2\/product\/12905","targetHints":{"allow":["GET"]}}],"collection":[{"href":"https:\/\/notomahawk.com\/index.php\/wp-json\/wp\/v2\/product"}],"about":[{"href":"https:\/\/notomahawk.com\/index.php\/wp-json\/wp\/v2\/types\/product"}],"replies":[{"embeddable":true,"href":"https:\/\/notomahawk.com\/index.php\/wp-json\/wp\/v2\/comments?post=12905"}],"version-history":[{"count":1,"href":"https:\/\/notomahawk.com\/index.php\/wp-json\/wp\/v2\/product\/12905\/revisions"}],"predecessor-version":[{"id":12908,"href":"https:\/\/notomahawk.com\/index.php\/wp-json\/wp\/v2\/product\/12905\/revisions\/12908"}],"wp:featuredmedia":[{"embeddable":true,"href":"https:\/\/notomahawk.com\/index.php\/wp-json\/wp\/v2\/media\/12892"}],"wp:attachment":[{"href":"https:\/\/notomahawk.com\/index.php\/wp-json\/wp\/v2\/media?parent=12905"}],"wp:term":[{"taxonomy":"product_brand","embeddable":true,"href":"https:\/\/notomahawk.com\/index.php\/wp-json\/wp\/v2\/product_brand?post=12905"},{"taxonomy":"product_cat","embeddable":true,"href":"https:\/\/notomahawk.com\/index.php\/wp-json\/wp\/v2\/product_cat?post=12905"},{"taxonomy":"product_tag","embeddable":true,"href":"https:\/\/notomahawk.com\/index.php\/wp-json\/wp\/v2\/product_tag?post=12905"}],"curies":[{"name":"wp","href":"https:\/\/api.w.org\/{rel}","templated":true}]}}