{"id":12860,"date":"2024-11-30T14:09:06","date_gmt":"2024-11-30T13:09:06","guid":{"rendered":"https:\/\/notomahawk.com\/?post_type=product&#038;p=12860"},"modified":"2025-07-03T11:00:52","modified_gmt":"2025-07-03T10:00:52","slug":"charlene","status":"publish","type":"product","link":"https:\/\/notomahawk.com\/index.php\/product\/charlene\/","title":{"rendered":"Charlene"},"content":{"rendered":"<p>Collier \u00ab\u00a0Charlene\u00a0\u00bb.<\/p>\n<p>Perles et pendentif coeur en r\u00e9sine et appr\u00eats en acier inoxydable.<\/p>\n<p>Propos\u00e9 en 3 coloris.<\/p>\n<p><span style=\"font-size: 16px;\">43 cm + 5 cm de cha\u00eenette d&rsquo;extension.<\/span><\/p>\n","protected":false},"excerpt":{"rendered":"<p>Collier \u00ab\u00a0Charlene\u00a0\u00bb. Perles et pendentif coeur en r\u00e9sine et appr\u00eats en acier inoxydable. Propos\u00e9 en 3 coloris. 43 cm + 5 cm de cha\u00eenette d&rsquo;extension.<\/p>\n","protected":false},"featured_media":12859,"comment_status":"open","ping_status":"closed","template":"","meta":{"om_disable_all_campaigns":false,"_monsterinsights_skip_tracking":false,"_monsterinsights_sitenote_active":false,"_monsterinsights_sitenote_note":"","_monsterinsights_sitenote_category":0,"site-sidebar-layout":"default","site-content-layout":"","ast-site-content-layout":"default","site-content-style":"default","site-sidebar-style":"default","ast-global-header-display":"","ast-banner-title-visibility":"","ast-main-header-display":"","ast-hfb-above-header-display":"","ast-hfb-below-header-display":"","ast-hfb-mobile-header-display":"","site-post-title":"","ast-breadcrumbs-content":"","ast-featured-img":"","footer-sml-layout":"","theme-transparent-header-meta":"default","adv-header-id-meta":"","stick-header-meta":"","header-above-stick-meta":"","header-main-stick-meta":"","header-below-stick-meta":"","astra-migrate-meta-layouts":"set","ast-page-background-enabled":"default","ast-page-background-meta":{"desktop":{"background-color":"","background-image":"","background-repeat":"repeat","background-position":"center center","background-size":"auto","background-attachment":"scroll","background-type":"","background-media":"","overlay-type":"","overlay-color":"","overlay-opacity":"","overlay-gradient":""},"tablet":{"background-color":"","background-image":"","background-repeat":"repeat","background-position":"center center","background-size":"auto","background-attachment":"scroll","background-type":"","background-media":"","overlay-type":"","overlay-color":"","overlay-opacity":"","overlay-gradient":""},"mobile":{"background-color":"","background-image":"","background-repeat":"repeat","background-position":"center center","background-size":"auto","background-attachment":"scroll","background-type":"","background-media":"","overlay-type":"","overlay-color":"","overlay-opacity":"","overlay-gradient":""}},"ast-content-background-meta":{"desktop":{"background-color":"var(--ast-global-color-5)","background-image":"","background-repeat":"repeat","background-position":"center center","background-size":"auto","background-attachment":"scroll","background-type":"","background-media":"","overlay-type":"","overlay-color":"","overlay-opacity":"","overlay-gradient":""},"tablet":{"background-color":"var(--ast-global-color-5)","background-image":"","background-repeat":"repeat","background-position":"center center","background-size":"auto","background-attachment":"scroll","background-type":"","background-media":"","overlay-type":"","overlay-color":"","overlay-opacity":"","overlay-gradient":""},"mobile":{"background-color":"var(--ast-global-color-5)","background-image":"","background-repeat":"repeat","background-position":"center center","background-size":"auto","background-attachment":"scroll","background-type":"","background-media":"","overlay-type":"","overlay-color":"","overlay-opacity":"","overlay-gradient":""}}},"product_brand":[],"product_cat":[76],"product_tag":[411,149,178,180,112,151,401,113],"class_list":{"0":"post-12860","1":"product","2":"type-product","3":"status-publish","4":"has-post-thumbnail","6":"product_cat-colliers","7":"product_tag-coeur","8":"product_tag-collier","9":"product_tag-mode","10":"product_tag-oversize","11":"product_tag-perles","12":"product_tag-resine","13":"product_tag-tendance","14":"product_tag-vintage","15":"pa_couleur-beige-ambre","16":"pa_couleur-terracotta-ambre-2","17":"pa_couleur-vert-kaki-ambre","18":"desktop-align-center","19":"tablet-align-left","20":"mobile-align-left","22":"first","23":"instock","24":"shipping-taxable","25":"purchasable","26":"product-type-variable"},"jetpack-related-posts":[],"jetpack_sharing_enabled":true,"_links":{"self":[{"href":"https:\/\/notomahawk.com\/index.php\/wp-json\/wp\/v2\/product\/12860","targetHints":{"allow":["GET"]}}],"collection":[{"href":"https:\/\/notomahawk.com\/index.php\/wp-json\/wp\/v2\/product"}],"about":[{"href":"https:\/\/notomahawk.com\/index.php\/wp-json\/wp\/v2\/types\/product"}],"replies":[{"embeddable":true,"href":"https:\/\/notomahawk.com\/index.php\/wp-json\/wp\/v2\/comments?post=12860"}],"version-history":[{"count":3,"href":"https:\/\/notomahawk.com\/index.php\/wp-json\/wp\/v2\/product\/12860\/revisions"}],"predecessor-version":[{"id":13891,"href":"https:\/\/notomahawk.com\/index.php\/wp-json\/wp\/v2\/product\/12860\/revisions\/13891"}],"wp:featuredmedia":[{"embeddable":true,"href":"https:\/\/notomahawk.com\/index.php\/wp-json\/wp\/v2\/media\/12859"}],"wp:attachment":[{"href":"https:\/\/notomahawk.com\/index.php\/wp-json\/wp\/v2\/media?parent=12860"}],"wp:term":[{"taxonomy":"product_brand","embeddable":true,"href":"https:\/\/notomahawk.com\/index.php\/wp-json\/wp\/v2\/product_brand?post=12860"},{"taxonomy":"product_cat","embeddable":true,"href":"https:\/\/notomahawk.com\/index.php\/wp-json\/wp\/v2\/product_cat?post=12860"},{"taxonomy":"product_tag","embeddable":true,"href":"https:\/\/notomahawk.com\/index.php\/wp-json\/wp\/v2\/product_tag?post=12860"}],"curies":[{"name":"wp","href":"https:\/\/api.w.org\/{rel}","templated":true}]}}