{"id":12711,"date":"2024-11-15T15:37:18","date_gmt":"2024-11-15T14:37:18","guid":{"rendered":"https:\/\/notomahawk.com\/?post_type=product&#038;p=12711"},"modified":"2024-12-07T12:08:42","modified_gmt":"2024-12-07T11:08:42","slug":"erina-mini","status":"publish","type":"product","link":"https:\/\/notomahawk.com\/index.php\/product\/erina-mini\/","title":{"rendered":"Erina S"},"content":{"rendered":"<p>Boucles d&rsquo;oreilles \u00ab\u00a0Erina\u00a0\u00bb dans leur version S.<\/p>\n<p>C\u0153urs en r\u00e9sine et clous d&rsquo;oreilles et appr\u00eats en acier inoxydable.<\/p>\n<p>\u00c0 clous pour oreilles perc\u00e9es ou \u00e0 clips pour oreilles non perc\u00e9es.<\/p>\n<p>5,5cm\/ 3g<\/p>\n","protected":false},"excerpt":{"rendered":"<p>Boucles d&rsquo;oreilles \u00ab\u00a0Erina\u00a0\u00bb dans leur version S. C\u0153urs en r\u00e9sine et clous d&rsquo;oreilles et appr\u00eats en acier inoxydable. \u00c0 clous pour oreilles perc\u00e9es ou \u00e0 clips pour oreilles non perc\u00e9es. 5,5cm\/ 3g<\/p>\n","protected":false},"featured_media":12827,"comment_status":"open","ping_status":"closed","template":"","meta":{"om_disable_all_campaigns":false,"_monsterinsights_skip_tracking":false,"_monsterinsights_sitenote_active":false,"_monsterinsights_sitenote_note":"","_monsterinsights_sitenote_category":0,"site-sidebar-layout":"default","site-content-layout":"","ast-site-content-layout":"default","site-content-style":"default","site-sidebar-style":"default","ast-global-header-display":"","ast-banner-title-visibility":"","ast-main-header-display":"","ast-hfb-above-header-display":"","ast-hfb-below-header-display":"","ast-hfb-mobile-header-display":"","site-post-title":"","ast-breadcrumbs-content":"","ast-featured-img":"","footer-sml-layout":"","theme-transparent-header-meta":"default","adv-header-id-meta":"","stick-header-meta":"","header-above-stick-meta":"","header-main-stick-meta":"","header-below-stick-meta":"","astra-migrate-meta-layouts":"set","ast-page-background-enabled":"default","ast-page-background-meta":{"desktop":{"background-color":"","background-image":"","background-repeat":"repeat","background-position":"center center","background-size":"auto","background-attachment":"scroll","background-type":"","background-media":"","overlay-type":"","overlay-color":"","overlay-opacity":"","overlay-gradient":""},"tablet":{"background-color":"","background-image":"","background-repeat":"repeat","background-position":"center center","background-size":"auto","background-attachment":"scroll","background-type":"","background-media":"","overlay-type":"","overlay-color":"","overlay-opacity":"","overlay-gradient":""},"mobile":{"background-color":"","background-image":"","background-repeat":"repeat","background-position":"center center","background-size":"auto","background-attachment":"scroll","background-type":"","background-media":"","overlay-type":"","overlay-color":"","overlay-opacity":"","overlay-gradient":""}},"ast-content-background-meta":{"desktop":{"background-color":"var(--ast-global-color-5)","background-image":"","background-repeat":"repeat","background-position":"center center","background-size":"auto","background-attachment":"scroll","background-type":"","background-media":"","overlay-type":"","overlay-color":"","overlay-opacity":"","overlay-gradient":""},"tablet":{"background-color":"var(--ast-global-color-5)","background-image":"","background-repeat":"repeat","background-position":"center center","background-size":"auto","background-attachment":"scroll","background-type":"","background-media":"","overlay-type":"","overlay-color":"","overlay-opacity":"","overlay-gradient":""},"mobile":{"background-color":"var(--ast-global-color-5)","background-image":"","background-repeat":"repeat","background-position":"center center","background-size":"auto","background-attachment":"scroll","background-type":"","background-media":"","overlay-type":"","overlay-color":"","overlay-opacity":"","overlay-gradient":""}}},"product_brand":[],"product_cat":[70],"product_tag":[216,199,102,101,146,197,217,263,411,412,342,210,266,178,92,185,151,401,113],"class_list":{"0":"post-12711","1":"product","2":"type-product","3":"status-publish","4":"has-post-thumbnail","6":"product_cat-boucles","7":"product_tag-acier","8":"product_tag-acrylique","9":"product_tag-bijoux","10":"product_tag-bo","11":"product_tag-boucles","12":"product_tag-boucles-doreilles-vintage","13":"product_tag-chirurgical","14":"product_tag-clips","15":"product_tag-coeur","16":"product_tag-coeurs","17":"product_tag-dore","18":"product_tag-elegance","19":"product_tag-inoxydable","20":"product_tag-mode","21":"product_tag-oreilles","22":"product_tag-percees","23":"product_tag-resine","24":"product_tag-tendance","25":"product_tag-vintage","26":"pa_couleur-peche-ambre","27":"pa_couleur-terracotta-ambre","28":"pa_couleur-vert-marbre","29":"desktop-align-center","30":"tablet-align-left","31":"mobile-align-left","33":"first","34":"instock","35":"shipping-taxable","36":"purchasable","37":"product-type-variable","38":"has-default-attributes"},"jetpack-related-posts":[],"jetpack_sharing_enabled":true,"_links":{"self":[{"href":"https:\/\/notomahawk.com\/index.php\/wp-json\/wp\/v2\/product\/12711","targetHints":{"allow":["GET"]}}],"collection":[{"href":"https:\/\/notomahawk.com\/index.php\/wp-json\/wp\/v2\/product"}],"about":[{"href":"https:\/\/notomahawk.com\/index.php\/wp-json\/wp\/v2\/types\/product"}],"replies":[{"embeddable":true,"href":"https:\/\/notomahawk.com\/index.php\/wp-json\/wp\/v2\/comments?post=12711"}],"version-history":[{"count":6,"href":"https:\/\/notomahawk.com\/index.php\/wp-json\/wp\/v2\/product\/12711\/revisions"}],"predecessor-version":[{"id":12835,"href":"https:\/\/notomahawk.com\/index.php\/wp-json\/wp\/v2\/product\/12711\/revisions\/12835"}],"wp:featuredmedia":[{"embeddable":true,"href":"https:\/\/notomahawk.com\/index.php\/wp-json\/wp\/v2\/media\/12827"}],"wp:attachment":[{"href":"https:\/\/notomahawk.com\/index.php\/wp-json\/wp\/v2\/media?parent=12711"}],"wp:term":[{"taxonomy":"product_brand","embeddable":true,"href":"https:\/\/notomahawk.com\/index.php\/wp-json\/wp\/v2\/product_brand?post=12711"},{"taxonomy":"product_cat","embeddable":true,"href":"https:\/\/notomahawk.com\/index.php\/wp-json\/wp\/v2\/product_cat?post=12711"},{"taxonomy":"product_tag","embeddable":true,"href":"https:\/\/notomahawk.com\/index.php\/wp-json\/wp\/v2\/product_tag?post=12711"}],"curies":[{"name":"wp","href":"https:\/\/api.w.org\/{rel}","templated":true}]}}