{"id":12588,"date":"2024-10-24T17:38:23","date_gmt":"2024-10-24T16:38:23","guid":{"rendered":"https:\/\/notomahawk.com\/?post_type=product&#038;p=12588"},"modified":"2025-12-09T12:01:45","modified_gmt":"2025-12-09T11:01:45","slug":"cordelia","status":"publish","type":"product","link":"https:\/\/notomahawk.com\/index.php\/product\/cordelia\/","title":{"rendered":"Cord\u00e9lia"},"content":{"rendered":"<p>Bracelets Cord\u00e9lia.<\/p>\n<p>Coeur en r\u00e9sine mont\u00e9s sur fil \u00e9lastique.<\/p>\n<p>D\u00e9clin\u00e9s en 4 coloris et propos\u00e9s en 3 tailles: S pour poignets fins (environ 15-16 cm de tour de poignet), M pour poignets medium (16-17 cm de tour de poignet) ou L pour poignets forts (17-18 cm de tour de poignet).<\/p>\n","protected":false},"excerpt":{"rendered":"<p>Bracelets Cord\u00e9lia. Coeur en r\u00e9sine mont\u00e9s sur fil \u00e9lastique. D\u00e9clin\u00e9s en 4 coloris et propos\u00e9s en 3 tailles: S pour poignets fins (environ 15-16 cm de tour de poignet), M pour poignets medium (16-17 cm de tour de poignet) ou L pour poignets forts (17-18 cm de tour de poignet).<\/p>\n","protected":false},"featured_media":12570,"comment_status":"open","ping_status":"closed","template":"","meta":{"om_disable_all_campaigns":false,"_monsterinsights_skip_tracking":false,"_monsterinsights_sitenote_active":false,"_monsterinsights_sitenote_note":"","_monsterinsights_sitenote_category":0,"site-sidebar-layout":"default","site-content-layout":"","ast-site-content-layout":"default","site-content-style":"default","site-sidebar-style":"default","ast-global-header-display":"","ast-banner-title-visibility":"","ast-main-header-display":"","ast-hfb-above-header-display":"","ast-hfb-below-header-display":"","ast-hfb-mobile-header-display":"","site-post-title":"","ast-breadcrumbs-content":"","ast-featured-img":"","footer-sml-layout":"","theme-transparent-header-meta":"default","adv-header-id-meta":"","stick-header-meta":"","header-above-stick-meta":"","header-main-stick-meta":"","header-below-stick-meta":"","astra-migrate-meta-layouts":"set","ast-page-background-enabled":"default","ast-page-background-meta":{"desktop":{"background-color":"","background-image":"","background-repeat":"repeat","background-position":"center center","background-size":"auto","background-attachment":"scroll","background-type":"","background-media":"","overlay-type":"","overlay-color":"","overlay-opacity":"","overlay-gradient":""},"tablet":{"background-color":"","background-image":"","background-repeat":"repeat","background-position":"center center","background-size":"auto","background-attachment":"scroll","background-type":"","background-media":"","overlay-type":"","overlay-color":"","overlay-opacity":"","overlay-gradient":""},"mobile":{"background-color":"","background-image":"","background-repeat":"repeat","background-position":"center center","background-size":"auto","background-attachment":"scroll","background-type":"","background-media":"","overlay-type":"","overlay-color":"","overlay-opacity":"","overlay-gradient":""}},"ast-content-background-meta":{"desktop":{"background-color":"var(--ast-global-color-5)","background-image":"","background-repeat":"repeat","background-position":"center center","background-size":"auto","background-attachment":"scroll","background-type":"","background-media":"","overlay-type":"","overlay-color":"","overlay-opacity":"","overlay-gradient":""},"tablet":{"background-color":"var(--ast-global-color-5)","background-image":"","background-repeat":"repeat","background-position":"center center","background-size":"auto","background-attachment":"scroll","background-type":"","background-media":"","overlay-type":"","overlay-color":"","overlay-opacity":"","overlay-gradient":""},"mobile":{"background-color":"var(--ast-global-color-5)","background-image":"","background-repeat":"repeat","background-position":"center center","background-size":"auto","background-attachment":"scroll","background-type":"","background-media":"","overlay-type":"","overlay-color":"","overlay-opacity":"","overlay-gradient":""}}},"product_brand":[],"product_cat":[73],"product_tag":[102,170,411,412,178,180,151,401],"class_list":{"0":"post-12588","1":"product","2":"type-product","3":"status-publish","4":"has-post-thumbnail","6":"product_cat-bracelets","7":"product_tag-bijoux","8":"product_tag-bracelet","9":"product_tag-coeur","10":"product_tag-coeurs","11":"product_tag-mode","12":"product_tag-oversize","13":"product_tag-resine","14":"product_tag-tendance","15":"pa_couleur-ambre-marbre","16":"pa_couleur-bleu-gris-marbre","17":"pa_couleur-creme-marbre","18":"pa_couleur-rose-peche-marbre","19":"desktop-align-center","20":"tablet-align-left","21":"mobile-align-left","23":"first","24":"instock","25":"shipping-taxable","26":"purchasable","27":"product-type-variable"},"jetpack-related-posts":[],"jetpack_sharing_enabled":true,"_links":{"self":[{"href":"https:\/\/notomahawk.com\/index.php\/wp-json\/wp\/v2\/product\/12588","targetHints":{"allow":["GET"]}}],"collection":[{"href":"https:\/\/notomahawk.com\/index.php\/wp-json\/wp\/v2\/product"}],"about":[{"href":"https:\/\/notomahawk.com\/index.php\/wp-json\/wp\/v2\/types\/product"}],"replies":[{"embeddable":true,"href":"https:\/\/notomahawk.com\/index.php\/wp-json\/wp\/v2\/comments?post=12588"}],"version-history":[{"count":1,"href":"https:\/\/notomahawk.com\/index.php\/wp-json\/wp\/v2\/product\/12588\/revisions"}],"predecessor-version":[{"id":12601,"href":"https:\/\/notomahawk.com\/index.php\/wp-json\/wp\/v2\/product\/12588\/revisions\/12601"}],"wp:featuredmedia":[{"embeddable":true,"href":"https:\/\/notomahawk.com\/index.php\/wp-json\/wp\/v2\/media\/12570"}],"wp:attachment":[{"href":"https:\/\/notomahawk.com\/index.php\/wp-json\/wp\/v2\/media?parent=12588"}],"wp:term":[{"taxonomy":"product_brand","embeddable":true,"href":"https:\/\/notomahawk.com\/index.php\/wp-json\/wp\/v2\/product_brand?post=12588"},{"taxonomy":"product_cat","embeddable":true,"href":"https:\/\/notomahawk.com\/index.php\/wp-json\/wp\/v2\/product_cat?post=12588"},{"taxonomy":"product_tag","embeddable":true,"href":"https:\/\/notomahawk.com\/index.php\/wp-json\/wp\/v2\/product_tag?post=12588"}],"curies":[{"name":"wp","href":"https:\/\/api.w.org\/{rel}","templated":true}]}}