{"id":12342,"date":"2024-09-14T15:39:26","date_gmt":"2024-09-14T14:39:26","guid":{"rendered":"https:\/\/notomahawk.com\/?post_type=product&#038;p=12342"},"modified":"2025-11-02T12:38:46","modified_gmt":"2025-11-02T11:38:46","slug":"clovis-collier","status":"publish","type":"product","link":"https:\/\/notomahawk.com\/index.php\/product\/clovis-collier\/","title":{"rendered":"Clovis"},"content":{"rendered":"<p>Collier \u00ab\u00a0Clovis\u00a0\u00bb.<\/p>\n<p>Perles et pendentif coeur en r\u00e9sine et appr\u00eats en acier inoxydable.<\/p>\n<p>Propos\u00e9 en 13 coloris et en 2 tailles.<\/p>\n<p>Taille S\/M: 41 cm + 5 cm de cha\u00eenette d&rsquo;extension.<\/p>\n<p>Taille M\/L: 43 cm + 5 cm de cha\u00eenette d&rsquo;extension.<\/p>\n","protected":false},"excerpt":{"rendered":"<p>Collier \u00ab\u00a0Clovis\u00a0\u00bb. Perles et pendentif coeur en r\u00e9sine et appr\u00eats en acier inoxydable. Propos\u00e9 en 13 coloris et en 2 tailles. Taille S\/M: 41 cm + 5 cm de cha\u00eenette d&rsquo;extension. Taille M\/L: 43 cm + 5 cm de cha\u00eenette d&rsquo;extension.<\/p>\n","protected":false},"featured_media":12413,"comment_status":"open","ping_status":"closed","template":"","meta":{"om_disable_all_campaigns":false,"_monsterinsights_skip_tracking":false,"_monsterinsights_sitenote_active":false,"_monsterinsights_sitenote_note":"","_monsterinsights_sitenote_category":0,"site-sidebar-layout":"default","site-content-layout":"","ast-site-content-layout":"default","site-content-style":"default","site-sidebar-style":"default","ast-global-header-display":"","ast-banner-title-visibility":"","ast-main-header-display":"","ast-hfb-above-header-display":"","ast-hfb-below-header-display":"","ast-hfb-mobile-header-display":"","site-post-title":"","ast-breadcrumbs-content":"","ast-featured-img":"","footer-sml-layout":"","theme-transparent-header-meta":"default","adv-header-id-meta":"","stick-header-meta":"","header-above-stick-meta":"","header-main-stick-meta":"","header-below-stick-meta":"","astra-migrate-meta-layouts":"set","ast-page-background-enabled":"default","ast-page-background-meta":{"desktop":{"background-color":"","background-image":"","background-repeat":"repeat","background-position":"center center","background-size":"auto","background-attachment":"scroll","background-type":"","background-media":"","overlay-type":"","overlay-color":"","overlay-opacity":"","overlay-gradient":""},"tablet":{"background-color":"","background-image":"","background-repeat":"repeat","background-position":"center center","background-size":"auto","background-attachment":"scroll","background-type":"","background-media":"","overlay-type":"","overlay-color":"","overlay-opacity":"","overlay-gradient":""},"mobile":{"background-color":"","background-image":"","background-repeat":"repeat","background-position":"center center","background-size":"auto","background-attachment":"scroll","background-type":"","background-media":"","overlay-type":"","overlay-color":"","overlay-opacity":"","overlay-gradient":""}},"ast-content-background-meta":{"desktop":{"background-color":"var(--ast-global-color-5)","background-image":"","background-repeat":"repeat","background-position":"center center","background-size":"auto","background-attachment":"scroll","background-type":"","background-media":"","overlay-type":"","overlay-color":"","overlay-opacity":"","overlay-gradient":""},"tablet":{"background-color":"var(--ast-global-color-5)","background-image":"","background-repeat":"repeat","background-position":"center center","background-size":"auto","background-attachment":"scroll","background-type":"","background-media":"","overlay-type":"","overlay-color":"","overlay-opacity":"","overlay-gradient":""},"mobile":{"background-color":"var(--ast-global-color-5)","background-image":"","background-repeat":"repeat","background-position":"center center","background-size":"auto","background-attachment":"scroll","background-type":"","background-media":"","overlay-type":"","overlay-color":"","overlay-opacity":"","overlay-gradient":""}}},"product_brand":[],"product_cat":[76],"product_tag":[411,149,178,180,112,151,401,113],"class_list":{"0":"post-12342","1":"product","2":"type-product","3":"status-publish","4":"has-post-thumbnail","6":"product_cat-colliers","7":"product_tag-coeur","8":"product_tag-collier","9":"product_tag-mode","10":"product_tag-oversize","11":"product_tag-perles","12":"product_tag-resine","13":"product_tag-tendance","14":"product_tag-vintage","15":"pa_couleur-ambre-rose","16":"pa_couleur-beige-ivoire","17":"pa_couleur-bleu-mariniere","18":"pa_couleur-bleu-multi","19":"pa_couleur-brun-henne-marron-ambre","20":"pa_couleur-ecru-ivoire","21":"pa_couleur-jaune-pale-ivoire","22":"pa_couleur-marron-caramel-marron-marbre","23":"pa_couleur-marron-marbre-abricot","24":"pa_couleur-marron-marbre-marron-marbre","25":"pa_couleur-multico-nacre","26":"pa_couleur-orange-multi","27":"pa_couleur-rose-multi","28":"pa_couleur-vert-multi","29":"desktop-align-center","30":"tablet-align-left","31":"mobile-align-left","33":"first","34":"instock","35":"shipping-taxable","36":"purchasable","37":"product-type-variable","38":"has-default-attributes"},"jetpack-related-posts":[],"jetpack_sharing_enabled":true,"_links":{"self":[{"href":"https:\/\/notomahawk.com\/index.php\/wp-json\/wp\/v2\/product\/12342","targetHints":{"allow":["GET"]}}],"collection":[{"href":"https:\/\/notomahawk.com\/index.php\/wp-json\/wp\/v2\/product"}],"about":[{"href":"https:\/\/notomahawk.com\/index.php\/wp-json\/wp\/v2\/types\/product"}],"replies":[{"embeddable":true,"href":"https:\/\/notomahawk.com\/index.php\/wp-json\/wp\/v2\/comments?post=12342"}],"version-history":[{"count":14,"href":"https:\/\/notomahawk.com\/index.php\/wp-json\/wp\/v2\/product\/12342\/revisions"}],"predecessor-version":[{"id":13813,"href":"https:\/\/notomahawk.com\/index.php\/wp-json\/wp\/v2\/product\/12342\/revisions\/13813"}],"wp:featuredmedia":[{"embeddable":true,"href":"https:\/\/notomahawk.com\/index.php\/wp-json\/wp\/v2\/media\/12413"}],"wp:attachment":[{"href":"https:\/\/notomahawk.com\/index.php\/wp-json\/wp\/v2\/media?parent=12342"}],"wp:term":[{"taxonomy":"product_brand","embeddable":true,"href":"https:\/\/notomahawk.com\/index.php\/wp-json\/wp\/v2\/product_brand?post=12342"},{"taxonomy":"product_cat","embeddable":true,"href":"https:\/\/notomahawk.com\/index.php\/wp-json\/wp\/v2\/product_cat?post=12342"},{"taxonomy":"product_tag","embeddable":true,"href":"https:\/\/notomahawk.com\/index.php\/wp-json\/wp\/v2\/product_tag?post=12342"}],"curies":[{"name":"wp","href":"https:\/\/api.w.org\/{rel}","templated":true}]}}