{"id":12322,"date":"2024-09-14T14:44:18","date_gmt":"2024-09-14T13:44:18","guid":{"rendered":"https:\/\/notomahawk.com\/?post_type=product&#038;p=12322"},"modified":"2026-02-01T11:48:04","modified_gmt":"2026-02-01T10:48:04","slug":"mag-dore-paillete","status":"publish","type":"product","link":"https:\/\/notomahawk.com\/index.php\/product\/mag-dore-paillete\/","title":{"rendered":"Mag &#8211; collection paillet\u00e9e"},"content":{"rendered":"<p>Boucles d&rsquo;oreilles \u00ab\u00a0Mag\u00a0\u00bb &#8211; collection paillet\u00e9e.<\/p>\n<p>Fleurs en acrylique et cr\u00e9oles en laiton dor\u00e9 \u00e0 l&rsquo;or fin.<\/p>\n<p>Propos\u00e9es pour oreilles perc\u00e9es ou non perc\u00e9es (syst\u00e8me de cr\u00e9oles clips).<\/p>\n<p>D\u00e9clin\u00e9es en 12 coloris paillet\u00e9s: dor\u00e9, gris argent\u00e9, bronze, bois de rose, rose, orange, rouge, bleu turquoise, bleu roi, vert sauge, vert printanier et noir.<\/p>\n<p>Tr\u00e8s l\u00e9g\u00e8res; parfaites pour des enfants, adolescentes et adultes.<\/p>\n<p>2,7cm\/2g<\/p>\n","protected":false},"excerpt":{"rendered":"<p>Boucles d&rsquo;oreilles \u00ab\u00a0Mag\u00a0\u00bb &#8211; collection paillet\u00e9e. Fleurs en acrylique et cr\u00e9oles en laiton dor\u00e9 \u00e0 l&rsquo;or fin. Propos\u00e9es pour oreilles perc\u00e9es ou non perc\u00e9es (syst\u00e8me de cr\u00e9oles clips). D\u00e9clin\u00e9es en 12 coloris paillet\u00e9s: dor\u00e9, gris argent\u00e9, bronze, bois de rose, rose, orange, rouge, bleu turquoise, bleu roi, vert sauge, vert printanier et noir. Tr\u00e8s l\u00e9g\u00e8res; [&hellip;]<\/p>\n","protected":false},"featured_media":13338,"comment_status":"open","ping_status":"closed","template":"","meta":{"om_disable_all_campaigns":false,"_monsterinsights_skip_tracking":false,"_monsterinsights_sitenote_active":false,"_monsterinsights_sitenote_note":"","_monsterinsights_sitenote_category":0,"site-sidebar-layout":"default","site-content-layout":"","ast-site-content-layout":"default","site-content-style":"default","site-sidebar-style":"default","ast-global-header-display":"","ast-banner-title-visibility":"","ast-main-header-display":"","ast-hfb-above-header-display":"","ast-hfb-below-header-display":"","ast-hfb-mobile-header-display":"","site-post-title":"","ast-breadcrumbs-content":"","ast-featured-img":"","footer-sml-layout":"","theme-transparent-header-meta":"default","adv-header-id-meta":"","stick-header-meta":"","header-above-stick-meta":"","header-main-stick-meta":"","header-below-stick-meta":"","astra-migrate-meta-layouts":"set","ast-page-background-enabled":"default","ast-page-background-meta":{"desktop":{"background-color":"","background-image":"","background-repeat":"repeat","background-position":"center center","background-size":"auto","background-attachment":"scroll","background-type":"","background-media":"","overlay-type":"","overlay-color":"","overlay-opacity":"","overlay-gradient":""},"tablet":{"background-color":"","background-image":"","background-repeat":"repeat","background-position":"center center","background-size":"auto","background-attachment":"scroll","background-type":"","background-media":"","overlay-type":"","overlay-color":"","overlay-opacity":"","overlay-gradient":""},"mobile":{"background-color":"","background-image":"","background-repeat":"repeat","background-position":"center center","background-size":"auto","background-attachment":"scroll","background-type":"","background-media":"","overlay-type":"","overlay-color":"","overlay-opacity":"","overlay-gradient":""}},"ast-content-background-meta":{"desktop":{"background-color":"var(--ast-global-color-5)","background-image":"","background-repeat":"repeat","background-position":"center center","background-size":"auto","background-attachment":"scroll","background-type":"","background-media":"","overlay-type":"","overlay-color":"","overlay-opacity":"","overlay-gradient":""},"tablet":{"background-color":"var(--ast-global-color-5)","background-image":"","background-repeat":"repeat","background-position":"center center","background-size":"auto","background-attachment":"scroll","background-type":"","background-media":"","overlay-type":"","overlay-color":"","overlay-opacity":"","overlay-gradient":""},"mobile":{"background-color":"var(--ast-global-color-5)","background-image":"","background-repeat":"repeat","background-position":"center center","background-size":"auto","background-attachment":"scroll","background-type":"","background-media":"","overlay-type":"","overlay-color":"","overlay-opacity":"","overlay-gradient":""}}},"product_brand":[],"product_cat":[70],"product_tag":[199,102,101,146,197,204,342,210,383,169,425,178,147,92,690,185,112,93,401,113],"class_list":{"0":"post-12322","1":"product","2":"type-product","3":"status-publish","4":"has-post-thumbnail","6":"product_cat-boucles","7":"product_tag-acrylique","8":"product_tag-bijoux","9":"product_tag-bo","10":"product_tag-boucles","11":"product_tag-boucles-doreilles-vintage","12":"product_tag-creoles","13":"product_tag-dore","14":"product_tag-elegance","15":"product_tag-fleurs","16":"product_tag-laiton","17":"product_tag-mini","18":"product_tag-mode","19":"product_tag-or","20":"product_tag-oreilles","21":"product_tag-paillettes","22":"product_tag-percees","23":"product_tag-perles","24":"product_tag-plaque","25":"product_tag-tendance","26":"product_tag-vintage","27":"pa_couleur-bleu-roi-paillete","28":"pa_couleur-bleu-turquoise-paillete","29":"pa_couleur-bois-de-rose-paillete","30":"pa_couleur-bronze-paillete","31":"pa_couleur-dore-paillete","32":"pa_couleur-gris-argente-paillete","33":"pa_couleur-noir-paillete","34":"pa_couleur-orange-paillete","35":"pa_couleur-rose-paillete","36":"pa_couleur-rouge-paillete","37":"pa_couleur-vert-printanier-paillete","38":"pa_couleur-vert-sauge-paillete","39":"desktop-align-center","40":"tablet-align-left","41":"mobile-align-left","43":"first","44":"instock","45":"shipping-taxable","46":"purchasable","47":"product-type-variable","48":"has-default-attributes"},"jetpack-related-posts":[],"jetpack_sharing_enabled":true,"_links":{"self":[{"href":"https:\/\/notomahawk.com\/index.php\/wp-json\/wp\/v2\/product\/12322","targetHints":{"allow":["GET"]}}],"collection":[{"href":"https:\/\/notomahawk.com\/index.php\/wp-json\/wp\/v2\/product"}],"about":[{"href":"https:\/\/notomahawk.com\/index.php\/wp-json\/wp\/v2\/types\/product"}],"replies":[{"embeddable":true,"href":"https:\/\/notomahawk.com\/index.php\/wp-json\/wp\/v2\/comments?post=12322"}],"version-history":[{"count":6,"href":"https:\/\/notomahawk.com\/index.php\/wp-json\/wp\/v2\/product\/12322\/revisions"}],"predecessor-version":[{"id":13457,"href":"https:\/\/notomahawk.com\/index.php\/wp-json\/wp\/v2\/product\/12322\/revisions\/13457"}],"wp:featuredmedia":[{"embeddable":true,"href":"https:\/\/notomahawk.com\/index.php\/wp-json\/wp\/v2\/media\/13338"}],"wp:attachment":[{"href":"https:\/\/notomahawk.com\/index.php\/wp-json\/wp\/v2\/media?parent=12322"}],"wp:term":[{"taxonomy":"product_brand","embeddable":true,"href":"https:\/\/notomahawk.com\/index.php\/wp-json\/wp\/v2\/product_brand?post=12322"},{"taxonomy":"product_cat","embeddable":true,"href":"https:\/\/notomahawk.com\/index.php\/wp-json\/wp\/v2\/product_cat?post=12322"},{"taxonomy":"product_tag","embeddable":true,"href":"https:\/\/notomahawk.com\/index.php\/wp-json\/wp\/v2\/product_tag?post=12322"}],"curies":[{"name":"wp","href":"https:\/\/api.w.org\/{rel}","templated":true}]}}