{"id":12099,"date":"2024-06-16T16:40:01","date_gmt":"2024-06-16T15:40:01","guid":{"rendered":"https:\/\/notomahawk.com\/?post_type=product&#038;p=12099"},"modified":"2025-03-06T18:54:31","modified_gmt":"2025-03-06T17:54:31","slug":"valentine-2","status":"publish","type":"product","link":"https:\/\/notomahawk.com\/index.php\/product\/valentine-2\/","title":{"rendered":"Valentine"},"content":{"rendered":"<p>Boucles d&rsquo;oreilles \u00ab\u00a0Valentine\u00a0\u00bb.<\/p>\n<p>Pendentifs c\u0153urs en r\u00e9sine et demi-cr\u00e9oles en zamac dor\u00e9 \u00e0 l&rsquo;or fin avec tiges non plaqu\u00e9es pour \u00e9viter les allergies.<\/p>\n<p>D\u00e9clin\u00e9es en 14 coloris: cr\u00e8me marbr\u00e9, beige marbr\u00e9 marron, p\u00eache marbr\u00e9, bois de rose marbr\u00e9, rose vif marbr\u00e9, sorbet fraise, rouge iris\u00e9 (paillet\u00e9), bleu vintage marbr\u00e9, bleu roi marbr\u00e9, bleu marine marbr\u00e9, vert d&rsquo;eau marbr\u00e9, vert marbr\u00e9, vert kaki marbr\u00e9 et jaune marbr\u00e9.<\/p>\n<p>Pour oreilles perc\u00e9es seulement.<\/p>\n<p>4,5cm\/4g<\/p>\n","protected":false},"excerpt":{"rendered":"<p>Boucles d&rsquo;oreilles \u00ab\u00a0Valentine\u00a0\u00bb. Pendentifs c\u0153urs en r\u00e9sine et demi-cr\u00e9oles en zamac dor\u00e9 \u00e0 l&rsquo;or fin avec tiges non plaqu\u00e9es pour \u00e9viter les allergies. D\u00e9clin\u00e9es en 14 coloris: cr\u00e8me marbr\u00e9, beige marbr\u00e9 marron, p\u00eache marbr\u00e9, bois de rose marbr\u00e9, rose vif marbr\u00e9, sorbet fraise, rouge iris\u00e9 (paillet\u00e9), bleu vintage marbr\u00e9, bleu roi marbr\u00e9, bleu marine marbr\u00e9, [&hellip;]<\/p>\n","protected":false},"featured_media":12024,"comment_status":"open","ping_status":"closed","template":"","meta":{"om_disable_all_campaigns":false,"_monsterinsights_skip_tracking":false,"_monsterinsights_sitenote_active":false,"_monsterinsights_sitenote_note":"","_monsterinsights_sitenote_category":0,"site-sidebar-layout":"default","site-content-layout":"default","ast-site-content-layout":"default","site-content-style":"default","site-sidebar-style":"default","ast-global-header-display":"","ast-banner-title-visibility":"","ast-main-header-display":"","ast-hfb-above-header-display":"","ast-hfb-below-header-display":"","ast-hfb-mobile-header-display":"","site-post-title":"","ast-breadcrumbs-content":"","ast-featured-img":"","footer-sml-layout":"","theme-transparent-header-meta":"default","adv-header-id-meta":"","stick-header-meta":"","header-above-stick-meta":"","header-main-stick-meta":"","header-below-stick-meta":"","astra-migrate-meta-layouts":"set","ast-page-background-enabled":"default","ast-page-background-meta":{"desktop":{"background-color":"","background-image":"","background-repeat":"repeat","background-position":"center center","background-size":"auto","background-attachment":"scroll","background-type":"","background-media":"","overlay-type":"","overlay-color":"","overlay-opacity":"","overlay-gradient":""},"tablet":{"background-color":"","background-image":"","background-repeat":"repeat","background-position":"center center","background-size":"auto","background-attachment":"scroll","background-type":"","background-media":"","overlay-type":"","overlay-color":"","overlay-opacity":"","overlay-gradient":""},"mobile":{"background-color":"","background-image":"","background-repeat":"repeat","background-position":"center center","background-size":"auto","background-attachment":"scroll","background-type":"","background-media":"","overlay-type":"","overlay-color":"","overlay-opacity":"","overlay-gradient":""}},"ast-content-background-meta":{"desktop":{"background-color":"var(--ast-global-color-5)","background-image":"","background-repeat":"repeat","background-position":"center center","background-size":"auto","background-attachment":"scroll","background-type":"","background-media":"","overlay-type":"","overlay-color":"","overlay-opacity":"","overlay-gradient":""},"tablet":{"background-color":"var(--ast-global-color-5)","background-image":"","background-repeat":"repeat","background-position":"center center","background-size":"auto","background-attachment":"scroll","background-type":"","background-media":"","overlay-type":"","overlay-color":"","overlay-opacity":"","overlay-gradient":""},"mobile":{"background-color":"var(--ast-global-color-5)","background-image":"","background-repeat":"repeat","background-position":"center center","background-size":"auto","background-attachment":"scroll","background-type":"","background-media":"","overlay-type":"","overlay-color":"","overlay-opacity":"","overlay-gradient":""}}},"product_brand":[],"product_cat":[70],"product_tag":[102,101,146,197,411,412,204,178,92,185,93,151,401,113],"class_list":{"0":"post-12099","1":"product","2":"type-product","3":"status-publish","4":"has-post-thumbnail","6":"product_cat-boucles","7":"product_tag-bijoux","8":"product_tag-bo","9":"product_tag-boucles","10":"product_tag-boucles-doreilles-vintage","11":"product_tag-coeur","12":"product_tag-coeurs","13":"product_tag-creoles","14":"product_tag-mode","15":"product_tag-oreilles","16":"product_tag-percees","17":"product_tag-plaque","18":"product_tag-resine","19":"product_tag-tendance","20":"product_tag-vintage","21":"pa_couleur-marinemarbre","22":"pa_couleur-bleuroimarbre","23":"pa_couleur-vert-marbre","24":"pa_couleur-beige-marbre-marron","25":"pa_couleur-bleu-vintage-marbre","26":"pa_couleur-bois-de-rose-marbre","27":"pa_couleur-creme-marbre","28":"pa_couleur-jaune-marbre","29":"pa_couleur-peche-marbre","30":"pa_couleur-rose-vif-marbre","31":"pa_couleur-rouge-irise","32":"pa_couleur-sorbet-fraise","33":"pa_couleur-vert-deau-marbre","34":"pa_couleur-vert-kaki-marbre","35":"desktop-align-center","36":"tablet-align-left","37":"mobile-align-left","39":"first","40":"instock","41":"shipping-taxable","42":"purchasable","43":"product-type-variable","44":"has-default-attributes"},"jetpack-related-posts":[],"jetpack_sharing_enabled":true,"_links":{"self":[{"href":"https:\/\/notomahawk.com\/index.php\/wp-json\/wp\/v2\/product\/12099","targetHints":{"allow":["GET"]}}],"collection":[{"href":"https:\/\/notomahawk.com\/index.php\/wp-json\/wp\/v2\/product"}],"about":[{"href":"https:\/\/notomahawk.com\/index.php\/wp-json\/wp\/v2\/types\/product"}],"replies":[{"embeddable":true,"href":"https:\/\/notomahawk.com\/index.php\/wp-json\/wp\/v2\/comments?post=12099"}],"version-history":[{"count":1,"href":"https:\/\/notomahawk.com\/index.php\/wp-json\/wp\/v2\/product\/12099\/revisions"}],"predecessor-version":[{"id":12114,"href":"https:\/\/notomahawk.com\/index.php\/wp-json\/wp\/v2\/product\/12099\/revisions\/12114"}],"wp:featuredmedia":[{"embeddable":true,"href":"https:\/\/notomahawk.com\/index.php\/wp-json\/wp\/v2\/media\/12024"}],"wp:attachment":[{"href":"https:\/\/notomahawk.com\/index.php\/wp-json\/wp\/v2\/media?parent=12099"}],"wp:term":[{"taxonomy":"product_brand","embeddable":true,"href":"https:\/\/notomahawk.com\/index.php\/wp-json\/wp\/v2\/product_brand?post=12099"},{"taxonomy":"product_cat","embeddable":true,"href":"https:\/\/notomahawk.com\/index.php\/wp-json\/wp\/v2\/product_cat?post=12099"},{"taxonomy":"product_tag","embeddable":true,"href":"https:\/\/notomahawk.com\/index.php\/wp-json\/wp\/v2\/product_tag?post=12099"}],"curies":[{"name":"wp","href":"https:\/\/api.w.org\/{rel}","templated":true}]}}