{"id":11923,"date":"2024-06-13T19:44:59","date_gmt":"2024-06-13T18:44:59","guid":{"rendered":"https:\/\/notomahawk.com\/?post_type=product&#038;p=11923"},"modified":"2025-03-02T18:48:09","modified_gmt":"2025-03-02T17:48:09","slug":"aquarelle-nouveaux-coloris","status":"publish","type":"product","link":"https:\/\/notomahawk.com\/index.php\/product\/aquarelle-nouveaux-coloris\/","title":{"rendered":"Aquarelle &#8211; nouveaux coloris"},"content":{"rendered":"<p>Boucles d&rsquo;oreilles \u00ab\u00a0Aquarelle\u00a0\u00bb, propos\u00e9es en deux nouveaux coloris: rose p\u00eache marbr\u00e9 et rouge coquelicot marbr\u00e9, qui viennent s&rsquo;ajouter aux 19 coloris d\u00e9j\u00e0 propos\u00e9s dans cette gamme.<\/p>\n<p>Perles p\u00e9tales en r\u00e9sine et cr\u00e9oles en laiton dor\u00e9 \u00e0 l&rsquo;or fin.<\/p>\n<p>Propos\u00e9es pour oreilles perc\u00e9es ou non perc\u00e9es (cr\u00e9oles \u00ab\u00a0clips\u00a0\u00bb).<\/p>\n<p>5cm\/3g.<\/p>\n","protected":false},"excerpt":{"rendered":"<p>Boucles d&rsquo;oreilles \u00ab\u00a0Aquarelle\u00a0\u00bb, propos\u00e9es en deux nouveaux coloris: rose p\u00eache marbr\u00e9 et rouge coquelicot marbr\u00e9, qui viennent s&rsquo;ajouter aux 19 coloris d\u00e9j\u00e0 propos\u00e9s dans cette gamme. Perles p\u00e9tales en r\u00e9sine et cr\u00e9oles en laiton dor\u00e9 \u00e0 l&rsquo;or fin. Propos\u00e9es pour oreilles perc\u00e9es ou non perc\u00e9es (cr\u00e9oles \u00ab\u00a0clips\u00a0\u00bb). 5cm\/3g.<\/p>\n","protected":false},"featured_media":11840,"comment_status":"open","ping_status":"closed","template":"","meta":{"om_disable_all_campaigns":false,"_monsterinsights_skip_tracking":false,"_monsterinsights_sitenote_active":false,"_monsterinsights_sitenote_note":"","_monsterinsights_sitenote_category":0,"site-sidebar-layout":"default","site-content-layout":"default","ast-site-content-layout":"default","site-content-style":"default","site-sidebar-style":"default","ast-global-header-display":"","ast-banner-title-visibility":"","ast-main-header-display":"","ast-hfb-above-header-display":"","ast-hfb-below-header-display":"","ast-hfb-mobile-header-display":"","site-post-title":"","ast-breadcrumbs-content":"","ast-featured-img":"","footer-sml-layout":"","theme-transparent-header-meta":"default","adv-header-id-meta":"","stick-header-meta":"","header-above-stick-meta":"","header-main-stick-meta":"","header-below-stick-meta":"","astra-migrate-meta-layouts":"set","ast-page-background-enabled":"default","ast-page-background-meta":{"desktop":{"background-color":"","background-image":"","background-repeat":"repeat","background-position":"center center","background-size":"auto","background-attachment":"scroll","background-type":"","background-media":"","overlay-type":"","overlay-color":"","overlay-opacity":"","overlay-gradient":""},"tablet":{"background-color":"","background-image":"","background-repeat":"repeat","background-position":"center center","background-size":"auto","background-attachment":"scroll","background-type":"","background-media":"","overlay-type":"","overlay-color":"","overlay-opacity":"","overlay-gradient":""},"mobile":{"background-color":"","background-image":"","background-repeat":"repeat","background-position":"center center","background-size":"auto","background-attachment":"scroll","background-type":"","background-media":"","overlay-type":"","overlay-color":"","overlay-opacity":"","overlay-gradient":""}},"ast-content-background-meta":{"desktop":{"background-color":"var(--ast-global-color-5)","background-image":"","background-repeat":"repeat","background-position":"center center","background-size":"auto","background-attachment":"scroll","background-type":"","background-media":"","overlay-type":"","overlay-color":"","overlay-opacity":"","overlay-gradient":""},"tablet":{"background-color":"var(--ast-global-color-5)","background-image":"","background-repeat":"repeat","background-position":"center center","background-size":"auto","background-attachment":"scroll","background-type":"","background-media":"","overlay-type":"","overlay-color":"","overlay-opacity":"","overlay-gradient":""},"mobile":{"background-color":"var(--ast-global-color-5)","background-image":"","background-repeat":"repeat","background-position":"center center","background-size":"auto","background-attachment":"scroll","background-type":"","background-media":"","overlay-type":"","overlay-color":"","overlay-opacity":"","overlay-gradient":""}}},"product_brand":[],"product_cat":[70],"product_tag":[199,102,101,146,263,204,383,169,425,178,147,384,93,151],"class_list":{"0":"post-11923","1":"product","2":"type-product","3":"status-publish","4":"has-post-thumbnail","6":"product_cat-boucles","7":"product_tag-acrylique","8":"product_tag-bijoux","9":"product_tag-bo","10":"product_tag-boucles","11":"product_tag-clips","12":"product_tag-creoles","13":"product_tag-fleurs","14":"product_tag-laiton","15":"product_tag-mini","16":"product_tag-mode","17":"product_tag-or","18":"product_tag-petales","19":"product_tag-plaque","20":"product_tag-resine","21":"pa_couleur-rose-peche-marbre","22":"pa_couleur-rouge-coquelicot-marbre","23":"desktop-align-center","24":"tablet-align-left","25":"mobile-align-left","27":"first","28":"instock","29":"shipping-taxable","30":"purchasable","31":"product-type-variable","32":"has-default-attributes"},"jetpack-related-posts":[],"jetpack_sharing_enabled":true,"_links":{"self":[{"href":"https:\/\/notomahawk.com\/index.php\/wp-json\/wp\/v2\/product\/11923","targetHints":{"allow":["GET"]}}],"collection":[{"href":"https:\/\/notomahawk.com\/index.php\/wp-json\/wp\/v2\/product"}],"about":[{"href":"https:\/\/notomahawk.com\/index.php\/wp-json\/wp\/v2\/types\/product"}],"replies":[{"embeddable":true,"href":"https:\/\/notomahawk.com\/index.php\/wp-json\/wp\/v2\/comments?post=11923"}],"version-history":[{"count":1,"href":"https:\/\/notomahawk.com\/index.php\/wp-json\/wp\/v2\/product\/11923\/revisions"}],"predecessor-version":[{"id":11966,"href":"https:\/\/notomahawk.com\/index.php\/wp-json\/wp\/v2\/product\/11923\/revisions\/11966"}],"wp:featuredmedia":[{"embeddable":true,"href":"https:\/\/notomahawk.com\/index.php\/wp-json\/wp\/v2\/media\/11840"}],"wp:attachment":[{"href":"https:\/\/notomahawk.com\/index.php\/wp-json\/wp\/v2\/media?parent=11923"}],"wp:term":[{"taxonomy":"product_brand","embeddable":true,"href":"https:\/\/notomahawk.com\/index.php\/wp-json\/wp\/v2\/product_brand?post=11923"},{"taxonomy":"product_cat","embeddable":true,"href":"https:\/\/notomahawk.com\/index.php\/wp-json\/wp\/v2\/product_cat?post=11923"},{"taxonomy":"product_tag","embeddable":true,"href":"https:\/\/notomahawk.com\/index.php\/wp-json\/wp\/v2\/product_tag?post=11923"}],"curies":[{"name":"wp","href":"https:\/\/api.w.org\/{rel}","templated":true}]}}