{"id":11901,"date":"2024-06-13T19:30:17","date_gmt":"2024-06-13T18:30:17","guid":{"rendered":"https:\/\/notomahawk.com\/?post_type=product&#038;p=11901"},"modified":"2025-07-13T09:24:41","modified_gmt":"2025-07-13T08:24:41","slug":"flore","status":"publish","type":"product","link":"https:\/\/notomahawk.com\/index.php\/product\/flore\/","title":{"rendered":"Flore"},"content":{"rendered":"<p>Boucles d&rsquo;oreilles \u00ab\u00a0Flore\u00a0\u00bb.<\/p>\n<p>Perles fleurs et cabochons en r\u00e9sine; appr\u00eats en acier inoxydable hypoallerg\u00e9nique.<\/p>\n<p>D\u00e9clin\u00e9es en 10 coloris.<\/p>\n<p>Mod\u00e8le propos\u00e9 \u00e0 clous pour oreilles perc\u00e9es ou \u00e0 clips pour oreilles non perc\u00e9es : choisir l&rsquo;option sur le menu d\u00e9roulant.<\/p>\n<p>5cm\/3,5g.<\/p>\n","protected":false},"excerpt":{"rendered":"<p>Boucles d&rsquo;oreilles \u00ab\u00a0Flore\u00a0\u00bb. Perles fleurs et cabochons en r\u00e9sine; appr\u00eats en acier inoxydable hypoallerg\u00e9nique. D\u00e9clin\u00e9es en 10 coloris. Mod\u00e8le propos\u00e9 \u00e0 clous pour oreilles perc\u00e9es ou \u00e0 clips pour oreilles non perc\u00e9es : choisir l&rsquo;option sur le menu d\u00e9roulant. 5cm\/3,5g.<\/p>\n","protected":false},"featured_media":12168,"comment_status":"open","ping_status":"closed","template":"","meta":{"om_disable_all_campaigns":false,"_monsterinsights_skip_tracking":false,"_monsterinsights_sitenote_active":false,"_monsterinsights_sitenote_note":"","_monsterinsights_sitenote_category":0,"site-sidebar-layout":"default","site-content-layout":"default","ast-site-content-layout":"default","site-content-style":"default","site-sidebar-style":"default","ast-global-header-display":"","ast-banner-title-visibility":"","ast-main-header-display":"","ast-hfb-above-header-display":"","ast-hfb-below-header-display":"","ast-hfb-mobile-header-display":"","site-post-title":"","ast-breadcrumbs-content":"","ast-featured-img":"","footer-sml-layout":"","theme-transparent-header-meta":"default","adv-header-id-meta":"","stick-header-meta":"","header-above-stick-meta":"","header-main-stick-meta":"","header-below-stick-meta":"","astra-migrate-meta-layouts":"set","ast-page-background-enabled":"default","ast-page-background-meta":{"desktop":{"background-color":"","background-image":"","background-repeat":"repeat","background-position":"center center","background-size":"auto","background-attachment":"scroll","background-type":"","background-media":"","overlay-type":"","overlay-color":"","overlay-opacity":"","overlay-gradient":""},"tablet":{"background-color":"","background-image":"","background-repeat":"repeat","background-position":"center center","background-size":"auto","background-attachment":"scroll","background-type":"","background-media":"","overlay-type":"","overlay-color":"","overlay-opacity":"","overlay-gradient":""},"mobile":{"background-color":"","background-image":"","background-repeat":"repeat","background-position":"center center","background-size":"auto","background-attachment":"scroll","background-type":"","background-media":"","overlay-type":"","overlay-color":"","overlay-opacity":"","overlay-gradient":""}},"ast-content-background-meta":{"desktop":{"background-color":"var(--ast-global-color-5)","background-image":"","background-repeat":"repeat","background-position":"center center","background-size":"auto","background-attachment":"scroll","background-type":"","background-media":"","overlay-type":"","overlay-color":"","overlay-opacity":"","overlay-gradient":""},"tablet":{"background-color":"var(--ast-global-color-5)","background-image":"","background-repeat":"repeat","background-position":"center center","background-size":"auto","background-attachment":"scroll","background-type":"","background-media":"","overlay-type":"","overlay-color":"","overlay-opacity":"","overlay-gradient":""},"mobile":{"background-color":"var(--ast-global-color-5)","background-image":"","background-repeat":"repeat","background-position":"center center","background-size":"auto","background-attachment":"scroll","background-type":"","background-media":"","overlay-type":"","overlay-color":"","overlay-opacity":"","overlay-gradient":""}}},"product_brand":[],"product_cat":[70],"product_tag":[216,102,101,146,383,266,92,112,151,113],"class_list":{"0":"post-11901","1":"product","2":"type-product","3":"status-publish","4":"has-post-thumbnail","6":"product_cat-boucles","7":"product_tag-acier","8":"product_tag-bijoux","9":"product_tag-bo","10":"product_tag-boucles","11":"product_tag-fleurs","12":"product_tag-inoxydable","13":"product_tag-oreilles","14":"product_tag-perles","15":"product_tag-resine","16":"product_tag-vintage","17":"pa_couleur-abricot","18":"pa_couleur-ambre","19":"pa_couleur-bleu-ciel","20":"pa_couleur-bleu-denim","21":"pa_couleur-bois-de-rose","22":"pa_couleur-ecru","23":"pa_couleur-jaune-pale","24":"pa_couleur-rose-pale","25":"pa_couleur-rose-vif","26":"pa_couleur-jade","27":"desktop-align-center","28":"tablet-align-left","29":"mobile-align-left","31":"first","32":"instock","33":"shipping-taxable","34":"purchasable","35":"product-type-variable","36":"has-default-attributes"},"jetpack-related-posts":[],"jetpack_sharing_enabled":true,"_links":{"self":[{"href":"https:\/\/notomahawk.com\/index.php\/wp-json\/wp\/v2\/product\/11901","targetHints":{"allow":["GET"]}}],"collection":[{"href":"https:\/\/notomahawk.com\/index.php\/wp-json\/wp\/v2\/product"}],"about":[{"href":"https:\/\/notomahawk.com\/index.php\/wp-json\/wp\/v2\/types\/product"}],"replies":[{"embeddable":true,"href":"https:\/\/notomahawk.com\/index.php\/wp-json\/wp\/v2\/comments?post=11901"}],"version-history":[{"count":4,"href":"https:\/\/notomahawk.com\/index.php\/wp-json\/wp\/v2\/product\/11901\/revisions"}],"predecessor-version":[{"id":12221,"href":"https:\/\/notomahawk.com\/index.php\/wp-json\/wp\/v2\/product\/11901\/revisions\/12221"}],"wp:featuredmedia":[{"embeddable":true,"href":"https:\/\/notomahawk.com\/index.php\/wp-json\/wp\/v2\/media\/12168"}],"wp:attachment":[{"href":"https:\/\/notomahawk.com\/index.php\/wp-json\/wp\/v2\/media?parent=11901"}],"wp:term":[{"taxonomy":"product_brand","embeddable":true,"href":"https:\/\/notomahawk.com\/index.php\/wp-json\/wp\/v2\/product_brand?post=11901"},{"taxonomy":"product_cat","embeddable":true,"href":"https:\/\/notomahawk.com\/index.php\/wp-json\/wp\/v2\/product_cat?post=11901"},{"taxonomy":"product_tag","embeddable":true,"href":"https:\/\/notomahawk.com\/index.php\/wp-json\/wp\/v2\/product_tag?post=11901"}],"curies":[{"name":"wp","href":"https:\/\/api.w.org\/{rel}","templated":true}]}}