{"id":10757,"date":"2024-03-17T11:17:54","date_gmt":"2024-03-17T10:17:54","guid":{"rendered":"https:\/\/notomahawk.com\/?post_type=product&#038;p=10757"},"modified":"2025-11-28T17:31:42","modified_gmt":"2025-11-28T16:31:42","slug":"tomahawk-m-ambre","status":"publish","type":"product","link":"https:\/\/notomahawk.com\/index.php\/product\/tomahawk-m-ambre\/","title":{"rendered":"Tomahawk M &#8211; ambre"},"content":{"rendered":"<p>Boucles d&rsquo;oreilles Tomahawk &#8211; coloris ambre<\/p>\n<p>Pendentifs et cabochons en r\u00e9sine, clous d&rsquo;oreilles en acier inoxydable hypoallerg\u00e9nique.<\/p>\n<p>Propos\u00e9es \u00e0 clous pour oreilles perc\u00e9es ou \u00e0 clips pour oreilles non perc\u00e9es.<\/p>\n<p>5cm\/5,5g<\/p>\n","protected":false},"excerpt":{"rendered":"<p>Boucles d&rsquo;oreilles Tomahawk &#8211; coloris ambre Pendentifs et cabochons en r\u00e9sine, clous d&rsquo;oreilles en acier inoxydable hypoallerg\u00e9nique. Propos\u00e9es \u00e0 clous pour oreilles perc\u00e9es ou \u00e0 clips pour oreilles non perc\u00e9es. 5cm\/5,5g<\/p>\n","protected":false},"featured_media":10738,"comment_status":"open","ping_status":"closed","template":"","meta":{"om_disable_all_campaigns":false,"_monsterinsights_skip_tracking":false,"_monsterinsights_sitenote_active":false,"_monsterinsights_sitenote_note":"","_monsterinsights_sitenote_category":0,"site-sidebar-layout":"default","site-content-layout":"","ast-site-content-layout":"default","site-content-style":"default","site-sidebar-style":"default","ast-global-header-display":"","ast-banner-title-visibility":"","ast-main-header-display":"","ast-hfb-above-header-display":"","ast-hfb-below-header-display":"","ast-hfb-mobile-header-display":"","site-post-title":"","ast-breadcrumbs-content":"","ast-featured-img":"","footer-sml-layout":"","theme-transparent-header-meta":"default","adv-header-id-meta":"","stick-header-meta":"","header-above-stick-meta":"","header-main-stick-meta":"","header-below-stick-meta":"","astra-migrate-meta-layouts":"set","ast-page-background-enabled":"default","ast-page-background-meta":{"desktop":{"background-color":"","background-image":"","background-repeat":"repeat","background-position":"center center","background-size":"auto","background-attachment":"scroll","background-type":"","background-media":"","overlay-type":"","overlay-color":"","overlay-opacity":"","overlay-gradient":""},"tablet":{"background-color":"","background-image":"","background-repeat":"repeat","background-position":"center center","background-size":"auto","background-attachment":"scroll","background-type":"","background-media":"","overlay-type":"","overlay-color":"","overlay-opacity":"","overlay-gradient":""},"mobile":{"background-color":"","background-image":"","background-repeat":"repeat","background-position":"center center","background-size":"auto","background-attachment":"scroll","background-type":"","background-media":"","overlay-type":"","overlay-color":"","overlay-opacity":"","overlay-gradient":""}},"ast-content-background-meta":{"desktop":{"background-color":"var(--ast-global-color-5)","background-image":"","background-repeat":"repeat","background-position":"center center","background-size":"auto","background-attachment":"scroll","background-type":"","background-media":"","overlay-type":"","overlay-color":"","overlay-opacity":"","overlay-gradient":""},"tablet":{"background-color":"var(--ast-global-color-5)","background-image":"","background-repeat":"repeat","background-position":"center center","background-size":"auto","background-attachment":"scroll","background-type":"","background-media":"","overlay-type":"","overlay-color":"","overlay-opacity":"","overlay-gradient":""},"mobile":{"background-color":"var(--ast-global-color-5)","background-image":"","background-repeat":"repeat","background-position":"center center","background-size":"auto","background-attachment":"scroll","background-type":"","background-media":"","overlay-type":"","overlay-color":"","overlay-opacity":"","overlay-gradient":""}}},"product_brand":[],"product_cat":[70],"product_tag":[216,102,101,146,197,217,263,210,266,178,92,185,151,401,113],"class_list":{"0":"post-10757","1":"product","2":"type-product","3":"status-publish","4":"has-post-thumbnail","6":"product_cat-boucles","7":"product_tag-acier","8":"product_tag-bijoux","9":"product_tag-bo","10":"product_tag-boucles","11":"product_tag-boucles-doreilles-vintage","12":"product_tag-chirurgical","13":"product_tag-clips","14":"product_tag-elegance","15":"product_tag-inoxydable","16":"product_tag-mode","17":"product_tag-oreilles","18":"product_tag-percees","19":"product_tag-resine","20":"product_tag-tendance","21":"product_tag-vintage","22":"desktop-align-center","23":"tablet-align-left","24":"mobile-align-left","26":"first","27":"instock","28":"shipping-taxable","29":"purchasable","30":"product-type-variable","31":"has-default-attributes"},"jetpack-related-posts":[],"jetpack_sharing_enabled":true,"_links":{"self":[{"href":"https:\/\/notomahawk.com\/index.php\/wp-json\/wp\/v2\/product\/10757","targetHints":{"allow":["GET"]}}],"collection":[{"href":"https:\/\/notomahawk.com\/index.php\/wp-json\/wp\/v2\/product"}],"about":[{"href":"https:\/\/notomahawk.com\/index.php\/wp-json\/wp\/v2\/types\/product"}],"replies":[{"embeddable":true,"href":"https:\/\/notomahawk.com\/index.php\/wp-json\/wp\/v2\/comments?post=10757"}],"version-history":[{"count":1,"href":"https:\/\/notomahawk.com\/index.php\/wp-json\/wp\/v2\/product\/10757\/revisions"}],"predecessor-version":[{"id":10760,"href":"https:\/\/notomahawk.com\/index.php\/wp-json\/wp\/v2\/product\/10757\/revisions\/10760"}],"wp:featuredmedia":[{"embeddable":true,"href":"https:\/\/notomahawk.com\/index.php\/wp-json\/wp\/v2\/media\/10738"}],"wp:attachment":[{"href":"https:\/\/notomahawk.com\/index.php\/wp-json\/wp\/v2\/media?parent=10757"}],"wp:term":[{"taxonomy":"product_brand","embeddable":true,"href":"https:\/\/notomahawk.com\/index.php\/wp-json\/wp\/v2\/product_brand?post=10757"},{"taxonomy":"product_cat","embeddable":true,"href":"https:\/\/notomahawk.com\/index.php\/wp-json\/wp\/v2\/product_cat?post=10757"},{"taxonomy":"product_tag","embeddable":true,"href":"https:\/\/notomahawk.com\/index.php\/wp-json\/wp\/v2\/product_tag?post=10757"}],"curies":[{"name":"wp","href":"https:\/\/api.w.org\/{rel}","templated":true}]}}