{"id":10711,"date":"2024-03-15T09:27:19","date_gmt":"2024-03-15T08:27:19","guid":{"rendered":"https:\/\/notomahawk.com\/?post_type=product&#038;p=10711"},"modified":"2024-12-05T14:39:42","modified_gmt":"2024-12-05T13:39:42","slug":"millie-l","status":"publish","type":"product","link":"https:\/\/notomahawk.com\/index.php\/product\/millie-l\/","title":{"rendered":"Millie L"},"content":{"rendered":"<p>Boucles d&rsquo;oreilles \u00ab\u00a0Millie L\u00a0\u00bb avec des coeurs grand format. D\u00e9clin\u00e9es en 7 coloris: \u00e9cru tachet\u00e9 translucide, rose ballerine tachet\u00e9, rose fuchsia tachet\u00e9, rouge tachet\u00e9, ambre tachet\u00e9, bleu fonc\u00e9 tachet\u00e9 et vert for\u00eat tachet\u00e9.<\/p>\n<p>Cr\u00e9oles en laiton dor\u00e9 \u00e0 l&rsquo;or fin et pendentifs c\u0153urs en r\u00e9sine.<\/p>\n<p>Propos\u00e9es pour oreilles perc\u00e9es ou non perc\u00e9es (syst\u00e8me de cr\u00e9oles \u00ab\u00a0clips\u00a0\u00bb en acier inoxydable).<\/p>\n<p>3,8cm\/3g.<\/p>\n","protected":false},"excerpt":{"rendered":"<p>Boucles d&rsquo;oreilles \u00ab\u00a0Millie L\u00a0\u00bb avec des coeurs grand format. D\u00e9clin\u00e9es en 7 coloris: \u00e9cru tachet\u00e9 translucide, rose ballerine tachet\u00e9, rose fuchsia tachet\u00e9, rouge tachet\u00e9, ambre tachet\u00e9, bleu fonc\u00e9 tachet\u00e9 et vert for\u00eat tachet\u00e9. Cr\u00e9oles en laiton dor\u00e9 \u00e0 l&rsquo;or fin et pendentifs c\u0153urs en r\u00e9sine. Propos\u00e9es pour oreilles perc\u00e9es ou non perc\u00e9es (syst\u00e8me de cr\u00e9oles [&hellip;]<\/p>\n","protected":false},"featured_media":10593,"comment_status":"open","ping_status":"closed","template":"","meta":{"om_disable_all_campaigns":false,"_monsterinsights_skip_tracking":false,"_monsterinsights_sitenote_active":false,"_monsterinsights_sitenote_note":"","_monsterinsights_sitenote_category":0,"site-sidebar-layout":"default","site-content-layout":"","ast-site-content-layout":"default","site-content-style":"default","site-sidebar-style":"default","ast-global-header-display":"","ast-banner-title-visibility":"","ast-main-header-display":"","ast-hfb-above-header-display":"","ast-hfb-below-header-display":"","ast-hfb-mobile-header-display":"","site-post-title":"","ast-breadcrumbs-content":"","ast-featured-img":"","footer-sml-layout":"","theme-transparent-header-meta":"default","adv-header-id-meta":"","stick-header-meta":"","header-above-stick-meta":"","header-main-stick-meta":"","header-below-stick-meta":"","astra-migrate-meta-layouts":"set","ast-page-background-enabled":"default","ast-page-background-meta":{"desktop":{"background-color":"","background-image":"","background-repeat":"repeat","background-position":"center center","background-size":"auto","background-attachment":"scroll","background-type":"","background-media":"","overlay-type":"","overlay-color":"","overlay-opacity":"","overlay-gradient":""},"tablet":{"background-color":"","background-image":"","background-repeat":"repeat","background-position":"center center","background-size":"auto","background-attachment":"scroll","background-type":"","background-media":"","overlay-type":"","overlay-color":"","overlay-opacity":"","overlay-gradient":""},"mobile":{"background-color":"","background-image":"","background-repeat":"repeat","background-position":"center center","background-size":"auto","background-attachment":"scroll","background-type":"","background-media":"","overlay-type":"","overlay-color":"","overlay-opacity":"","overlay-gradient":""}},"ast-content-background-meta":{"desktop":{"background-color":"var(--ast-global-color-5)","background-image":"","background-repeat":"repeat","background-position":"center center","background-size":"auto","background-attachment":"scroll","background-type":"","background-media":"","overlay-type":"","overlay-color":"","overlay-opacity":"","overlay-gradient":""},"tablet":{"background-color":"var(--ast-global-color-5)","background-image":"","background-repeat":"repeat","background-position":"center center","background-size":"auto","background-attachment":"scroll","background-type":"","background-media":"","overlay-type":"","overlay-color":"","overlay-opacity":"","overlay-gradient":""},"mobile":{"background-color":"var(--ast-global-color-5)","background-image":"","background-repeat":"repeat","background-position":"center center","background-size":"auto","background-attachment":"scroll","background-type":"","background-media":"","overlay-type":"","overlay-color":"","overlay-opacity":"","overlay-gradient":""}}},"product_brand":[],"product_cat":[70],"product_tag":[216,102,101,146,197,411,412,204,266,169,147,93,151,401],"class_list":{"0":"post-10711","1":"product","2":"type-product","3":"status-publish","4":"has-post-thumbnail","6":"product_cat-boucles","7":"product_tag-acier","8":"product_tag-bijoux","9":"product_tag-bo","10":"product_tag-boucles","11":"product_tag-boucles-doreilles-vintage","12":"product_tag-coeur","13":"product_tag-coeurs","14":"product_tag-creoles","15":"product_tag-inoxydable","16":"product_tag-laiton","17":"product_tag-or","18":"product_tag-plaque","19":"product_tag-resine","20":"product_tag-tendance","21":"pa_couleur-ambre-tachete","22":"pa_couleur-bleu-fonce-tachete","23":"pa_couleur-ecru-tachete-translucide","24":"pa_couleur-rose-ballerine-tachete","25":"pa_couleur-rose-fuchsia-tachete","26":"pa_couleur-rouge-tachete","27":"pa_couleur-vert-tachete","28":"desktop-align-center","29":"tablet-align-left","30":"mobile-align-left","32":"first","33":"instock","34":"shipping-taxable","35":"purchasable","36":"product-type-variable","37":"has-default-attributes"},"jetpack-related-posts":[],"jetpack_sharing_enabled":true,"_links":{"self":[{"href":"https:\/\/notomahawk.com\/index.php\/wp-json\/wp\/v2\/product\/10711","targetHints":{"allow":["GET"]}}],"collection":[{"href":"https:\/\/notomahawk.com\/index.php\/wp-json\/wp\/v2\/product"}],"about":[{"href":"https:\/\/notomahawk.com\/index.php\/wp-json\/wp\/v2\/types\/product"}],"replies":[{"embeddable":true,"href":"https:\/\/notomahawk.com\/index.php\/wp-json\/wp\/v2\/comments?post=10711"}],"version-history":[{"count":1,"href":"https:\/\/notomahawk.com\/index.php\/wp-json\/wp\/v2\/product\/10711\/revisions"}],"predecessor-version":[{"id":10730,"href":"https:\/\/notomahawk.com\/index.php\/wp-json\/wp\/v2\/product\/10711\/revisions\/10730"}],"wp:featuredmedia":[{"embeddable":true,"href":"https:\/\/notomahawk.com\/index.php\/wp-json\/wp\/v2\/media\/10593"}],"wp:attachment":[{"href":"https:\/\/notomahawk.com\/index.php\/wp-json\/wp\/v2\/media?parent=10711"}],"wp:term":[{"taxonomy":"product_brand","embeddable":true,"href":"https:\/\/notomahawk.com\/index.php\/wp-json\/wp\/v2\/product_brand?post=10711"},{"taxonomy":"product_cat","embeddable":true,"href":"https:\/\/notomahawk.com\/index.php\/wp-json\/wp\/v2\/product_cat?post=10711"},{"taxonomy":"product_tag","embeddable":true,"href":"https:\/\/notomahawk.com\/index.php\/wp-json\/wp\/v2\/product_tag?post=10711"}],"curies":[{"name":"wp","href":"https:\/\/api.w.org\/{rel}","templated":true}]}}