{"id":3150,"date":"2022-02-17T23:15:17","date_gmt":"2022-02-17T22:15:17","guid":{"rendered":"https:\/\/notomahawk.com\/?page_id=3150"},"modified":"2022-09-12T15:48:40","modified_gmt":"2022-09-12T14:48:40","slug":"politique-de-confidentialite","status":"publish","type":"page","link":"https:\/\/notomahawk.com\/index.php\/politique-de-confidentialite\/","title":{"rendered":"Politique de confidentialit\u00e9"},"content":{"rendered":"<h2 class=\"wp-block-heading\" id=\"qui-sommes-nous\">Qui sommes-nous&nbsp;?<\/h2><p>L&rsquo;entreprise No Tomahawk propose \u00e0 la vente des accessoires fantaisies sur son site Internet&nbsp;<a href=\"https:\/\/www.sezane.com\/\">https:\/\/notomahawk.com<\/a><\/p><p>Afin de proposer \u00e0 la livraison ses produits, No Tomahawk collecte des donn\u00e9es \u00e0 caract\u00e8re personnel des clients de son site Internet lors de leur inscription ou de la commande, dans le cas o\u00f9 le client ait pass\u00e9 une commande sans enregistrement de compte. Dans le cas o\u00f9 le client ne souhaite pas communiquer ces donn\u00e9es, l&rsquo;entreprise ne pourra pas accomplir ses prestations. Le client est donc inform\u00e9 que certaines donn\u00e9es doivent \u00eatre collect\u00e9es par No Tomahawk afin de pouvoir r\u00e9aliser ses prestations.<\/p><p>La pr\u00e9sente politique de confidentialit\u00e9 a pour objet d\u2019informer les utilisateurs des moyens mis en \u0153uvre pour collecter, consulter, traiter et conserver les donn\u00e9es personnelles. Celle-ci peut \u00eatre modifi\u00e9e \u00e0 tout moment par No Tomahawk, afin notamment de se conformer \u00e0 toutes \u00e9volutions r\u00e9glementaires, jurisprudentielles, \u00e9ditoriales ou techniques. L&rsquo;utilisateur doit se r\u00e9f\u00e9rer avant toute navigation \u00e0 la derni\u00e8re version de la Politique.<\/p><p>No Tomahawk, en qualit\u00e9 de responsable de traitement, s\u2019engage \u00e0 respecter les dispositions du r\u00e8glement (UE) n\u00b02016\/679 du 27 avril 2016 relatif \u00e0 la protection des donn\u00e9es \u00e0 caract\u00e8re personnel.<\/p><h2 class=\"wp-block-heading\" id=\"commentaires\">Commentaires<\/h2><p>Quand vous laissez un commentaire sur notre site, les donn\u00e9es inscrites dans le formulaire de commentaire, mais aussi celles de votre compte utilisateur, sont collect\u00e9es pour nous aider \u00e0 la d\u00e9tection des commentaires ind\u00e9sirables.<\/p><h2 class=\"wp-block-heading\" id=\"responsable-de-traitement\">Responsable de traitement<\/h2><p>Le responsable de traitement, qui collecte les donn\u00e9es \u00e0 caract\u00e8re personnel et mets en \u0153uvre les traitements de donn\u00e9e est l&rsquo;entreprise No Tomahawk.<\/p><p>Le d\u00e9l\u00e9gu\u00e9 \u00e0 la protection des donn\u00e9es ou responsable des donn\u00e9es personnelles de No Tomahawk veille au respect de la r\u00e9glementation et des r\u00e8gles en vigueur, et doit notamment \u00e9tablir un registre des activit\u00e9s des traitements de donn\u00e9es \u00e0 caract\u00e8re personnel. L\u2019utilisateur peut contacter le d\u00e9l\u00e9gu\u00e9 \u00e0 la protection des donn\u00e9es ou responsable des donn\u00e9es personnelles<\/p><h2 class=\"wp-block-heading\" id=\"collecte-des-donnees-personnelles\">Collecte des donn\u00e9es personnelles<\/h2><p>No Tomahawk est amen\u00e9e \u00e0 collecter les donn\u00e9es personnelles des utilisateurs sur son site Internet notomahawk.com<\/p><p>Les donn\u00e9es personnelles susceptibles d\u2019\u00eatre collect\u00e9es sont les suivantes\u00a0:<br>\u00a0 &#8211;\u00a0<strong>donn\u00e9es du compte de l\u2019utilisateur<\/strong>\u00a0: \u00e0 savoir les donn\u00e9es que l&rsquo;Utilisateur renseigne lors de la cr\u00e9ation d&rsquo;un compte en remplissant le formulaire d&rsquo;inscription (pr\u00e9nom, nom, adresses postales de facturation et de livraison, adresse email, num\u00e9ro de t\u00e9l\u00e9phone mobile, mot de passe pour la connexion au compte client) ;<br>  &#8211;\u00a0<strong>donn\u00e9es sur les transactions<\/strong>\u00a0: d\u00e9signent les donn\u00e9es que l&rsquo;utilisateur renseigne lorsqu&rsquo;il effectue des achats : informations relatives aux commandes r\u00e9alis\u00e9es et retours\u00a0 telles que son num\u00e9ro de t\u00e9l\u00e9phone, son adresse, son adresse \u00e9lectronique et les renseignements relatifs \u00e0 son moyen de paiement\u00a0;<br>\u00a0 &#8211;\u00a0<strong>\u00e9changes<\/strong>\u00a0r\u00e9alis\u00e9es dans le cadre d&rsquo;une r\u00e9clamation ou d&rsquo;un retour\u00a0;<\/p><p>Les donn\u00e9es relatives aux moyens de payement (num\u00e9ro de carte bancaire, date d\u2019expiration, num\u00e9ro d\u2019autorisation, code de s\u00e9curit\u00e9) sont collect\u00e9es directement par nos prestataires Paypal et Banque Postale.<\/p><p>Les fournisseurs tiers d\u2019applications, outils, gadgets et plug-ins sur notre site internet, ainsi que les r\u00e9seaux sur lesquels nous publions des contenus \u00e9ditoriaux et promotionnels (Instagram) peuvent aussi utiliser des moyens automatis\u00e9s, li\u00e9s aux centres d\u2019int\u00e9r\u00eat et au contexte, pour collecter des donn\u00e9es des utilisateurs (interactions avec des fonctions et profilage de l\u2019activit\u00e9 en ligne). Ces donn\u00e9es sont collect\u00e9es directement par ces prestataires et\/ou tierces parties et sont soumises \u00e0 leur politique. Dans la mesure permise par la loi applicable, No Tomahawk n\u2019est pas responsable des pratiques de ces prestataires et parties tierces.<\/p><p>Certains services peuvent \u00eatre alt\u00e9r\u00e9s ou inaccessibles en l\u2019absence de consentement \u00e0 la collecte des donn\u00e9es mentionn\u00e9es dans la pr\u00e9sente Politique de Confidentialit\u00e9.<\/p><h2 class=\"wp-block-heading\" id=\"utilisation-et-transmission-de-vos-donnees-personnelles\">Utilisation et transmission de vos donn\u00e9es personnelles<\/h2><p>Si vous demandez une r\u00e9initialisation de votre mot de passe, votre adresse IP sera incluse dans l\u2019e-mail de r\u00e9initialisation.<\/p><p>Les Donn\u00e9es recueillies dans le cadre de l&rsquo;utilisation du site font l&rsquo;objet d&rsquo;un traitement dans le but de r\u00e9pondre aux finalit\u00e9s d\u00e9crites dans le tableau ci-dessous.<\/p><p>La r\u00e8glementation en vigueur prot\u00e8ge la vie priv\u00e9e des utilisateurs et impose \u00e0 tout responsable de traitement de pouvoir justifier d\u2019un fondement l\u00e9gitime au dit traitement. La r\u00e8glementation pr\u00e9voit ainsi parmi les bases l\u00e9gales de traitement&nbsp;:<br>&nbsp; &#8211;&nbsp;l\u2019ex\u00e9cution d\u2019un contrat auquel la personne concern\u00e9e est partie, tel qu\u2019un contrat de vente. Ainsi certaines donn\u00e9es personnelles du client sont n\u00e9cessaires pour livrer le bien, g\u00e9rer le compte client et r\u00e9aliser des retours&nbsp;;<br>&nbsp; &#8211; le respect d\u2019une obligation l\u00e9gale, notamment comptable par la conservation de factures&nbsp;;<br>&nbsp; &#8211;&nbsp;le consentement pr\u00e9alable de la personne concern\u00e9e&nbsp;;<br>&nbsp; &#8211;&nbsp;l\u2019int\u00e9r\u00eat l\u00e9gitime du responsable de traitement, dans le respect des droits et libert\u00e9s des utilisateurs. Ainsi, l\u2019am\u00e9lioration de l\u2019exp\u00e9rience client ou la pr\u00e9vention de la fraude peuvent justifier une collecte de donn\u00e9es.<\/p><p>L\u2019utilisateur a la facult\u00e9 de modifier ses donn\u00e9es personnelles et de retirer son consentement \u00e0 tout moment en se connectant sur son compte client.<\/p><figure class=\"wp-block-table\"><table><tbody><tr><th><strong>Fina\u00adli\u00adt\u00e9s du trai\u00adte\u00adment<\/strong><\/th><th><strong>Utili\u00adsa\u00adtion des donn\u00e9es<\/strong><\/th><th><strong>Bases l\u00e9gales du trai\u00adte\u00adment<\/strong><\/th><\/tr><tr><td>Gestion des commandes et des ventes de produits et four\u00adni\u00adture de services\u202f; gestion des r\u00e9cla\u00adma\u00adtions, des r\u00e9trac\u00adta\u00adtions et des retours produits<\/td><td>Utili\u00adsa\u00adtion des donn\u00e9es pour four\u00adnir des produits et services (du panier d\u2019achat et des commandes\u202f; vente, retour et rembour\u00adse\u00adment des produits ache\u00adt\u00e9s)<\/td><td>L\u2019ex\u00e9\u00adcu\u00adtion d\u2019un contrat conclu entre le client et le profes\u00adsion\u00adnel<\/td><\/tr><tr><td>R\u00e9ali\u00adsa\u00adtion des tran\u00adsac\u00adtions, notam\u00adment de paie\u00adment<\/td><td>Nos pres\u00adta\u00adtaires de paye\u00adment (Banque Postale et Paypal) utilisent les infor\u00adma\u00adtions rela\u00adtives aux moyens de paie\u00adment lors de r\u00e9ali\u00adsa\u00adtion du paie\u00adment de chaque commande. Ces donn\u00e9es peuvent \u00e9gale\u00adment \u00eatre utili\u00ads\u00e9es pour la pr\u00e9ven\u00adtion de la fraude lors du paie\u00adment de la commande et\/ou gestion des impay\u00e9s apr\u00e8s commande<\/td><td>L\u2019ex\u00e9\u00adcu\u00adtion d\u2019un contrat conclu entre le client et le profes\u00adsion\u00adnel<\/td><\/tr><tr><td>Cr\u00e9a\u00adtion et gestion du compte client<\/td><td>Les donn\u00e9es person\u00adnelles d\u2019un client enre\u00adgis\u00adtr\u00e9 sur le site inter\u00adnet sont utili\u00ads\u00e9es (adresse mail, mot de passe)<\/td><td>\u2013 L\u2019ex\u00e9\u00adcu\u00adtion d\u2019un contrat conclu entre le client et le profes\u00adsion\u00adnel<br>&#8211; Le respect d\u2019une obli\u00adga\u00adtion l\u00e9gale<\/td><\/tr><tr><td>Livrai\u00adsons des produits comman\u00add\u00e9s<\/td><td>Les donn\u00e9es person\u00adnelles (coor\u00addon\u00adn\u00e9es postales, adresse email) sont utili\u00ads\u00e9es pour assu\u00adrer les livrai\u00adsons<\/td><td>L\u2019ex\u00e9\u00adcu\u00adtion d\u2019un contrat conclu entre le client et le profes\u00adsion\u00adnel<\/td><\/tr><tr><td>SAV&nbsp;: \u00e9changes avec le service client<\/td><td>Les donn\u00e9es person\u00adnelles sont utili\u00ads\u00e9es pour inter\u00adagir avec les clients. A ce titre, les \u00e9changes entre le service client et le client r\u00e9ali\u00ads\u00e9s par t\u00e9l\u00e9\u00adphone ou tchat peuvent \u00eatre enre\u00adgis\u00adtr\u00e9s afin d\u2019am\u00e9\u00adlio\u00adrer la qualit\u00e9 de service. Le client peut s\u2019y oppo\u00adser \u00e0 tout moment<\/td><td>L\u2019ex\u00e9\u00adcu\u00adtion d\u2019un contrat conclu entre le client et le profes\u00adsion\u00adnel<\/td><\/tr><tr><td>Parti\u00adci\u00adpa\u00adtion \u00e0 des \u00e9v\u00e9ne\u00adments sp\u00e9ciaux (tels que concours, jeux, tirages au sort, offres) et parti\u00adci\u00adpa\u00adtion au programme de fid\u00e9\u00adlit\u00e9 \u00e0 l\u2019ex\u00adclu\u00adsion des jeux d\u2019ar\u00adgent et de hasard en ligne soumis \u00e0 l\u2019agr\u00e9\u00adment de l\u2019Au\u00adto\u00adrit\u00e9 de R\u00e9gu\u00adla\u00adtion des Jeux en Ligne<\/td><td>Les donn\u00e9es person\u00adnelles sont utili\u00ads\u00e9es, dont les infor\u00adma\u00adtions d\u2019achat, pour admi\u00adnis\u00adtrer la parti\u00adci\u00adpa\u00adtion \u00e0 diff\u00e9\u00adrentes \u00e9v\u00e9ne\u00adments sp\u00e9ciaux, ainsi qu\u2019au programme de fid\u00e9\u00adlit\u00e9.<\/td><td>\u2013 L\u2019ex\u00e9\u00adcu\u00adtion d\u2019un contrat conclu entre le client et le profes\u00adsion\u00adnel (r\u00e8gle\u00adment de jeu)<br>&#8211; L\u2019in\u00adt\u00e9\u00adr\u00eat l\u00e9gi\u00adtime du respon\u00adsable de trai\u00adte\u00adment afin de propo\u00adser des offres privi\u00adl\u00e9\u00adgi\u00e9es.<\/td><\/tr><\/tbody><\/table><\/figure><h2 class=\"wp-block-heading\" id=\"les-droits-que-vous-avez-sur-vos-donnees\">Les droits que vous avez sur vos donn\u00e9es<\/h2><p>Si vous avez un compte, effectuer une commande ou si vous avez laiss\u00e9 des commentaires sur le site, vous pouvez demander \u00e0 recevoir un fichier contenant toutes les donn\u00e9es personnelles que nous poss\u00e9dons \u00e0 votre sujet, incluant celles que vous nous avez fournies. Vous pouvez \u00e9galement demander la suppression des donn\u00e9es personnelles vous concernant. Cela ne prend pas en compte les donn\u00e9es stock\u00e9es \u00e0 des fins administratives, l\u00e9gales ou pour des raisons de s\u00e9curit\u00e9.<\/p><p>L\u2019utilisateur peut exercer l\u2019ensemble de ces droits en se connectant dans son espace client, en contactant le service client \u00e0&nbsp;notomahawk@gmail.com, en remplissant le formulaire de contact ou par courrier simple \u00e0 No Tomahawk \u2013 185 rue des Volubilis \u2013 83190 Ollioules, France.<\/p><p>Enfin, si No Tomahawk d\u00e9tecte une violation de donn\u00e9es \u00e0 caract\u00e8re personnel susceptible d\u2019engendrer un risque \u00e9lev\u00e9 pour les droits et libert\u00e9s de ses utilisateurs, elle s\u2019engage \u00e0 informer les utilisateurs concern\u00e9s dans les meilleurs d\u00e9lais.<\/p><p>En cas de non r\u00e9ponse ou de r\u00e9ponse non satisfaisante, l\u2019utilisateur pourra saisir l\u2019autorit\u00e9 de contr\u00f4le de son pays de r\u00e9sidence, pour la France, la CNIL :&nbsp;<a href=\"https:\/\/www.cnil.fr\/\">https:\/\/www.cnil.fr\/<\/a><\/p><h2 class=\"wp-block-heading\" id=\"transmission-de-vos-donnees-personnelles\">Transmission de vos donn\u00e9es personnelles<\/h2><p><meta charset=\"utf-8\">No Tomahawk s&rsquo;engage \u00e0 ne pas partager sciemment vos donn\u00e9es personnelles, \u00e0 des fins commerciales, \u00e0 des tiers.<\/p><h2 class=\"wp-block-heading\" id=\"duree-de-conservation-des-donnees-personnelles\">Dur\u00e9e de conservation des donn\u00e9es personnelles<\/h2><p>Les donn\u00e9es des utilisateurs ne seront pas conserv\u00e9es au-del\u00e0 de la dur\u00e9e strictement n\u00e9cessaire aux finalit\u00e9s poursuivies telles qu&rsquo;\u00e9nonc\u00e9es aux pr\u00e9sentes et ce conform\u00e9ment \u00e0 la r\u00e8glementation et aux lois applicables. A cet \u00e9gard, les donn\u00e9es utilis\u00e9es aux fins de prospection peuvent \u00eatre conserv\u00e9es pendant une dur\u00e9e maximale de 3 ans \u00e0 compter de la fermeture du compte de l\u2019utilisateur ou du dernier contact du prospect concern\u00e9. Les donn\u00e9es de l&rsquo;utilisateur sont effac\u00e9es lorsque les dur\u00e9es de conservations expirent. N\u00e9anmoins, les donn\u00e9es pourront \u00eatre archiv\u00e9es au-del\u00e0 des dur\u00e9es pr\u00e9vues pour les besoins de la recherche, la constatation, et de la poursuite des infractions p\u00e9nales dans le seul but de permettre, en tant que besoins, la mise \u00e0 disposition de ces donn\u00e9es \u00e0 l&rsquo;autorit\u00e9 judiciaire.<\/p><h2 class=\"wp-block-heading\" id=\"mesure-de-securite-des-donnees-personnelles\">Mesure de s\u00e9curit\u00e9 des donn\u00e9es personnelles<\/h2><p>En qualit\u00e9 de responsable de traitement, Nous nous engageons \u00e0 prendre toutes les pr\u00e9cautions utiles afin de pr\u00e9server la s\u00e9curit\u00e9 et la confidentialit\u00e9 des donn\u00e9es et notamment, d\u2019emp\u00eacher qu\u2019elles ne soient alt\u00e9r\u00e9es, d\u00e9form\u00e9es ou que des tiers non autoris\u00e9s y aient acc\u00e8s.<\/p><h2 class=\"wp-block-heading\" id=\"cookies\">Cookies<\/h2><p>Si vous d\u00e9posez un commentaire sur notre site, il vous sera propos\u00e9 d\u2019enregistrer votre nom, adresse e-mail et site dans des cookies. C\u2019est uniquement pour votre confort afin de ne pas avoir \u00e0 saisir ces informations si vous d\u00e9posez un autre commentaire plus tard. Ces cookies expirent au bout d\u2019un an.<\/p><p>Si vous vous rendez sur la page de connexion, un cookie temporaire sera cr\u00e9\u00e9 afin de d\u00e9terminer si votre navigateur accepte les cookies. Il ne contient pas de donn\u00e9es personnelles et sera supprim\u00e9 automatiquement \u00e0 la fermeture de votre navigateur.<\/p><p>Lorsque vous vous connecterez, nous mettrons en place un certain nombre de cookies pour enregistrer vos informations de connexion et vos pr\u00e9f\u00e9rences d\u2019\u00e9cran. La dur\u00e9e de vie d\u2019un cookie de connexion est de deux jours, celle d\u2019un cookie d\u2019option d\u2019\u00e9cran est d\u2019un an. Si vous cochez \u00ab&nbsp;Se souvenir de moi&nbsp;\u00bb, votre cookie de connexion sera conserv\u00e9 pendant deux semaines. Si vous vous d\u00e9connectez de votre compte, le cookie de connexion sera effac\u00e9.<\/p><p>En modifiant ou en publiant une publication, un cookie suppl\u00e9mentaire sera enregistr\u00e9 dans votre navigateur. Ce cookie ne comprend aucune donn\u00e9e personnelle. Il indique simplement l\u2019ID de la publication que vous venez de modifier. Il expire au bout d\u2019un jour.<\/p>","protected":false},"excerpt":{"rendered":"<p>Qui sommes-nous&nbsp;? L&rsquo;entreprise No Tomahawk propose \u00e0 la vente des accessoires fantaisies sur son site Internet&nbsp;https:\/\/notomahawk.com Afin de proposer \u00e0 la livraison ses produits, No Tomahawk collecte des donn\u00e9es \u00e0 caract\u00e8re personnel des clients de son site Internet lors de leur inscription ou de la commande, dans le cas o\u00f9 le client ait pass\u00e9 une [&hellip;]<\/p>\n","protected":false},"author":1,"featured_media":0,"parent":0,"menu_order":0,"comment_status":"closed","ping_status":"closed","template":"","meta":{"om_disable_all_campaigns":false,"_monsterinsights_skip_tracking":false,"_monsterinsights_sitenote_active":false,"_monsterinsights_sitenote_note":"","_monsterinsights_sitenote_category":0,"site-sidebar-layout":"default","site-content-layout":"","ast-site-content-layout":"","site-content-style":"default","site-sidebar-style":"default","ast-global-header-display":"","ast-banner-title-visibility":"","ast-main-header-display":"","ast-hfb-above-header-display":"","ast-hfb-below-header-display":"","ast-hfb-mobile-header-display":"","site-post-title":"","ast-breadcrumbs-content":"","ast-featured-img":"","footer-sml-layout":"","theme-transparent-header-meta":"","adv-header-id-meta":"","stick-header-meta":"","header-above-stick-meta":"","header-main-stick-meta":"","header-below-stick-meta":"","astra-migrate-meta-layouts":"default","ast-page-background-enabled":"default","ast-page-background-meta":{"desktop":{"background-color":"","background-image":"","background-repeat":"repeat","background-position":"center center","background-size":"auto","background-attachment":"scroll","background-type":"","background-media":"","overlay-type":"","overlay-color":"","overlay-opacity":"","overlay-gradient":""},"tablet":{"background-color":"","background-image":"","background-repeat":"repeat","background-position":"center center","background-size":"auto","background-attachment":"scroll","background-type":"","background-media":"","overlay-type":"","overlay-color":"","overlay-opacity":"","overlay-gradient":""},"mobile":{"background-color":"","background-image":"","background-repeat":"repeat","background-position":"center center","background-size":"auto","background-attachment":"scroll","background-type":"","background-media":"","overlay-type":"","overlay-color":"","overlay-opacity":"","overlay-gradient":""}},"ast-content-background-meta":{"desktop":{"background-color":"var(--ast-global-color-5)","background-image":"","background-repeat":"repeat","background-position":"center center","background-size":"auto","background-attachment":"scroll","background-type":"","background-media":"","overlay-type":"","overlay-color":"","overlay-opacity":"","overlay-gradient":""},"tablet":{"background-color":"var(--ast-global-color-5)","background-image":"","background-repeat":"repeat","background-position":"center center","background-size":"auto","background-attachment":"scroll","background-type":"","background-media":"","overlay-type":"","overlay-color":"","overlay-opacity":"","overlay-gradient":""},"mobile":{"background-color":"var(--ast-global-color-5)","background-image":"","background-repeat":"repeat","background-position":"center center","background-size":"auto","background-attachment":"scroll","background-type":"","background-media":"","overlay-type":"","overlay-color":"","overlay-opacity":"","overlay-gradient":""}},"footnotes":""},"class_list":["post-3150","page","type-page","status-publish","hentry"],"jetpack-related-posts":[],"jetpack_sharing_enabled":true,"_links":{"self":[{"href":"https:\/\/notomahawk.com\/index.php\/wp-json\/wp\/v2\/pages\/3150","targetHints":{"allow":["GET"]}}],"collection":[{"href":"https:\/\/notomahawk.com\/index.php\/wp-json\/wp\/v2\/pages"}],"about":[{"href":"https:\/\/notomahawk.com\/index.php\/wp-json\/wp\/v2\/types\/page"}],"author":[{"embeddable":true,"href":"https:\/\/notomahawk.com\/index.php\/wp-json\/wp\/v2\/users\/1"}],"replies":[{"embeddable":true,"href":"https:\/\/notomahawk.com\/index.php\/wp-json\/wp\/v2\/comments?post=3150"}],"version-history":[{"count":17,"href":"https:\/\/notomahawk.com\/index.php\/wp-json\/wp\/v2\/pages\/3150\/revisions"}],"predecessor-version":[{"id":5192,"href":"https:\/\/notomahawk.com\/index.php\/wp-json\/wp\/v2\/pages\/3150\/revisions\/5192"}],"wp:attachment":[{"href":"https:\/\/notomahawk.com\/index.php\/wp-json\/wp\/v2\/media?parent=3150"}],"curies":[{"name":"wp","href":"https:\/\/api.w.org\/{rel}","templated":true}]}}